{"id":4319,"date":"2024-05-21T12:05:58","date_gmt":"2024-05-21T10:05:58","guid":{"rendered":"https:\/\/www.laminierfolien.de\/shop\/?post_type=product&#038;p=4319"},"modified":"2024-05-21T12:13:39","modified_gmt":"2024-05-21T10:13:39","slug":"krueger-lm-450","status":"publish","type":"product","link":"https:\/\/www.laminierfolien.de\/shop\/produkt\/krueger-lm-450\/","title":{"rendered":"Laminierger\u00e4t bis A2 \u2013 Kr\u00fcger LM 450"},"content":{"rendered":"<p>Der robuste DIN A2-Taschenlaminator f\u00fcr mittlere bis hohe Mengen an Laminaten.<\/p>\n<p>Dieser &#8222;Profi-Lamintor&#8220; \u00fcberzeugt nicht nur durch sein robustes Metallgeh\u00e4use (kein Plastik), sondern vor allem auch durch den breiten Laminierschacht, der ideal f\u00fcr das Laminieren von Gro\u00dfformaten wie Poster, Brosch\u00fcren, Pl\u00e4nen und Aush\u00e4ngen ist. Dieses professionelle Laminiersystem laminiert Formate bis DIN A2 und St\u00e4rken von 250 Mic (2 x 125). Mit diesem Laminiersystem er\u00f6ffnen Sie sich ein weites Anwendungsspektrum und garantieren durch die individuelle Temperaturregelung f\u00fcr saubere und edle Laminate.<\/p>\n<p>&#x2714; Laminierbreite bis max. 450 mm<br \/>\n&#x2714; Laminierst\u00e4rke bis 350 Mic (2 x 175)<br \/>\n&#x2714; 4 Walzen (2 beheizt)<br \/>\n&#x2714; R\u00fcckw\u00e4rtslauf<br \/>\n&#x2714; Temperaturregler<br \/>\n&#x2714; robustes Metallgeh\u00e4use<\/p>\n","protected":false},"excerpt":{"rendered":"<p>Format bis max. : DIN A2<br \/>\nFolienst\u00e4rke bis max.: 350 MIC (2 x 175)<br \/>\nEinsatzbereit nach: 5 Minuten<br \/>\nFolien \/ Std. max. : 110 Folien \/ DIN A4<\/p>\n","protected":false},"featured_media":4320,"comment_status":"closed","ping_status":"closed","template":"","meta":[],"product_brand":[],"product_cat":[315,237],"product_tag":[],"class_list":{"0":"post-4319","1":"product","2":"type-product","3":"status-publish","4":"has-post-thumbnail","6":"product_cat-krueger-nach-marken","7":"product_cat-din-a2-laminiergeraete","9":"first","10":"instock","11":"taxable","12":"shipping-taxable","13":"purchasable","14":"product-type-simple"},"acf":[],"tiered_pricing_type":"fixed","tiered_pricing_fixed_rules":[],"tiered_pricing_product_settings":{"layout":"default","base_unit_name":{"singular":null,"plural":null},"default_variation":null},"tiered_pricing_minimum_quantity":null,"tiered_pricing_roles_data":[],"tiered_pricing_percentage_rules":[],"_links":{"self":[{"href":"https:\/\/www.laminierfolien.de\/shop\/wp-json\/wp\/v2\/product\/4319","targetHints":{"allow":["GET"]}}],"collection":[{"href":"https:\/\/www.laminierfolien.de\/shop\/wp-json\/wp\/v2\/product"}],"about":[{"href":"https:\/\/www.laminierfolien.de\/shop\/wp-json\/wp\/v2\/types\/product"}],"replies":[{"embeddable":true,"href":"https:\/\/www.laminierfolien.de\/shop\/wp-json\/wp\/v2\/comments?post=4319"}],"wp:featuredmedia":[{"embeddable":true,"href":"https:\/\/www.laminierfolien.de\/shop\/wp-json\/wp\/v2\/media\/4320"}],"wp:attachment":[{"href":"https:\/\/www.laminierfolien.de\/shop\/wp-json\/wp\/v2\/media?parent=4319"}],"wp:term":[{"taxonomy":"product_brand","embeddable":true,"href":"https:\/\/www.laminierfolien.de\/shop\/wp-json\/wp\/v2\/product_brand?post=4319"},{"taxonomy":"product_cat","embeddable":true,"href":"https:\/\/www.laminierfolien.de\/shop\/wp-json\/wp\/v2\/product_cat?post=4319"},{"taxonomy":"product_tag","embeddable":true,"href":"https:\/\/www.laminierfolien.de\/shop\/wp-json\/wp\/v2\/product_tag?post=4319"}],"curies":[{"name":"wp","href":"https:\/\/api.w.org\/{rel}","templated":true}]}}