{"id":4190,"date":"2024-03-25T12:08:36","date_gmt":"2024-03-25T11:08:36","guid":{"rendered":"https:\/\/www.laminierfolien.de\/shop\/?post_type=product&#038;p=4190"},"modified":"2024-03-25T14:48:04","modified_gmt":"2024-03-25T13:48:04","slug":"laminiergeraet-bis-a4-gbc-fusion-3000l","status":"publish","type":"product","link":"https:\/\/www.laminierfolien.de\/shop\/produkt\/laminiergeraet-bis-a4-gbc-fusion-3000l\/","title":{"rendered":"Laminierger\u00e4t bis A4 &#8211; GBC Fusion 3000L"},"content":{"rendered":"<p><strong>Herausragender DIN A4 Laminator f\u00fcr den h\u00e4ufigen Gebrauch zu Hause und im B\u00fcro &#8211; f\u00fcr garantiert perfekte und schnelle Ergebnisse.<\/strong><\/p>\n<p>Der 3000L Laminator von GBC ist in 90 Sekunden aufgeheizt und verarbeitet auf Knopfdruck Folienst\u00e4rken bis 250 Mic (2 x 125 Mic) in nur 30 Sekunden. Sparen Sie Energie durch die eingebaute Abschaltautomatik. Dank eine Freigabetaste lassen sich Folienstaus ganz leicht beheben.<\/p>\n<p>&#x2714; 2 beheizte Rollen<br \/>\n&#x2714; Wahl der Foliendicke per Tastendruck<br \/>\n&#x2714; in 90 Sekunden aufgeheizt, laminiert das Ger\u00e4t ein A4-Dokument in ca. 30 Sekunden<br \/>\n&#x2714; automatischer Warnton bei Fehleinzug<br \/>\n&#x2714; zur Entnahme fehleingezogener Laminiertaschen einfach Freigabetaste dr\u00fccken<br \/>\n&#x2714; Auffangschale f\u00fcr perfekt glatte Laminate<br \/>\n&#x2714; Abschaltautomatik nach 30 Minuten Inaktivit\u00e4t &#8211; spart Energie<\/p>\n<p>&nbsp;<\/p>\n<p><strong>Technische Daten:<\/strong><\/p>\n<table>\n<tbody>\n<tr>\n<td>max. Folienst\u00e4rke<\/td>\n<td>250 Mic (2 x 125)<\/td>\n<\/tr>\n<tr>\n<td>max. Folienbreite<\/td>\n<td>DIN A4<\/td>\n<\/tr>\n<tr>\n<td>Heizrollen-System<\/td>\n<td>2<\/td>\n<\/tr>\n<tr>\n<td>Temperatureinstellung<\/td>\n<td>variabel &#8211; 3 Stufen<\/td>\n<\/tr>\n<tr>\n<td>Aufheizzeit<\/td>\n<td>90 Sekunden<\/td>\n<\/tr>\n<tr>\n<td>Arbeitsgeschwindigkeit<\/td>\n<td>500 mm \/ Min.<\/td>\n<\/tr>\n<tr>\n<td>Abmessungen (B x T x H)<\/td>\n<td>51,0 x 15,0 x 12,0 cm<\/td>\n<\/tr>\n<tr>\n<td>Gewicht<\/td>\n<td>1,82 kg<\/td>\n<\/tr>\n<tr>\n<td>Stromverbrauch<\/td>\n<td>850 W \/ 220 &#8211; 240 V<\/td>\n<\/tr>\n<tr>\n<td>Pr\u00fcfzeichen<\/td>\n<td>T\u00dcV Rheinland \/ GS-Zeichen<\/td>\n<\/tr>\n<tr>\n<td>Herstellergarantie<\/td>\n<td>2-Jahre<\/td>\n<\/tr>\n<tr>\n<td>Farbe<\/td>\n<td>schwarz<\/td>\n<\/tr>\n<\/tbody>\n<\/table>\n","protected":false},"excerpt":{"rendered":"<p>Herausragender DIN A4 Laminator f\u00fcr den h\u00e4ufigen Gebrauch zu Hause und im B\u00fcro &#8211; f\u00fcr garantiert perfekte und schnelle Ergebnisse. Der 3000L Laminator von GBC ist in 90 Sekunden aufgeheizt und verarbeitet auf Knopfdruck Folienst\u00e4rken bis 250 Mic (2 x 125 Mic) in nur 30 Sekunden. Sparen Sie Energie durch die eingebaute Abschaltautomatik. Dank eine [&hellip;]<\/p>\n","protected":false},"featured_media":4191,"comment_status":"closed","ping_status":"closed","template":"","meta":[],"product_brand":[],"product_cat":[317,239,313,223,240],"product_tag":[358,359,354],"class_list":{"0":"post-4190","1":"product","2":"type-product","3":"status-publish","4":"has-post-thumbnail","6":"product_cat-gbc-nach-marken","7":"product_cat-din-a4-laminiergeraete","8":"product_cat-gbc-din-a4-laminiergeraete","9":"product_cat-laminiergeraete","10":"product_cat-nach-marken","11":"product_tag-a4","12":"product_tag-gbc","13":"product_tag-laminiergeraet","15":"first","16":"instock","17":"taxable","18":"shipping-taxable","19":"purchasable","20":"product-type-simple"},"acf":[],"tiered_pricing_type":"fixed","tiered_pricing_fixed_rules":[],"tiered_pricing_product_settings":{"layout":"default","base_unit_name":{"singular":null,"plural":null},"default_variation":null},"tiered_pricing_minimum_quantity":null,"tiered_pricing_roles_data":[],"tiered_pricing_percentage_rules":[],"_links":{"self":[{"href":"https:\/\/www.laminierfolien.de\/shop\/wp-json\/wp\/v2\/product\/4190","targetHints":{"allow":["GET"]}}],"collection":[{"href":"https:\/\/www.laminierfolien.de\/shop\/wp-json\/wp\/v2\/product"}],"about":[{"href":"https:\/\/www.laminierfolien.de\/shop\/wp-json\/wp\/v2\/types\/product"}],"replies":[{"embeddable":true,"href":"https:\/\/www.laminierfolien.de\/shop\/wp-json\/wp\/v2\/comments?post=4190"}],"wp:featuredmedia":[{"embeddable":true,"href":"https:\/\/www.laminierfolien.de\/shop\/wp-json\/wp\/v2\/media\/4191"}],"wp:attachment":[{"href":"https:\/\/www.laminierfolien.de\/shop\/wp-json\/wp\/v2\/media?parent=4190"}],"wp:term":[{"taxonomy":"product_brand","embeddable":true,"href":"https:\/\/www.laminierfolien.de\/shop\/wp-json\/wp\/v2\/product_brand?post=4190"},{"taxonomy":"product_cat","embeddable":true,"href":"https:\/\/www.laminierfolien.de\/shop\/wp-json\/wp\/v2\/product_cat?post=4190"},{"taxonomy":"product_tag","embeddable":true,"href":"https:\/\/www.laminierfolien.de\/shop\/wp-json\/wp\/v2\/product_tag?post=4190"}],"curies":[{"name":"wp","href":"https:\/\/api.w.org\/{rel}","templated":true}]}}