{"id":4122,"date":"2024-03-21T15:17:11","date_gmt":"2024-03-21T14:17:11","guid":{"rendered":"https:\/\/www.laminierfolien.de\/shop\/?post_type=product&#038;p=4122"},"modified":"2024-03-25T14:48:42","modified_gmt":"2024-03-25T13:48:42","slug":"laminiergeraet-bis-a4-krueger-220-200-folien-a4","status":"publish","type":"product","link":"https:\/\/www.laminierfolien.de\/shop\/produkt\/laminiergeraet-bis-a4-krueger-220-200-folien-a4\/","title":{"rendered":"Laminierger\u00e4t bis A4 &#8211; Kr\u00fcger 220 \/ 200 Folien A4"},"content":{"rendered":"<div class=\"product--description\">\n<p><strong>Unser &#8222;Tiger&#8220; ist ideal f\u00fcr den Einsatz im Home-Office oder B\u00fcro mit geringem bis mittelgro\u00dfem Laminieraufkommen.<\/strong><\/p>\n<p><span class=\"rchidesmall\">&#x2714;<\/span>\u00a0schnelle Aufheiz- und Durchlaufzeit<br \/>\n<span class=\"rchidesmall\">&#x2714;<\/span>\u00a0mit innovativer \u00d6ko-Technologie &#8211; senkt den Energieverbrauch<span class=\"rchidesmall\">\u00a0um mehr als 75 % gegen\u00fcber herk\u00f6mmlichen Laminierger\u00e4ten<br \/>\n&#x2714;\u00a0mit 2 Heizrollen-Technologie<br \/>\n&#x2714;\u00a0keine Wartezeit durch Anpassung der Temperatur beim Umschalten<br \/>\n&#x2714;\u00a0die PTC-Technologie reguliert die Energiezufuhr von 160 Mic (2 x 80) &#8211; 250 Mic (2 x 125) Laminiertaschen<\/span><br \/>\n<span class=\"rchidesmall\">&#x2714;<\/span>\u00a0ABS-Funktion zur manuellen Entnahme verklemmter Laminiertaschen<br \/>\n<span class=\"rchidesmall\">&#x2714;<\/span>\u00a0umweltfreundlich, keine Verwendung von Flammschutzmittel (z.B. Brom)<br \/>\n<span class=\"rchidesmall\">&#x2714;<\/span>\u00a0Backloader-Folienschub-Technologie erleichtert die Handhabung und verringert den Platzbedarf<br \/>\n<span class=\"rchidesmall\">&#x2714;<\/span>\u00a0benutzerfreundliche und sehr einfache Bedienung<\/p>\n<\/div>\n<p><strong>Dieses Set beinhaltet neben dem Laminierger\u00e4t Tiger ebenfalls folgende Folien:<br \/>\n<\/strong><\/p>\n<p>1 x\u00a0<span data-mce-mark=\"1\"><a title=\"Laminiertaschen DIN A4 - 250 Mic - klar\" href=\"https:\/\/www.laminierfolien.de\/shop\/produkt\/laminierfolien-din-a4-216-x-303-mm\/\">Laminiertaschen DIN A4 \/ 250 Mic (2 x 125) \/ klar<\/a><\/span>\u00a0(100 St\u00fcck)<br \/>\n1 x\u00a0<span data-mce-mark=\"1\"><a title=\"Laminiertaschen DIN A4 - 160 Mic - klar\" href=\"https:\/\/www.laminierfolien.de\/shop\/produkt\/laminierfolien-din-a4-216-x-303-mm\/\">Laminiertaschen DIN A4 \/ 160 Mic (2 x 80) \/ klar<\/a><\/span>\u00a0(100 St\u00fcck)<\/p>\n<p>&nbsp;<\/p>\n<p><strong>Technische Daten:<\/strong><\/p>\n<table>\n<tbody>\n<tr>\n<td>Ma\u00dfe (B x T x H)<\/td>\n<td>330 x 190 x 57 mm<\/td>\n<\/tr>\n<tr>\n<td>Gewicht<\/td>\n<td>0,83 kg<\/td>\n<\/tr>\n<tr>\n<td>Aufheizzeit<\/td>\n<td>1,5 &#8211; 2 Min.<\/td>\n<\/tr>\n<tr>\n<td>Laminierbreite<\/td>\n<td>240 mm (A4)<\/td>\n<\/tr>\n<tr>\n<td>Laminiergeschwindigkeit<\/td>\n<td>400 mm \/ Min.<\/td>\n<\/tr>\n<tr>\n<td>Folienst\u00e4rke<\/td>\n<td>60 &#8211; 125mic<\/td>\n<\/tr>\n<tr>\n<td>\u00a0Arbeitstemperatur<\/td>\n<td>0 &#8211; 110 <span class=\"_Tgc\">\u00b0<\/span>\u00a0C<\/td>\n<\/tr>\n<tr>\n<td>\u00a0Leistungsaufnahme<\/td>\n<td>60 Watt (600 Watt w\u00e4hrend der 1. Minute)<\/td>\n<\/tr>\n<\/tbody>\n<\/table>\n","protected":false},"excerpt":{"rendered":"<p>Unser &#8222;Tiger&#8220; ist ideal f\u00fcr den Einsatz im Home-Office oder B\u00fcro mit geringem bis mittelgro\u00dfem Laminieraufkommen. &#x2714;\u00a0schnelle Aufheiz- und Durchlaufzeit &#x2714;\u00a0mit innovativer \u00d6ko-Technologie &#8211; senkt den Energieverbrauch\u00a0um mehr als 75 % gegen\u00fcber herk\u00f6mmlichen Laminierger\u00e4ten &#x2714;\u00a0mit 2 Heizrollen-Technologie &#x2714;\u00a0keine Wartezeit durch Anpassung der Temperatur beim Umschalten &#x2714;\u00a0die PTC-Technologie reguliert die Energiezufuhr von 160 Mic (2 x [&hellip;]<\/p>\n","protected":false},"featured_media":4123,"comment_status":"closed","ping_status":"closed","template":"","meta":[],"product_brand":[],"product_cat":[315,239,319,223,240],"product_tag":[358,355,354],"class_list":{"0":"post-4122","1":"product","2":"type-product","3":"status-publish","4":"has-post-thumbnail","6":"product_cat-krueger-nach-marken","7":"product_cat-din-a4-laminiergeraete","8":"product_cat-krueger-din-a4-laminiergeraete","9":"product_cat-laminiergeraete","10":"product_cat-nach-marken","11":"product_tag-a4","12":"product_tag-krueger","13":"product_tag-laminiergeraet","15":"first","16":"instock","17":"taxable","18":"shipping-taxable","19":"purchasable","20":"product-type-simple"},"acf":[],"tiered_pricing_type":"fixed","tiered_pricing_fixed_rules":[],"tiered_pricing_product_settings":{"layout":"default","base_unit_name":{"singular":null,"plural":null},"default_variation":null},"tiered_pricing_minimum_quantity":null,"tiered_pricing_roles_data":[],"tiered_pricing_percentage_rules":[],"_links":{"self":[{"href":"https:\/\/www.laminierfolien.de\/shop\/wp-json\/wp\/v2\/product\/4122","targetHints":{"allow":["GET"]}}],"collection":[{"href":"https:\/\/www.laminierfolien.de\/shop\/wp-json\/wp\/v2\/product"}],"about":[{"href":"https:\/\/www.laminierfolien.de\/shop\/wp-json\/wp\/v2\/types\/product"}],"replies":[{"embeddable":true,"href":"https:\/\/www.laminierfolien.de\/shop\/wp-json\/wp\/v2\/comments?post=4122"}],"wp:featuredmedia":[{"embeddable":true,"href":"https:\/\/www.laminierfolien.de\/shop\/wp-json\/wp\/v2\/media\/4123"}],"wp:attachment":[{"href":"https:\/\/www.laminierfolien.de\/shop\/wp-json\/wp\/v2\/media?parent=4122"}],"wp:term":[{"taxonomy":"product_brand","embeddable":true,"href":"https:\/\/www.laminierfolien.de\/shop\/wp-json\/wp\/v2\/product_brand?post=4122"},{"taxonomy":"product_cat","embeddable":true,"href":"https:\/\/www.laminierfolien.de\/shop\/wp-json\/wp\/v2\/product_cat?post=4122"},{"taxonomy":"product_tag","embeddable":true,"href":"https:\/\/www.laminierfolien.de\/shop\/wp-json\/wp\/v2\/product_tag?post=4122"}],"curies":[{"name":"wp","href":"https:\/\/api.w.org\/{rel}","templated":true}]}}