{"id":4117,"date":"2024-03-21T14:46:55","date_gmt":"2024-03-21T13:46:55","guid":{"rendered":"https:\/\/www.laminierfolien.de\/shop\/?post_type=product&#038;p=4117"},"modified":"2024-03-25T16:46:00","modified_gmt":"2024-03-25T15:46:00","slug":"laminiergeraet-bis-a4-krueger-lm-260","status":"publish","type":"product","link":"https:\/\/www.laminierfolien.de\/shop\/produkt\/laminiergeraet-bis-a4-krueger-lm-260\/","title":{"rendered":"Laminierger\u00e4t bis A4 &#8211; Kr\u00fcger LM 260"},"content":{"rendered":"<p><strong>Der LM 260 ist der perfekte Laminator f\u00fcr mittlere Laminiermengen.<\/strong><\/p>\n<p>Unser LM 260 \u00fcberzeugt nicht nur aufgrund seines Ganzmetallaufbaus und seinem geradlinigen Design, sondern vor allem besticht er durch die einfache Bedienung, mit der sich u.a. auch die Temperatur frei regeln l\u00e4sst.<\/p>\n<p>&#x2714; Laminierbreite: 260 mm<br \/>\n&#x2714; Laminiergeschwindigkeit: ca. 650 mm \/ Min.<br \/>\n&#x2714; Laminierst\u00e4rke: bis 250 Mic (2 x 125)<br \/>\n&#x2714; 4 Walzen (davon 2 beheizt)<br \/>\n&#x2714; Temperatur individuell regelbar 100 &#8211; 160\u00b0 C<br \/>\n&#x2714; Vorheizzeit: ca. 5 Minuten<br \/>\n&#x2714; Gewicht: 7,5 kg<\/p>\n","protected":false},"excerpt":{"rendered":"<p>Der LM 260 ist der perfekte Laminator f\u00fcr mittlere Laminiermengen. Unser LM 260 \u00fcberzeugt nicht nur aufgrund seines Ganzmetallaufbaus und seinem geradlinigen Design, sondern vor allem besticht er durch die einfache Bedienung, mit der sich u.a. auch die Temperatur frei regeln l\u00e4sst. &#x2714; Laminierbreite: 260 mm &#x2714; Laminiergeschwindigkeit: ca. 650 mm \/ Min. &#x2714; Laminierst\u00e4rke: [&hellip;]<\/p>\n","protected":false},"featured_media":4118,"comment_status":"closed","ping_status":"closed","template":"","meta":[],"product_brand":[],"product_cat":[315,239,319,223,240],"product_tag":[358,355,354],"class_list":{"0":"post-4117","1":"product","2":"type-product","3":"status-publish","4":"has-post-thumbnail","6":"product_cat-krueger-nach-marken","7":"product_cat-din-a4-laminiergeraete","8":"product_cat-krueger-din-a4-laminiergeraete","9":"product_cat-laminiergeraete","10":"product_cat-nach-marken","11":"product_tag-a4","12":"product_tag-krueger","13":"product_tag-laminiergeraet","15":"first","16":"instock","17":"taxable","18":"shipping-taxable","19":"purchasable","20":"product-type-simple"},"acf":[],"tiered_pricing_type":"fixed","tiered_pricing_fixed_rules":[],"tiered_pricing_product_settings":{"layout":"default","base_unit_name":{"singular":null,"plural":null},"default_variation":null},"tiered_pricing_minimum_quantity":null,"tiered_pricing_roles_data":[],"tiered_pricing_percentage_rules":[],"_links":{"self":[{"href":"https:\/\/www.laminierfolien.de\/shop\/wp-json\/wp\/v2\/product\/4117","targetHints":{"allow":["GET"]}}],"collection":[{"href":"https:\/\/www.laminierfolien.de\/shop\/wp-json\/wp\/v2\/product"}],"about":[{"href":"https:\/\/www.laminierfolien.de\/shop\/wp-json\/wp\/v2\/types\/product"}],"replies":[{"embeddable":true,"href":"https:\/\/www.laminierfolien.de\/shop\/wp-json\/wp\/v2\/comments?post=4117"}],"wp:featuredmedia":[{"embeddable":true,"href":"https:\/\/www.laminierfolien.de\/shop\/wp-json\/wp\/v2\/media\/4118"}],"wp:attachment":[{"href":"https:\/\/www.laminierfolien.de\/shop\/wp-json\/wp\/v2\/media?parent=4117"}],"wp:term":[{"taxonomy":"product_brand","embeddable":true,"href":"https:\/\/www.laminierfolien.de\/shop\/wp-json\/wp\/v2\/product_brand?post=4117"},{"taxonomy":"product_cat","embeddable":true,"href":"https:\/\/www.laminierfolien.de\/shop\/wp-json\/wp\/v2\/product_cat?post=4117"},{"taxonomy":"product_tag","embeddable":true,"href":"https:\/\/www.laminierfolien.de\/shop\/wp-json\/wp\/v2\/product_tag?post=4117"}],"curies":[{"name":"wp","href":"https:\/\/api.w.org\/{rel}","templated":true}]}}