{"id":4105,"date":"2024-03-21T13:49:49","date_gmt":"2024-03-21T12:49:49","guid":{"rendered":"https:\/\/www.laminierfolien.de\/shop\/?post_type=product&#038;p=4105"},"modified":"2024-03-25T14:50:12","modified_gmt":"2024-03-25T13:50:12","slug":"laminiergeraet-bis-a4-leitz-ilam-home-office-pink","status":"publish","type":"product","link":"https:\/\/www.laminierfolien.de\/shop\/produkt\/laminiergeraet-bis-a4-leitz-ilam-home-office-pink\/","title":{"rendered":"Laminierger\u00e4t bis A4 &#8211; Leitz iLAM Home Office &#8211; pink"},"content":{"rendered":"<p><strong>Das iLAM Home Office A4 ist der ideale Laminator f\u00fcr den gelegentlichen Einsatz im B\u00fcro.<\/strong><\/p>\n<p>Erleben Sie Qualit\u00e4tsprodukte von Leitz in leuchtenden WOW Farben. In gerade mal 3 Minuten ist der iLAM Home Office Laminator startklar und verarbeitet auf Knopfdruck Folienst\u00e4rken von 160 Mic (2 x 80) bis 250 Mic (2 x 125) Mic in knapp 60 Sekunden.<\/p>\n<p><span class=\"rchidesmall\">&#x2714;<\/span>\u00a0keine Einstellung notwendig &#8211; Einschalten und Sie k\u00f6nnen starten.<br \/>\n<span class=\"rchidesmall\">&#x2714;<\/span>\u00a0Wechsel zwischen unterschiedlichen Folienst\u00e4rken ohne Wartezeit<br \/>\n<span class=\"rchidesmall\">&#x2714;<\/span>\u00a0in ca. 3 Minuten aufgeheizt, laminiert das Ger\u00e4t A4 in ca. 60 Sekunden<br \/>\n<span class=\"rchidesmall\">&#x2714;<\/span>\u00a0niedriger Energieverbrauch, automatische Abschaltung nach 30 Minuten Nichtnutzung<br \/>\n<span class=\"rchidesmall\">&#x2714;<\/span>\u00a02 von au\u00dfen beheizte Rollen<br \/>\n<span class=\"rchidesmall\">&#x2714;<\/span>\u00a0seitliche Griffe f\u00fcr den einfachen Transport<strong><br \/>\n<\/strong><span class=\"rchidesmall\">&#x2714;<\/span>\u00a0inkl. kostenlosem UDT Hei\u00dflaminierfolien-Starter Kit<\/p>\n<p>&nbsp;<\/p>\n<p><strong>Technische Daten:<\/strong><\/p>\n<table>\n<tbody>\n<tr>\n<td>max. Folienst\u00e4rke<\/td>\n<td>250 Mic (2 x 125)<\/td>\n<\/tr>\n<tr>\n<td>max. Folienbreite<\/td>\n<td>DIN A4<\/td>\n<\/tr>\n<tr>\n<td>Heizrollen-System<\/td>\n<td>2<\/td>\n<\/tr>\n<tr>\n<td>Temperatureinstellung<\/td>\n<td>max. 130 \u00b0C<\/td>\n<\/tr>\n<tr>\n<td>Aufheizzeit<\/td>\n<td>3 Minuten<\/td>\n<\/tr>\n<tr>\n<td>Arbeitsgeschwindigkeit<\/td>\n<td>303 mm\/ Min.<\/td>\n<\/tr>\n<tr>\n<td>Abmessungen (B x T x H)<\/td>\n<td>37,0 x 12,8 x 7,6 cm<\/td>\n<\/tr>\n<tr>\n<td>Gewicht<\/td>\n<td>1,37 kg<\/td>\n<\/tr>\n<tr>\n<td>Herstellergarantie<\/td>\n<td>2 Jahre<\/td>\n<\/tr>\n<tr>\n<td>Pr\u00fcfzeichen<\/td>\n<td>T\u00dcV Rheinland \/ GS-Zeichen<\/td>\n<\/tr>\n<tr>\n<td>Farbe<\/td>\n<td>pink \/ wei\u00df<\/td>\n<\/tr>\n<\/tbody>\n<\/table>\n","protected":false},"excerpt":{"rendered":"<p>Das iLAM Home Office A4 ist der ideale Laminator f\u00fcr den gelegentlichen Einsatz im B\u00fcro. Erleben Sie Qualit\u00e4tsprodukte von Leitz in leuchtenden WOW Farben. In gerade mal 3 Minuten ist der iLAM Home Office Laminator startklar und verarbeitet auf Knopfdruck Folienst\u00e4rken von 160 Mic (2 x 80) bis 250 Mic (2 x 125) Mic in [&hellip;]<\/p>\n","protected":false},"featured_media":4106,"comment_status":"closed","ping_status":"closed","template":"","meta":[],"product_brand":[],"product_cat":[316,239,320,223,312,241,240],"product_tag":[358,354,356],"class_list":{"0":"post-4105","1":"product","2":"type-product","3":"status-publish","4":"has-post-thumbnail","6":"product_cat-leitz-nach-marken","7":"product_cat-din-a4-laminiergeraete","8":"product_cat-hobby-heimbuero","9":"product_cat-laminiergeraete","10":"product_cat-leitz-din-a4-laminiergeraete","11":"product_cat-nach-anwendung","12":"product_cat-nach-marken","13":"product_tag-a4","14":"product_tag-laminiergeraet","15":"product_tag-leitz","17":"first","18":"instock","19":"taxable","20":"shipping-taxable","21":"purchasable","22":"product-type-simple"},"acf":[],"tiered_pricing_type":"fixed","tiered_pricing_fixed_rules":[],"tiered_pricing_product_settings":{"layout":"default","base_unit_name":{"singular":null,"plural":null},"default_variation":null},"tiered_pricing_minimum_quantity":null,"tiered_pricing_roles_data":[],"tiered_pricing_percentage_rules":[],"_links":{"self":[{"href":"https:\/\/www.laminierfolien.de\/shop\/wp-json\/wp\/v2\/product\/4105","targetHints":{"allow":["GET"]}}],"collection":[{"href":"https:\/\/www.laminierfolien.de\/shop\/wp-json\/wp\/v2\/product"}],"about":[{"href":"https:\/\/www.laminierfolien.de\/shop\/wp-json\/wp\/v2\/types\/product"}],"replies":[{"embeddable":true,"href":"https:\/\/www.laminierfolien.de\/shop\/wp-json\/wp\/v2\/comments?post=4105"}],"wp:featuredmedia":[{"embeddable":true,"href":"https:\/\/www.laminierfolien.de\/shop\/wp-json\/wp\/v2\/media\/4106"}],"wp:attachment":[{"href":"https:\/\/www.laminierfolien.de\/shop\/wp-json\/wp\/v2\/media?parent=4105"}],"wp:term":[{"taxonomy":"product_brand","embeddable":true,"href":"https:\/\/www.laminierfolien.de\/shop\/wp-json\/wp\/v2\/product_brand?post=4105"},{"taxonomy":"product_cat","embeddable":true,"href":"https:\/\/www.laminierfolien.de\/shop\/wp-json\/wp\/v2\/product_cat?post=4105"},{"taxonomy":"product_tag","embeddable":true,"href":"https:\/\/www.laminierfolien.de\/shop\/wp-json\/wp\/v2\/product_tag?post=4105"}],"curies":[{"name":"wp","href":"https:\/\/api.w.org\/{rel}","templated":true}]}}