{"id":4097,"date":"2024-03-20T15:54:39","date_gmt":"2024-03-20T14:54:39","guid":{"rendered":"https:\/\/www.laminierfolien.de\/shop\/?post_type=product&#038;p=4097"},"modified":"2024-05-22T11:59:54","modified_gmt":"2024-05-22T09:59:54","slug":"laminiergeraet-bis-a4-krueger-220","status":"publish","type":"product","link":"https:\/\/www.laminierfolien.de\/shop\/produkt\/laminiergeraet-bis-a4-krueger-220\/","title":{"rendered":"Laminierger\u00e4t bis A4 &#8211; Kr\u00fcger 220"},"content":{"rendered":"<p>Unser Laminierger\u00e4t &#8222;Kr\u00fcger 220&#8220; wird den W\u00fcnschen und Anforderungen im Hinblick auf Schnelligkeit und einfacher Handhabung in jedem Falle gerecht. Das &#8222;Tiger&#8220; laminiert\u00a0<strong>schnell, zuverl\u00e4ssig und hochqualitativ,<\/strong>\u00a0wodurch dieses Laminierger\u00e4t bei all seinen Anwendern f\u00fcr \u00e4u\u00dferste Zufriedenheit sorgt und nicht umsonst die\u00a0<strong>&#8222;Auszeichnung&#8220;<\/strong>\u00a0<strong>als Spitzenger\u00e4t im unteren Preissegment<\/strong>\u00a0erh\u00e4lt. Egal, ob f\u00fcr den Einsatz beim Hobbybastler oder f\u00fcr die Verwendung im Home-Office- dieses Laminierger\u00e4t eignet sich f\u00fcr\u00a0<strong>geringe bis mittelgro\u00dfe Laminieraufkommen.<\/strong><\/p>\n<p>Das &#8222;Tiger&#8220; wurde speziell f\u00fcr die Lamination von DIN A4 &#8211; Formaten entwickelt, sodass die Entwickler bewusst die Aufheiz- und Durchlaufzeit dem Format entsprechend optimiert haben. Durch die innovative \u00d6ko-Technologie senkt dieses Laminierger\u00e4t den Energieverbrauch um mehr als 75% gegen\u00fcber herk\u00f6mmlichen Laminierger\u00e4ten und die &#8222;2-Heizrollen-Technologie&#8220; sorgt f\u00fcr gleichbleibend gute Laminierergebnisse. Flexibilit\u00e4t beim Laminiergut ist in jedem Falle gegeben, denn das\u00a0<strong>Laminierger\u00e4t &#8222;Kr\u00fcger 220&#8220; laminiert nicht nur herk\u00f6mmliche Laminierfolien bis 160 Mic (2 x 80), sondern \u00fcberzeugt auch bei der Laminierung von Folien bis 250 Mic (2 x 125).<\/strong><\/p>\n<p>Selbstverst\u00e4ndlich verf\u00fcgt dieses Laminierger\u00e4t auch \u00fcber eine sogenannte\u00a0<strong>ABS-Funktion<\/strong>, wodurch verklemmte Laminiertaschen ohne gro\u00dfen Aufwand aus dem Ger\u00e4t wieder entfernt werden k\u00f6nnen.<\/p>\n<p>\u00dcberzeugen Sie sich von unserem &#8222;Kr\u00fcger Tiger&#8220; und staunen Sie \u00fcber die Multifunktionalit\u00e4t dieses Ger\u00e4tes.<\/p>\n<p><strong>Kurz\u00fcberblick:<\/strong><br \/>\n<span class=\"rchidesmall\">&#x2714;<\/span>\u00a0schnelle Aufheiz- und Durchlaufzeit<br \/>\n<span class=\"rchidesmall\">&#x2714;<\/span>\u00a0mit innovativer \u00d6ko-Technologie &#8211; senkt den Energieverbrauch<span class=\"rchidesmall\">\u00a0um mehr als 75 % gegen\u00fcber herk\u00f6mmlichen Laminierger\u00e4ten<br \/>\n&#x2714;\u00a0mit 2 Heizrollen-Technologie<br \/>\n&#x2714;\u00a0keine Wartezeit durch Anpassung der Temperatur beim Umschalten<br \/>\n&#x2714;\u00a0die PTC-Technologie reguliert die Energiezufuhr von 160 Mic (2 x 80) &#8211; 250 Mic (2 x 125) Laminiertaschen<\/span><br \/>\n<span class=\"rchidesmall\">&#x2714;<\/span>\u00a0ABS-Funktion zur manuellen Entnahme verklemmter Laminiertaschen<br \/>\n<span class=\"rchidesmall\">&#x2714;<\/span>\u00a0umweltfreundliche, keine Verwendung von Flammschutzmittel (z.B. Brom)<br \/>\n<span class=\"rchidesmall\">&#x2714;<\/span>\u00a0Backloader-Folienschub-Technologie erleichtert die Handhabung und verringert den Platzbedarf<br \/>\n<span class=\"rchidesmall\">&#x2714;<\/span>\u00a0benutzerfreundlich und sehr einfache Bedienung<\/p>\n<p>&nbsp;<\/p>\n<p><strong>Technische Daten:<\/strong><\/p>\n<table>\n<tbody>\n<tr>\n<td>Ma\u00dfe (B x T x H)<\/td>\n<td>330 x 190 x 57 mm<\/td>\n<\/tr>\n<tr>\n<td>Gewicht<\/td>\n<td>0,83 kg<\/td>\n<\/tr>\n<tr>\n<td>Aufheizzeit<\/td>\n<td>1,5 &#8211; 2 Min.<\/td>\n<\/tr>\n<tr>\n<td>Laminierbreite<\/td>\n<td>240 mm (A4)<\/td>\n<\/tr>\n<tr>\n<td>Laminiergeschwindigkeit<\/td>\n<td>400 mm \/ Min.<\/td>\n<\/tr>\n<tr>\n<td>Folienst\u00e4rke<\/td>\n<td>60 &#8211; 125mic<\/td>\n<\/tr>\n<tr>\n<td>\u00a0Arbeitstemperatur<\/td>\n<td>0 &#8211; 110 <span class=\"_Tgc\">\u00b0<\/span>\u00a0C<\/td>\n<\/tr>\n<tr>\n<td>\u00a0Leistungsaufnahme<\/td>\n<td>60 Watt (600 Watt w\u00e4hrend der 1. Minute)<\/td>\n<\/tr>\n<\/tbody>\n<\/table>\n","protected":false},"excerpt":{"rendered":"<p>Unser Laminierger\u00e4t &#8222;Kr\u00fcger 220&#8220; wird den W\u00fcnschen und Anforderungen im Hinblick auf Schnelligkeit und einfacher Handhabung in jedem Falle gerecht. Das &#8222;Tiger&#8220; laminiert\u00a0schnell, zuverl\u00e4ssig und hochqualitativ,\u00a0wodurch dieses Laminierger\u00e4t bei all seinen Anwendern f\u00fcr \u00e4u\u00dferste Zufriedenheit sorgt und nicht umsonst die\u00a0&#8222;Auszeichnung&#8220;\u00a0als Spitzenger\u00e4t im unteren Preissegment\u00a0erh\u00e4lt. Egal, ob f\u00fcr den Einsatz beim Hobbybastler oder f\u00fcr die Verwendung [&hellip;]<\/p>\n","protected":false},"featured_media":4098,"comment_status":"closed","ping_status":"closed","template":"","meta":[],"product_brand":[],"product_cat":[315,239,320,319,223,241,240],"product_tag":[358,355,354],"class_list":{"0":"post-4097","1":"product","2":"type-product","3":"status-publish","4":"has-post-thumbnail","6":"product_cat-krueger-nach-marken","7":"product_cat-din-a4-laminiergeraete","8":"product_cat-hobby-heimbuero","9":"product_cat-krueger-din-a4-laminiergeraete","10":"product_cat-laminiergeraete","11":"product_cat-nach-anwendung","12":"product_cat-nach-marken","13":"product_tag-a4","14":"product_tag-krueger","15":"product_tag-laminiergeraet","17":"first","18":"instock","19":"sale","20":"taxable","21":"shipping-taxable","22":"purchasable","23":"product-type-simple"},"acf":[],"tiered_pricing_type":"fixed","tiered_pricing_fixed_rules":[],"tiered_pricing_product_settings":{"layout":"default","base_unit_name":{"singular":null,"plural":null},"default_variation":null},"tiered_pricing_minimum_quantity":null,"tiered_pricing_roles_data":[],"tiered_pricing_percentage_rules":[],"_links":{"self":[{"href":"https:\/\/www.laminierfolien.de\/shop\/wp-json\/wp\/v2\/product\/4097","targetHints":{"allow":["GET"]}}],"collection":[{"href":"https:\/\/www.laminierfolien.de\/shop\/wp-json\/wp\/v2\/product"}],"about":[{"href":"https:\/\/www.laminierfolien.de\/shop\/wp-json\/wp\/v2\/types\/product"}],"replies":[{"embeddable":true,"href":"https:\/\/www.laminierfolien.de\/shop\/wp-json\/wp\/v2\/comments?post=4097"}],"wp:featuredmedia":[{"embeddable":true,"href":"https:\/\/www.laminierfolien.de\/shop\/wp-json\/wp\/v2\/media\/4098"}],"wp:attachment":[{"href":"https:\/\/www.laminierfolien.de\/shop\/wp-json\/wp\/v2\/media?parent=4097"}],"wp:term":[{"taxonomy":"product_brand","embeddable":true,"href":"https:\/\/www.laminierfolien.de\/shop\/wp-json\/wp\/v2\/product_brand?post=4097"},{"taxonomy":"product_cat","embeddable":true,"href":"https:\/\/www.laminierfolien.de\/shop\/wp-json\/wp\/v2\/product_cat?post=4097"},{"taxonomy":"product_tag","embeddable":true,"href":"https:\/\/www.laminierfolien.de\/shop\/wp-json\/wp\/v2\/product_tag?post=4097"}],"curies":[{"name":"wp","href":"https:\/\/api.w.org\/{rel}","templated":true}]}}