{"id":4095,"date":"2024-03-20T15:51:06","date_gmt":"2024-03-20T14:51:06","guid":{"rendered":"https:\/\/www.laminierfolien.de\/shop\/?post_type=product&#038;p=4095"},"modified":"2024-03-25T14:40:42","modified_gmt":"2024-03-25T13:40:42","slug":"laminiergeraet-bis-a3-gbc-fusion-7000l","status":"publish","type":"product","link":"https:\/\/www.laminierfolien.de\/shop\/produkt\/laminiergeraet-bis-a3-gbc-fusion-7000l\/","title":{"rendered":"Laminierger\u00e4t bis A3 &#8211; GBC Fusion 7000L"},"content":{"rendered":"<p>GBC Fusion&#x2122; Plus 7000L A3<\/p>\n<p>Beste Qualit\u00e4t und Produktivit\u00e4t. Das Laminierger\u00e4t Fusion Plus 7000L ist schnell und einfach zu bedienen und ideal f\u00fcr den h\u00e4ufigen Gebrauch in B\u00fcros und Bildungseinrichtungen. Intelligente Eingabesensoren erkennen die Dicke der Folientasche nebst Inhalt und passen die Durchlaufgeschwindigkeit automatisch an. F\u00fcr Thermo-Laminiertaschen von 2&#215;75 Mikron bis 2&#215;250 Mikron. F\u00fcr vollkommen glatte und kristallklar laminierte Dokumente.<\/p>\n<ul>\n<li>Kurze Aufw\u00e4rmzeit von 1 Minute<\/li>\n<li>Laminiert ein A4-Dokument in weniger als 13 Sekunden<\/li>\n<li>Automatikeinstellung f\u00fcr einfaches Laminieren<\/li>\n<li>Automatische Einstellung der Geschwindigkeit \u00fcber intelligente Eingabesensoren f\u00fcr hochwertige Ergebnisse<\/li>\n<li>\u00a06-Rollen-Technologie f\u00fcr blitzschnelles, hochwertiges Laminieren<\/li>\n<li>Intelligente automatische R\u00fccklauffunktion verhindert Fehleinz\u00fcge und Staus<\/li>\n<li>optische und akustische Bereitschaftsanzeige<\/li>\n<\/ul>\n<p>&nbsp;<\/p>\n<p><strong>Technische Daten:<\/strong><\/p>\n<table>\n<tbody>\n<tr>\n<td>max. Folienst\u00e4rke<\/td>\n<td>500 Mic (2 x 250)<\/td>\n<\/tr>\n<tr>\n<td>max. Folienbreite<\/td>\n<td>DIN A3<\/td>\n<\/tr>\n<tr>\n<td>Rollen-System<\/td>\n<td>6<\/td>\n<\/tr>\n<tr>\n<td>Temperatureinstellung<\/td>\n<td>variabel &#8211; stufenlos<\/td>\n<\/tr>\n<tr>\n<td>Aufheizzeit<\/td>\n<td>60 Sekunden<\/td>\n<\/tr>\n<tr>\n<td>Arbeitsgeschwindigkeit<\/td>\n<td>1.200 mm \/ Min.<\/td>\n<\/tr>\n<tr>\n<td>Abmessungen (B x T x H)<\/td>\n<td>66,0 x 33,0 x 22,0 cm<\/td>\n<\/tr>\n<tr>\n<td>Gewicht<\/td>\n<td>10,00 kg<\/td>\n<\/tr>\n<tr>\n<td>Stromverbrauch<\/td>\n<td>1.600 W \/ 220 &#8211; 240 V<\/td>\n<\/tr>\n<tr>\n<td>Pr\u00fcfzeichen<\/td>\n<td>T\u00dcV Rheinland \/ GS-Zeichen<\/td>\n<\/tr>\n<tr>\n<td>Herstellergarantie<\/td>\n<td>2-Jahre<\/td>\n<\/tr>\n<tr>\n<td>Farbe<\/td>\n<td>schwarz<\/td>\n<\/tr>\n<\/tbody>\n<\/table>\n","protected":false},"excerpt":{"rendered":"<p>GBC Fusion&#x2122; Plus 7000L A3 Beste Qualit\u00e4t und Produktivit\u00e4t. Das Laminierger\u00e4t Fusion Plus 7000L ist schnell und einfach zu bedienen und ideal f\u00fcr den h\u00e4ufigen Gebrauch in B\u00fcros und Bildungseinrichtungen. Intelligente Eingabesensoren erkennen die Dicke der Folientasche nebst Inhalt und passen die Durchlaufgeschwindigkeit automatisch an. F\u00fcr Thermo-Laminiertaschen von 2&#215;75 Mikron bis 2&#215;250 Mikron. F\u00fcr vollkommen [&hellip;]<\/p>\n","protected":false},"featured_media":4096,"comment_status":"closed","ping_status":"closed","template":"","meta":[],"product_brand":[],"product_cat":[317,326,238,309,324,223,325,241,240,323],"product_tag":[357,354,356],"class_list":{"0":"post-4095","1":"product","2":"type-product","3":"status-publish","4":"has-post-thumbnail","6":"product_cat-gbc-nach-marken","7":"product_cat-aut-folienerkennung","8":"product_cat-din-a3-laminiergeraete","9":"product_cat-gbc","10":"product_cat-hohe-geschwindigkeit","11":"product_cat-laminiergeraete","12":"product_cat-maximale-folienstaerke","13":"product_cat-nach-anwendung","14":"product_cat-nach-marken","15":"product_cat-schnell-startklar","16":"product_tag-a3","17":"product_tag-laminiergeraet","18":"product_tag-leitz","20":"first","21":"instock","22":"taxable","23":"shipping-taxable","24":"purchasable","25":"product-type-simple"},"acf":[],"tiered_pricing_type":"fixed","tiered_pricing_fixed_rules":[],"tiered_pricing_product_settings":{"layout":"default","base_unit_name":{"singular":null,"plural":null},"default_variation":null},"tiered_pricing_minimum_quantity":null,"tiered_pricing_roles_data":[],"tiered_pricing_percentage_rules":[],"_links":{"self":[{"href":"https:\/\/www.laminierfolien.de\/shop\/wp-json\/wp\/v2\/product\/4095","targetHints":{"allow":["GET"]}}],"collection":[{"href":"https:\/\/www.laminierfolien.de\/shop\/wp-json\/wp\/v2\/product"}],"about":[{"href":"https:\/\/www.laminierfolien.de\/shop\/wp-json\/wp\/v2\/types\/product"}],"replies":[{"embeddable":true,"href":"https:\/\/www.laminierfolien.de\/shop\/wp-json\/wp\/v2\/comments?post=4095"}],"wp:featuredmedia":[{"embeddable":true,"href":"https:\/\/www.laminierfolien.de\/shop\/wp-json\/wp\/v2\/media\/4096"}],"wp:attachment":[{"href":"https:\/\/www.laminierfolien.de\/shop\/wp-json\/wp\/v2\/media?parent=4095"}],"wp:term":[{"taxonomy":"product_brand","embeddable":true,"href":"https:\/\/www.laminierfolien.de\/shop\/wp-json\/wp\/v2\/product_brand?post=4095"},{"taxonomy":"product_cat","embeddable":true,"href":"https:\/\/www.laminierfolien.de\/shop\/wp-json\/wp\/v2\/product_cat?post=4095"},{"taxonomy":"product_tag","embeddable":true,"href":"https:\/\/www.laminierfolien.de\/shop\/wp-json\/wp\/v2\/product_tag?post=4095"}],"curies":[{"name":"wp","href":"https:\/\/api.w.org\/{rel}","templated":true}]}}