{"id":4092,"date":"2024-03-20T15:48:45","date_gmt":"2024-03-20T14:48:45","guid":{"rendered":"https:\/\/www.laminierfolien.de\/shop\/?post_type=product&#038;p=4092"},"modified":"2024-03-25T16:42:16","modified_gmt":"2024-03-25T15:42:16","slug":"laminiergeraet-bis-a3-fellowes-venus-a3-buero","status":"publish","type":"product","link":"https:\/\/www.laminierfolien.de\/shop\/produkt\/laminiergeraet-bis-a3-fellowes-venus-a3-buero\/","title":{"rendered":"Laminierger\u00e4t bis A3 &#8211; Fellowes Venus A3 B\u00fcro"},"content":{"rendered":"<p class=\"mv_emotional_text\"><strong>Das Laminierger\u00e4t A3 Fellowes Venus A3 B\u00fcro mit automatischer Folienerkennung und Anti-Stau-Funktion &#8211; in 30 Sekunden startklar &#8211; inkl. Start-Pack f\u00fcr 10 Dokumente!<\/strong><\/p>\n<p class=\"mv_emotional_text\">Leistungsstarkes 6-Rollen Laminierger\u00e4t f\u00fcr hochwertige Laminierergebnisse. Der integrierte Sleep-Modus wird nach l\u00e4ngerem Nichtgebrauch automatisch aktiviert und reduziert den Energieverbrauch!<\/p>\n<p><span class=\"rchidesmall\">&#x2714;<\/span>\u00a0Aufheizzeit nur 30 Sekunden<br \/>\n<span class=\"rchidesmall\">&#x2714;<\/span>\u00a06 beheizte Rollen<br \/>\n<span class=\"rchidesmall\">&#x2714;<\/span>\u00a0Ultraschnell: laminiert eine A4 Folie in nur 10 Sekunden (2180mm\/Min.)<br \/>\n<span class=\"rchidesmall\">&#x2714;<\/span>\u00a0automatische Folienerkennung &#8211; kein Einstellen mehr notwendig<br \/>\n<span class=\"rchidesmall\">&#x2714;<\/span>\u00a0R\u00fccklauffunktion gew\u00e4hrleistet jederzeit das Korrigieren bei falsch eingelegten Folien<br \/>\n<span class=\"rchidesmall\">&#x2714;<\/span>\u00a0HeatGuard Technologie reduziert die Oberfl\u00e4chentemperatur und erm\u00f6glicht das gefahrlose Ber\u00fchren des Ger\u00e4ts zu jeder Zeit<br \/>\n<span class=\"rchidesmall\">&#x2714;<\/span>\u00a0Sleep-Modus wir dabei Nicht-Gebrauch aktiviert und reduziert somit den Energieverbrauch<\/p>\n<p>&nbsp;<\/p>\n<p><strong>Technische Daten:<\/strong><\/p>\n<table>\n<tbody>\n<tr>\n<td>max. Folienst\u00e4rke<\/td>\n<td>500 Mic (2 x 250)<\/td>\n<\/tr>\n<tr>\n<td>max. Folienbreite<\/td>\n<td>DIN A3<\/td>\n<\/tr>\n<tr>\n<td>Heizrollen-System<\/td>\n<td>6<\/td>\n<\/tr>\n<tr>\n<td>Temperatureinstellung<\/td>\n<td>automatisch<\/td>\n<\/tr>\n<tr>\n<td>Aufheizzeit<\/td>\n<td>0,5 Minuten<\/td>\n<\/tr>\n<tr>\n<td>Arbeitsgeschwindigkeit<\/td>\n<td>1000 mm\/ Min.<\/td>\n<\/tr>\n<tr>\n<td>Abmessungen (B x T x H)<\/td>\n<td>54,6 x 17,2 x 12,1 cm<\/td>\n<\/tr>\n<tr>\n<td>Gewicht<\/td>\n<td>6,50 g<\/td>\n<\/tr>\n<tr>\n<td>Herstellergarantie<\/td>\n<td>2 Jahre<\/td>\n<\/tr>\n<tr>\n<td>Farbe<\/td>\n<td>silber \/ schwarz<\/td>\n<\/tr>\n<\/tbody>\n<\/table>\n","protected":false},"excerpt":{"rendered":"<p>Das Laminierger\u00e4t A3 Fellowes Venus A3 B\u00fcro mit automatischer Folienerkennung und Anti-Stau-Funktion &#8211; in 30 Sekunden startklar &#8211; inkl. Start-Pack f\u00fcr 10 Dokumente! Leistungsstarkes 6-Rollen Laminierger\u00e4t f\u00fcr hochwertige Laminierergebnisse. Der integrierte Sleep-Modus wird nach l\u00e4ngerem Nichtgebrauch automatisch aktiviert und reduziert den Energieverbrauch! &#x2714;\u00a0Aufheizzeit nur 30 Sekunden &#x2714;\u00a06 beheizte Rollen &#x2714;\u00a0Ultraschnell: laminiert eine A4 Folie in [&hellip;]<\/p>\n","protected":false},"featured_media":4094,"comment_status":"closed","ping_status":"closed","template":"","meta":[],"product_brand":[],"product_cat":[318,326,238,310,324,223,325,240,323],"product_tag":[357,360,354],"class_list":{"0":"post-4092","1":"product","2":"type-product","3":"status-publish","4":"has-post-thumbnail","6":"product_cat-fellowes-nach-marken","7":"product_cat-aut-folienerkennung","8":"product_cat-din-a3-laminiergeraete","9":"product_cat-fellowes","10":"product_cat-hohe-geschwindigkeit","11":"product_cat-laminiergeraete","12":"product_cat-maximale-folienstaerke","13":"product_cat-nach-marken","14":"product_cat-schnell-startklar","15":"product_tag-a3","16":"product_tag-fellowes","17":"product_tag-laminiergeraet","19":"first","20":"instock","21":"taxable","22":"shipping-taxable","23":"purchasable","24":"product-type-simple"},"acf":[],"tiered_pricing_type":"fixed","tiered_pricing_fixed_rules":[],"tiered_pricing_product_settings":{"layout":"default","base_unit_name":{"singular":null,"plural":null},"default_variation":null},"tiered_pricing_minimum_quantity":null,"tiered_pricing_roles_data":[],"tiered_pricing_percentage_rules":[],"_links":{"self":[{"href":"https:\/\/www.laminierfolien.de\/shop\/wp-json\/wp\/v2\/product\/4092","targetHints":{"allow":["GET"]}}],"collection":[{"href":"https:\/\/www.laminierfolien.de\/shop\/wp-json\/wp\/v2\/product"}],"about":[{"href":"https:\/\/www.laminierfolien.de\/shop\/wp-json\/wp\/v2\/types\/product"}],"replies":[{"embeddable":true,"href":"https:\/\/www.laminierfolien.de\/shop\/wp-json\/wp\/v2\/comments?post=4092"}],"wp:featuredmedia":[{"embeddable":true,"href":"https:\/\/www.laminierfolien.de\/shop\/wp-json\/wp\/v2\/media\/4094"}],"wp:attachment":[{"href":"https:\/\/www.laminierfolien.de\/shop\/wp-json\/wp\/v2\/media?parent=4092"}],"wp:term":[{"taxonomy":"product_brand","embeddable":true,"href":"https:\/\/www.laminierfolien.de\/shop\/wp-json\/wp\/v2\/product_brand?post=4092"},{"taxonomy":"product_cat","embeddable":true,"href":"https:\/\/www.laminierfolien.de\/shop\/wp-json\/wp\/v2\/product_cat?post=4092"},{"taxonomy":"product_tag","embeddable":true,"href":"https:\/\/www.laminierfolien.de\/shop\/wp-json\/wp\/v2\/product_tag?post=4092"}],"curies":[{"name":"wp","href":"https:\/\/api.w.org\/{rel}","templated":true}]}}