{"id":4082,"date":"2024-03-20T15:39:09","date_gmt":"2024-03-20T14:39:09","guid":{"rendered":"https:\/\/www.laminierfolien.de\/shop\/?post_type=product&#038;p=4082"},"modified":"2024-03-25T14:40:17","modified_gmt":"2024-03-25T13:40:17","slug":"laminiergeraet-bis-a3-gbc-fusion-3100l","status":"publish","type":"product","link":"https:\/\/www.laminierfolien.de\/shop\/produkt\/laminiergeraet-bis-a3-gbc-fusion-3100l\/","title":{"rendered":"Laminierger\u00e4t bis A3 &#8211; GBC Fusion 3100L"},"content":{"rendered":"<p class=\"mv_emotional_text\"><strong>DIN A3 Laminierger\u00e4t f\u00fcr den h\u00e4ufigen Gebrauch zu Hause und im B\u00fcro. Garantiert perfekte und schnelle Ergebnisse!<\/strong><\/p>\n<p class=\"mv_emotional_text\">Der 3100L Laminator von GBC ist in einer Minute aufgeheizt und verarbeitet auf Knopfdruck Folienst\u00e4rken bis 350 Mic (2 x 175) in nur 20 Sekunden. Dank eine Freigabetaste lassen sich Folienstaus ganz leicht beheben. Gleichzeitig sparen Sie Energie durch die eingebaute Abschaltautomatik.<\/p>\n<p><span class=\"rchidesmall\" data-mce-mark=\"1\">&#x2714;<\/span>\u00a02 beheizte Rollen<br \/>\n<span class=\"rchidesmall\" data-mce-mark=\"1\">&#x2714;<\/span>\u00a0Wahl der Folienst\u00e4rke per Tastendruck<br \/>\n<span class=\"rchidesmall\" data-mce-mark=\"1\">&#x2714;<\/span>\u00a0in 60 Sekunden aufgeheizt, laminiert das Ger\u00e4t ein A4-Dokument in ca 30 Sekunden<br \/>\n<span class=\"rchidesmall\" data-mce-mark=\"1\">&#x2714;<\/span>\u00a0einstellbare Anschl\u00e4ge verhindern Fehleinz\u00fcge<br \/>\n<span class=\"rchidesmall\" data-mce-mark=\"1\">&#x2714;<\/span>\u00a0zur Entnahme fehleingezogener Laminiertaschen einfach Freigabetaste dr\u00fccken<br \/>\n<span class=\"rchidesmall\" data-mce-mark=\"1\">&#x2714;<\/span>\u00a04-Rollen-System und Auffangschale f\u00fcr perfekte Laminate<br \/>\n<span class=\"rchidesmall\" data-mce-mark=\"1\">&#x2714;<\/span>\u00a0Abschaltautomatik nach 30 Minuten Inaktivit\u00e4t &#8211; spart Energie<\/p>\n<p>&nbsp;<\/p>\n<p><strong>Technische Daten:<\/strong><\/p>\n<div class=\"tab-menu--product js--tab-menu\">\n<div class=\"tab--container-list\">\n<div class=\"tab--container has--content is--active\">\n<div class=\"tab--content\">\n<div class=\"content--description\">\n<div class=\"product--description\">\n<table>\n<tbody>\n<tr>\n<td>max. Folienst\u00e4rke<\/td>\n<td>350 Mic (2 x 175)<\/td>\n<\/tr>\n<tr>\n<td>max. Folienbreite<\/td>\n<td>DIN A3<\/td>\n<\/tr>\n<tr>\n<td>Heizrollen-System<\/td>\n<td>4<\/td>\n<\/tr>\n<tr>\n<td>Temperatureinstellung<\/td>\n<td>variabel &#8211; 3 Stufen<\/td>\n<\/tr>\n<tr>\n<td>Aufheizzeit<\/td>\n<td>60 Sekunden<\/td>\n<\/tr>\n<tr>\n<td>Arbeitsgeschwindigkeit<\/td>\n<td>800 mm \/ Min.<\/td>\n<\/tr>\n<tr>\n<td>Abmessungen (B x T x H)<\/td>\n<td>57,2 x 19,6 x 14,6 cm<\/td>\n<\/tr>\n<tr>\n<td>Gewicht<\/td>\n<td>2,63 kg<\/td>\n<\/tr>\n<tr>\n<td>Stromverbrauch<\/td>\n<td>1.550 W \/ 220 &#8211; 240 V<\/td>\n<\/tr>\n<tr>\n<td>Pr\u00fcfzeichen<\/td>\n<td>T\u00dcV Rheinland \/ GS-Zeichen<\/td>\n<\/tr>\n<tr>\n<td>Herstellergarantie<\/td>\n<td>2-Jahre<\/td>\n<\/tr>\n<tr>\n<td>Farbe<\/td>\n<td>schwarz<\/td>\n<\/tr>\n<\/tbody>\n<\/table>\n<\/div>\n<\/div>\n<\/div>\n<\/div>\n<\/div>\n<\/div>\n<div class=\"service-panel\"><\/div>\n","protected":false},"excerpt":{"rendered":"<p>DIN A3 Laminierger\u00e4t f\u00fcr den h\u00e4ufigen Gebrauch zu Hause und im B\u00fcro. Garantiert perfekte und schnelle Ergebnisse! Der 3100L Laminator von GBC ist in einer Minute aufgeheizt und verarbeitet auf Knopfdruck Folienst\u00e4rken bis 350 Mic (2 x 175) in nur 20 Sekunden. Dank eine Freigabetaste lassen sich Folienstaus ganz leicht beheben. Gleichzeitig sparen Sie Energie [&hellip;]<\/p>\n","protected":false},"featured_media":4083,"comment_status":"closed","ping_status":"closed","template":"","meta":[],"product_brand":[],"product_cat":[317,321,238,309,320,223,241,240,323],"product_tag":[357,359,354],"class_list":{"0":"post-4082","1":"product","2":"type-product","3":"status-publish","4":"has-post-thumbnail","6":"product_cat-gbc-nach-marken","7":"product_cat-buero-betrieb-schule","8":"product_cat-din-a3-laminiergeraete","9":"product_cat-gbc","10":"product_cat-hobby-heimbuero","11":"product_cat-laminiergeraete","12":"product_cat-nach-anwendung","13":"product_cat-nach-marken","14":"product_cat-schnell-startklar","15":"product_tag-a3","16":"product_tag-gbc","17":"product_tag-laminiergeraet","19":"first","20":"instock","21":"taxable","22":"shipping-taxable","23":"purchasable","24":"product-type-simple"},"acf":[],"tiered_pricing_type":"fixed","tiered_pricing_fixed_rules":[],"tiered_pricing_product_settings":{"layout":"default","base_unit_name":{"singular":null,"plural":null},"default_variation":null},"tiered_pricing_minimum_quantity":null,"tiered_pricing_roles_data":[],"tiered_pricing_percentage_rules":[],"_links":{"self":[{"href":"https:\/\/www.laminierfolien.de\/shop\/wp-json\/wp\/v2\/product\/4082","targetHints":{"allow":["GET"]}}],"collection":[{"href":"https:\/\/www.laminierfolien.de\/shop\/wp-json\/wp\/v2\/product"}],"about":[{"href":"https:\/\/www.laminierfolien.de\/shop\/wp-json\/wp\/v2\/types\/product"}],"replies":[{"embeddable":true,"href":"https:\/\/www.laminierfolien.de\/shop\/wp-json\/wp\/v2\/comments?post=4082"}],"wp:featuredmedia":[{"embeddable":true,"href":"https:\/\/www.laminierfolien.de\/shop\/wp-json\/wp\/v2\/media\/4083"}],"wp:attachment":[{"href":"https:\/\/www.laminierfolien.de\/shop\/wp-json\/wp\/v2\/media?parent=4082"}],"wp:term":[{"taxonomy":"product_brand","embeddable":true,"href":"https:\/\/www.laminierfolien.de\/shop\/wp-json\/wp\/v2\/product_brand?post=4082"},{"taxonomy":"product_cat","embeddable":true,"href":"https:\/\/www.laminierfolien.de\/shop\/wp-json\/wp\/v2\/product_cat?post=4082"},{"taxonomy":"product_tag","embeddable":true,"href":"https:\/\/www.laminierfolien.de\/shop\/wp-json\/wp\/v2\/product_tag?post=4082"}],"curies":[{"name":"wp","href":"https:\/\/api.w.org\/{rel}","templated":true}]}}