{"id":4076,"date":"2024-03-20T15:31:35","date_gmt":"2024-03-20T14:31:35","guid":{"rendered":"https:\/\/www.laminierfolien.de\/shop\/?post_type=product&#038;p=4076"},"modified":"2024-03-25T16:37:26","modified_gmt":"2024-03-25T15:37:26","slug":"laminiergeraet-bis-a3-leitz-ilam-touch-2-turbo-a3","status":"publish","type":"product","link":"https:\/\/www.laminierfolien.de\/shop\/produkt\/laminiergeraet-bis-a3-leitz-ilam-touch-2-turbo-a3\/","title":{"rendered":"Laminierger\u00e4t bis A3 &#8211; Leitz iLAM Touch 2 Turbo A3"},"content":{"rendered":"<p><strong>iLAM Touch 2 Turbo A3 &#8211; 6 Rollen Laminierger\u00e4t f\u00fcr den h\u00e4ufigen Einsatz im B\u00fcro oder Schule<\/strong><\/p>\n<p>Vollautomatisches A3 Highspeed Hochleistungslaminierger\u00e4t mit <strong>intelligenter Sensortechnologie<\/strong> &#8211; perfekte Ergebnisse ohne komplizierte Einstellungen!<br \/>\nEinfaches Einlegen eines Dokuments dank des<strong> Easy Feed Systems<\/strong>. Einzigartige und patentierte Ablagef\u00e4cher gew\u00e4hrleisten absolut gleichm\u00e4\u00dfige und vor allem hochwertige Laminierergebnisse<\/p>\n<p><strong>Merkmale<\/strong><\/p>\n<ul>\n<li>Einzigartige intelligente Sensortechnologie<\/li>\n<li>1500 mm\/Min. Laminiergeschwindigkeit &#8211; ideal f\u00fcr den h\u00e4ufigen Einsatz im B\u00fcro<\/li>\n<li>Aufheizzeit nur 1 Min., keine Wartezeit beim Wechsel zwischen unterschiedlichen Folienst\u00e4rken<\/li>\n<li>Einfaches Einlegen eines Dokuments dank des Easy Feed Systems. Einzigartige und patentierte, einklappbare Ablagef\u00e4cher gew\u00e4hrleisten absolut gleichm\u00e4\u00dfige, hochwertige Laminierergebnisse<\/li>\n<li>Niedriger Energieverbrauch, automatische Abschaltung nach 30 Minuten, wenn nicht im Gebrauch<\/li>\n<li>Automatische R\u00fccklauffunktion &#8211; verhindert Folienstaus, wenn Folien falsch eingelegt wurden<\/li>\n<li>F\u00fcr 80 bis 250 mic<\/li>\n<li>Ben\u00f6tigt ca. 20 Sekunden f\u00fcr das Laminieren einer 80 mic A4 Folie<\/li>\n<li>LED An-\/Aus- und R\u00fccklauf-Anzeige<\/li>\n<li>Inklusive kostenlosem Laminierfolien Starterkit<\/li>\n<\/ul>\n<p>&nbsp;<\/p>\n<p><strong>Technische Daten:<\/strong><\/p>\n<table>\n<tbody>\n<tr>\n<td>max. Folienst\u00e4rke<\/td>\n<td>500 Mic (2 x 250)<\/td>\n<\/tr>\n<tr>\n<td>max. Folienbreite<\/td>\n<td>DIN A3<\/td>\n<\/tr>\n<tr>\n<td>Rollen-System<\/td>\n<td>6<\/td>\n<\/tr>\n<tr>\n<td>Temperatureinstellung<\/td>\n<td>max. 135 \u00b0C<\/td>\n<\/tr>\n<tr>\n<td>Aufheizzeit<\/td>\n<td>1 Minute<\/td>\n<\/tr>\n<tr>\n<td>Arbeitsgeschwindigkeit<\/td>\n<td>1500 mm\/ Min.<\/td>\n<\/tr>\n<tr>\n<td>Abmessungen (B x T x H)<\/td>\n<td>48,2 x 40,0 x 12,5 cm<\/td>\n<\/tr>\n<tr>\n<td>Gewicht<\/td>\n<td>8,2 kg<\/td>\n<\/tr>\n<tr>\n<td>Stromverbrauch<\/td>\n<td>1.700 W \/ 220 &#8211; 240 V<\/td>\n<\/tr>\n<tr>\n<td>Pr\u00fcfzeichen<\/td>\n<td>T\u00dcV Rheinland \/ GS-Zeichen<\/td>\n<\/tr>\n<tr>\n<td>Herstellergarantie<\/td>\n<td>3 Jahre<\/td>\n<\/tr>\n<tr>\n<td>Farbe<\/td>\n<td>anthrazit \/ wei\u00df Hochglanz<\/td>\n<\/tr>\n<\/tbody>\n<\/table>\n","protected":false},"excerpt":{"rendered":"<p>iLAM Touch 2 Turbo A3 &#8211; 6 Rollen Laminierger\u00e4t f\u00fcr den h\u00e4ufigen Einsatz im B\u00fcro oder Schule Vollautomatisches A3 Highspeed Hochleistungslaminierger\u00e4t mit intelligenter Sensortechnologie &#8211; perfekte Ergebnisse ohne komplizierte Einstellungen! Einfaches Einlegen eines Dokuments dank des Easy Feed Systems. Einzigartige und patentierte Ablagef\u00e4cher gew\u00e4hrleisten absolut gleichm\u00e4\u00dfige und vor allem hochwertige Laminierergebnisse Merkmale Einzigartige intelligente Sensortechnologie [&hellip;]<\/p>\n","protected":false},"featured_media":4077,"comment_status":"closed","ping_status":"closed","template":"","meta":[],"product_brand":[],"product_cat":[316,326,321,238,324,223,308,325,241,240,322,323],"product_tag":[357,354,356],"class_list":{"0":"post-4076","1":"product","2":"type-product","3":"status-publish","4":"has-post-thumbnail","6":"product_cat-leitz-nach-marken","7":"product_cat-aut-folienerkennung","8":"product_cat-buero-betrieb-schule","9":"product_cat-din-a3-laminiergeraete","10":"product_cat-hohe-geschwindigkeit","11":"product_cat-laminiergeraete","12":"product_cat-leitz","13":"product_cat-maximale-folienstaerke","14":"product_cat-nach-anwendung","15":"product_cat-nach-marken","16":"product_cat-professioneller-einsatz","17":"product_cat-schnell-startklar","18":"product_tag-a3","19":"product_tag-laminiergeraet","20":"product_tag-leitz","22":"first","23":"instock","24":"sale","25":"taxable","26":"shipping-taxable","27":"purchasable","28":"product-type-simple"},"acf":[],"tiered_pricing_type":"fixed","tiered_pricing_fixed_rules":[],"tiered_pricing_product_settings":{"layout":"default","base_unit_name":{"singular":null,"plural":null},"default_variation":null},"tiered_pricing_minimum_quantity":null,"tiered_pricing_roles_data":[],"tiered_pricing_percentage_rules":[],"_links":{"self":[{"href":"https:\/\/www.laminierfolien.de\/shop\/wp-json\/wp\/v2\/product\/4076","targetHints":{"allow":["GET"]}}],"collection":[{"href":"https:\/\/www.laminierfolien.de\/shop\/wp-json\/wp\/v2\/product"}],"about":[{"href":"https:\/\/www.laminierfolien.de\/shop\/wp-json\/wp\/v2\/types\/product"}],"replies":[{"embeddable":true,"href":"https:\/\/www.laminierfolien.de\/shop\/wp-json\/wp\/v2\/comments?post=4076"}],"wp:featuredmedia":[{"embeddable":true,"href":"https:\/\/www.laminierfolien.de\/shop\/wp-json\/wp\/v2\/media\/4077"}],"wp:attachment":[{"href":"https:\/\/www.laminierfolien.de\/shop\/wp-json\/wp\/v2\/media?parent=4076"}],"wp:term":[{"taxonomy":"product_brand","embeddable":true,"href":"https:\/\/www.laminierfolien.de\/shop\/wp-json\/wp\/v2\/product_brand?post=4076"},{"taxonomy":"product_cat","embeddable":true,"href":"https:\/\/www.laminierfolien.de\/shop\/wp-json\/wp\/v2\/product_cat?post=4076"},{"taxonomy":"product_tag","embeddable":true,"href":"https:\/\/www.laminierfolien.de\/shop\/wp-json\/wp\/v2\/product_tag?post=4076"}],"curies":[{"name":"wp","href":"https:\/\/api.w.org\/{rel}","templated":true}]}}