{"id":4066,"date":"2024-03-20T15:18:02","date_gmt":"2024-03-20T14:18:02","guid":{"rendered":"https:\/\/www.laminierfolien.de\/shop\/?post_type=product&#038;p=4066"},"modified":"2025-11-19T11:35:53","modified_gmt":"2025-11-19T10:35:53","slug":"laminiergeraet-bis-a3-krueger-360-v2-160-mic","status":"publish","type":"product","link":"https:\/\/www.laminierfolien.de\/shop\/produkt\/laminiergeraet-bis-a3-krueger-360-v2-160-mic\/","title":{"rendered":"Laminierger\u00e4t bis A3 &#8211; Kr\u00fcger 360 V2 \/ 160 Mic"},"content":{"rendered":"<div class=\"product--description\">\n<p>Das Laminierger\u00e4t &#8222;Kr\u00fcger 360 V2&#8220; kann f\u00fcr Formate bis DIN A3 eingesetzt werden und ist der ideale Begleiter f\u00fcr einwandfreie Laminierergebnisse.<\/p>\n<p><span class=\"rchidesmall\">\u2714<\/span>\u00a0herausragendes &#8222;Control-Panel&#8220;<br \/>\n<span class=\"rchidesmall\">\u2714<\/span>\u00a0extrem schnelle und sch\u00f6ne Laminierergbnisse<br \/>\n<span class=\"rchidesmall\">\u2714<\/span>\u00a06-Rollen-System mit 4 synchron beheizten- und 2 Transportrollen<br \/>\n<span class=\"rchidesmall\">\u2714<\/span>\u00a0Folienst\u00e4rken von 160 Mic (2 x 80) &#8211; 500 Mic (2 x 250) k\u00f6nnen laminiert werden<br \/>\n<span class=\"rchidesmall\">\u2714<\/span>\u00a0benutzerfreundlich, dank einfacher Bedienung<br \/>\n<span class=\"rchidesmall\">\u2714<\/span>\u00a0Carbon-Optik<br \/>\n<span class=\"rchidesmall\">\u2714<\/span>\u00a0nach nur 60 Sekunden einsatzbereit<br \/>\n<span class=\"rchidesmall\">\u2714<\/span>\u00a0Anti-Stau-Funktion: R\u00fccklauffunktion f\u00fcr falsch eingelegte Laminierfolien<br \/>\n<span class=\"rchidesmall\">\u2714<\/span>\u00a0benutzerfreundliches digitales Display f\u00fcr die Auswahl der Micron-St\u00e4rke (Mic) und des Laminiergutes (Kopierpapier, Karton oder Foto)<br \/>\n<span class=\"rchidesmall\">\u2714<\/span>\u00a0Abschaltautomatik nach 30 Minuten inaktivit\u00e4t &#8211; spart Energie und Kosten<\/p>\n<\/div>\n<p><strong>Dieses Set beinhaltet neben dem Laminierger\u00e4t\u00a0Kr\u00fcger 360 V2\u00a0ebenfalls folgende Folien:<\/strong><\/p>\n<p>1 x\u00a0<a title=\"Laminiertaschen DIN A4 - 160 Mic - klar\" href=\"https:\/\/www.laminierfolien.de\/shop\/produkt\/laminierfolien-din-a4-216-x-303-mm\/\">Laminiertaschen DIN A4 \/ 160 Mic (2 x 80)<\/a><br \/>\n1 x\u00a0<a title=\"Laminiertaschen DIN A4 - 160 Mic - klar\" href=\"https:\/\/www.laminierfolien.de\/shop\/produkt\/laminierfolien-din-a3-303-x-426-mm\/\">Laminiertaschen DIN A3 \/ 160 Mic (2 x 80)<\/a><\/p>\n<p>&nbsp;<\/p>\n<p><strong>Technische Daten:<\/strong><\/p>\n<table>\n<tbody>\n<tr>\n<td>Ma\u00dfe (B x T x H)<\/td>\n<td>52,5 x 18,0 x 12,7 cm<\/td>\n<\/tr>\n<tr>\n<td>Gewicht<\/td>\n<td>5,2 kg<\/td>\n<\/tr>\n<tr>\n<td>Aufheizzeit bei Raumtemperatur<\/td>\n<td>60 Sekunden<\/td>\n<\/tr>\n<tr>\n<td>Maximale Folienbreite<\/td>\n<td>330 mm (DIN A3)<\/td>\n<\/tr>\n<tr>\n<td>Folienst\u00e4rke<\/td>\n<td>160 Mic (2 x 80) &#8211; 500 Mic (2 x 250)<\/td>\n<\/tr>\n<tr>\n<td>Heizrollen<\/td>\n<td>6<\/td>\n<\/tr>\n<tr>\n<td>Herstellergarantie<\/td>\n<td>2 Jahre<\/td>\n<\/tr>\n<\/tbody>\n<\/table>\n","protected":false},"excerpt":{"rendered":"<p>Das Laminierger\u00e4t &#8222;Kr\u00fcger 360 V2&#8220; kann f\u00fcr Formate bis DIN A3 eingesetzt werden und ist der ideale Begleiter f\u00fcr einwandfreie Laminierergebnisse. \u2714\u00a0herausragendes &#8222;Control-Panel&#8220; \u2714\u00a0extrem schnelle und sch\u00f6ne Laminierergbnisse \u2714\u00a06-Rollen-System mit 4 synchron beheizten- und 2 Transportrollen \u2714\u00a0Folienst\u00e4rken von 160 Mic (2 x 80) &#8211; 500 Mic (2 x 250) k\u00f6nnen laminiert werden \u2714\u00a0benutzerfreundlich, dank einfacher [&hellip;]<\/p>\n","protected":false},"featured_media":4067,"comment_status":"closed","ping_status":"closed","template":"","meta":[],"product_brand":[],"product_cat":[315,321,238,324,307,223,325,241,240],"product_tag":[357,355,354],"class_list":{"0":"post-4066","1":"product","2":"type-product","3":"status-publish","4":"has-post-thumbnail","6":"product_cat-krueger-nach-marken","7":"product_cat-buero-betrieb-schule","8":"product_cat-din-a3-laminiergeraete","9":"product_cat-hohe-geschwindigkeit","10":"product_cat-krueger","11":"product_cat-laminiergeraete","12":"product_cat-maximale-folienstaerke","13":"product_cat-nach-anwendung","14":"product_cat-nach-marken","15":"product_tag-a3","16":"product_tag-krueger","17":"product_tag-laminiergeraet","19":"first","20":"instock","21":"taxable","22":"shipping-taxable","23":"purchasable","24":"product-type-simple"},"acf":[],"tiered_pricing_type":"fixed","tiered_pricing_fixed_rules":[],"tiered_pricing_product_settings":{"layout":"default","base_unit_name":{"singular":null,"plural":null},"default_variation":null},"tiered_pricing_minimum_quantity":null,"tiered_pricing_roles_data":[],"tiered_pricing_percentage_rules":[],"_links":{"self":[{"href":"https:\/\/www.laminierfolien.de\/shop\/wp-json\/wp\/v2\/product\/4066","targetHints":{"allow":["GET"]}}],"collection":[{"href":"https:\/\/www.laminierfolien.de\/shop\/wp-json\/wp\/v2\/product"}],"about":[{"href":"https:\/\/www.laminierfolien.de\/shop\/wp-json\/wp\/v2\/types\/product"}],"replies":[{"embeddable":true,"href":"https:\/\/www.laminierfolien.de\/shop\/wp-json\/wp\/v2\/comments?post=4066"}],"wp:featuredmedia":[{"embeddable":true,"href":"https:\/\/www.laminierfolien.de\/shop\/wp-json\/wp\/v2\/media\/4067"}],"wp:attachment":[{"href":"https:\/\/www.laminierfolien.de\/shop\/wp-json\/wp\/v2\/media?parent=4066"}],"wp:term":[{"taxonomy":"product_brand","embeddable":true,"href":"https:\/\/www.laminierfolien.de\/shop\/wp-json\/wp\/v2\/product_brand?post=4066"},{"taxonomy":"product_cat","embeddable":true,"href":"https:\/\/www.laminierfolien.de\/shop\/wp-json\/wp\/v2\/product_cat?post=4066"},{"taxonomy":"product_tag","embeddable":true,"href":"https:\/\/www.laminierfolien.de\/shop\/wp-json\/wp\/v2\/product_tag?post=4066"}],"curies":[{"name":"wp","href":"https:\/\/api.w.org\/{rel}","templated":true}]}}