{"id":4064,"date":"2024-03-20T15:12:35","date_gmt":"2024-03-20T14:12:35","guid":{"rendered":"https:\/\/www.laminierfolien.de\/shop\/?post_type=product&#038;p=4064"},"modified":"2024-03-25T14:41:19","modified_gmt":"2024-03-25T13:41:19","slug":"laminiergeraet-bis-a3-krueger-320-100-folien-a4-100-folien-a3-2","status":"publish","type":"product","link":"https:\/\/www.laminierfolien.de\/shop\/produkt\/laminiergeraet-bis-a3-krueger-320-100-folien-a4-100-folien-a3-2\/","title":{"rendered":"Laminierger\u00e4t bis A3 &#8211; Kr\u00fcger 320 \/ 100 Folien A4 \/ 100 Folien A3"},"content":{"rendered":"<div class=\"product--description\">\n<p>F\u00fcr den Einsatz im Home-Office oder B\u00fcro mit geringem bis mittelgro\u00dfem Laminieraufkommen.<\/p>\n<p><span class=\"rchidesmall\">&#x2714;<\/span>\u00a0schnelle Aufheiz- und Durchlaufzeit<br \/>\n<span class=\"rchidesmall\">&#x2714;<\/span>\u00a0mit innovativer \u00d6ko-Technologie &#8211; senkt den Energieverbrauch<span class=\"rchidesmall\">\u00a0um mehr als 75 % gegen\u00fcber herk\u00f6mmlichen Laminierger\u00e4ten<br \/>\n&#x2714;\u00a0mit 2 Heizrollen-Technologie<br \/>\n&#x2714;\u00a0keine Wartezeit durch Anpassung der Temperatur beim Umschalten<br \/>\n&#x2714;\u00a0die PTC-Technologie reguliert die Energiezufuhr von 160 Mic (2 x 80) &#8211; 250 Mic (2 x 125) Laminiertaschen<\/span><br \/>\n<span class=\"rchidesmall\">&#x2714;<\/span>\u00a0ABS-Funktion zur manuellen Entnahme verklemmter Laminiertaschen<br \/>\n<span class=\"rchidesmall\">&#x2714;<\/span>\u00a0umweltfreundlich, keine Verwendung von Flammschutzmittel (z.B. Brom)<br \/>\n<span class=\"rchidesmall\">&#x2714;<\/span>\u00a0Backloader-Folienschub-Technologie erleichtert die Handhabung und verringert den Platzbedarf<br \/>\n<span class=\"rchidesmall\">&#x2714;<\/span>\u00a0benutzerfreundliche und sehr einfache Bedienung<\/p>\n<\/div>\n<p><strong>Dieses Set beinhaltet neben dem Laminierger\u00e4t Leopard ebenfalls folgende Folien:<\/strong><\/p>\n<p>1 x\u00a0<span data-mce-mark=\"1\"><a title=\"Laminiertaschen DIN A4 - 250 Mic - klar\" href=\"https:\/\/www.laminierfolien.de\/shop\/produkt\/laminierfolien-din-a4-216-x-303-mm\/\">Laminiertaschen DIN A4 \/ 250 Mic (2 x 125) \/ klar<\/a><\/span>\u00a0(100 St\u00fcck)<br \/>\n1 x\u00a0<span data-mce-mark=\"1\"><a title=\"Laminiertaschen DIN A3 - 250 Mic - klar\" href=\"https:\/\/www.laminierfolien.de\/shop\/produkt\/laminierfolien-din-a3-320-x-445-mm\/\" rel=\"noopener\">Laminiertaschen DIN A3 \/ 250 Mic (2 x 125) \/ klar<\/a><\/span>\u00a0(100 St\u00fcck)<\/p>\n<p>&nbsp;<\/p>\n<p><strong>Technische Daten:<\/strong><\/p>\n<table>\n<tbody>\n<tr>\n<td>Ma\u00dfe (B x T x H)<\/td>\n<td>43,5 x 13,9 x 6,8 cm<\/td>\n<\/tr>\n<tr>\n<td>Gewicht<\/td>\n<td>1,3 kg<\/td>\n<\/tr>\n<tr>\n<td>Aufheizzeit<\/td>\n<td>1,5 &#8211; 2 Min.<\/td>\n<\/tr>\n<tr>\n<td>Laminierbreite<\/td>\n<td>330 mm (A3)<\/td>\n<\/tr>\n<tr>\n<td>Laminiergeschwindigkeit<\/td>\n<td>300 mm \/ Min.<\/td>\n<\/tr>\n<tr>\n<td>Folienst\u00e4rke<\/td>\n<td>80 &#8211; 125 Mic<\/td>\n<\/tr>\n<tr>\n<td>Arbeitstemperatur<\/td>\n<td>0 &#8211; 125<span class=\"_Tgc\">\u00b0<\/span>\u00a0C<\/td>\n<\/tr>\n<tr>\n<td>Leistungsaufnahme<\/td>\n<td>80 Watt (800 Watt w\u00e4hrend der 1. Minute<\/td>\n<\/tr>\n<\/tbody>\n<\/table>\n","protected":false},"excerpt":{"rendered":"<p>F\u00fcr den Einsatz im Home-Office oder B\u00fcro mit geringem bis mittelgro\u00dfem Laminieraufkommen. &#x2714;\u00a0schnelle Aufheiz- und Durchlaufzeit &#x2714;\u00a0mit innovativer \u00d6ko-Technologie &#8211; senkt den Energieverbrauch\u00a0um mehr als 75 % gegen\u00fcber herk\u00f6mmlichen Laminierger\u00e4ten &#x2714;\u00a0mit 2 Heizrollen-Technologie &#x2714;\u00a0keine Wartezeit durch Anpassung der Temperatur beim Umschalten &#x2714;\u00a0die PTC-Technologie reguliert die Energiezufuhr von 160 Mic (2 x 80) &#8211; 250 Mic [&hellip;]<\/p>\n","protected":false},"featured_media":4065,"comment_status":"closed","ping_status":"closed","template":"","meta":[],"product_brand":[],"product_cat":[315,238,307,223,240],"product_tag":[357,355,354],"class_list":{"0":"post-4064","1":"product","2":"type-product","3":"status-publish","4":"has-post-thumbnail","6":"product_cat-krueger-nach-marken","7":"product_cat-din-a3-laminiergeraete","8":"product_cat-krueger","9":"product_cat-laminiergeraete","10":"product_cat-nach-marken","11":"product_tag-a3","12":"product_tag-krueger","13":"product_tag-laminiergeraet","15":"first","16":"instock","17":"taxable","18":"shipping-taxable","19":"purchasable","20":"product-type-simple"},"acf":[],"tiered_pricing_type":"fixed","tiered_pricing_fixed_rules":[],"tiered_pricing_product_settings":{"layout":"default","base_unit_name":{"singular":null,"plural":null},"default_variation":null},"tiered_pricing_minimum_quantity":null,"tiered_pricing_roles_data":[],"tiered_pricing_percentage_rules":[],"_links":{"self":[{"href":"https:\/\/www.laminierfolien.de\/shop\/wp-json\/wp\/v2\/product\/4064","targetHints":{"allow":["GET"]}}],"collection":[{"href":"https:\/\/www.laminierfolien.de\/shop\/wp-json\/wp\/v2\/product"}],"about":[{"href":"https:\/\/www.laminierfolien.de\/shop\/wp-json\/wp\/v2\/types\/product"}],"replies":[{"embeddable":true,"href":"https:\/\/www.laminierfolien.de\/shop\/wp-json\/wp\/v2\/comments?post=4064"}],"wp:featuredmedia":[{"embeddable":true,"href":"https:\/\/www.laminierfolien.de\/shop\/wp-json\/wp\/v2\/media\/4065"}],"wp:attachment":[{"href":"https:\/\/www.laminierfolien.de\/shop\/wp-json\/wp\/v2\/media?parent=4064"}],"wp:term":[{"taxonomy":"product_brand","embeddable":true,"href":"https:\/\/www.laminierfolien.de\/shop\/wp-json\/wp\/v2\/product_brand?post=4064"},{"taxonomy":"product_cat","embeddable":true,"href":"https:\/\/www.laminierfolien.de\/shop\/wp-json\/wp\/v2\/product_cat?post=4064"},{"taxonomy":"product_tag","embeddable":true,"href":"https:\/\/www.laminierfolien.de\/shop\/wp-json\/wp\/v2\/product_tag?post=4064"}],"curies":[{"name":"wp","href":"https:\/\/api.w.org\/{rel}","templated":true}]}}