{"id":4056,"date":"2024-03-20T14:52:45","date_gmt":"2024-03-20T13:52:45","guid":{"rendered":"https:\/\/www.laminierfolien.de\/shop\/?post_type=product&#038;p=4056"},"modified":"2024-03-25T16:17:04","modified_gmt":"2024-03-25T15:17:04","slug":"laminiergeraet-bis-a3-krueger-360-v2","status":"publish","type":"product","link":"https:\/\/www.laminierfolien.de\/shop\/produkt\/laminiergeraet-bis-a3-krueger-360-v2\/","title":{"rendered":"Laminierger\u00e4t bis A3 &#8211; Kr\u00fcger 360 V2"},"content":{"rendered":"<p><strong>Jetzt neu &#8211; Kr\u00fcger 360 V2 in Carbon Optik<\/strong><\/p>\n<p>Das robuste Laminierger\u00e4t &#8222;Kr\u00fcger 360 V2&#8220; gilt als Hochgeschwindigkeits-Laminierger\u00e4t und wurde bewusst f\u00fcr professionelle Anwender entwickelt. Das &#8222;Kr\u00fcger 360 V2&#8220;, welches f\u00fcr einen intensiven und dauerhaften Einsatz geschaffen wurde, verf\u00fcgt durch das &#8222;Control-Panel&#8220; \u00fcber flexible Einstellungsm\u00f6glichkeiten und \u00fcberzeugt durch eine \u00e4u\u00dferst einfache Handhabung. \u00dcber das Panel haben Sie nicht nur die M\u00f6glichkeit, die zu laminierende Folienst\u00e4rke auszuw\u00e4hlen, sondern k\u00f6nnen bei Bedarf zus\u00e4tzlich das entsprechende Laminiergut hinterlegen- so w\u00e4hlt das Ger\u00e4t die perfekte Einstellungskombination f\u00fcr einwandfreie und professionelle Laminierergebnisse.<\/p>\n<p>Ebenfalls sorgt das 6-Rollen-System mit 4 synchron beheitzten- und 2 Transportrikkeb gleichm\u00e4\u00dfige Verteilung der Hitze und garantiert so auch noch einem f\u00fcr sch\u00f6ne und perfekte Laminiererfolge. Mit diesem Laminierger\u00e4t laminieren Sie alle Folienst\u00e4rken von 160 Mic (2 x 80) bis 500 Mic (2 x 250) bis zu einem Format von DIN A3 spielend leicht und rasend schnell. Das System ist nach nur 60 Sekunden aufgeheizt und startklar f\u00fcr Ihre Laminierherausforderungen.<\/p>\n<p>Das Laminierger\u00e4t &#8222;Kr\u00fcger 360 V2&#8220; kann f\u00fcr Formate bis DIN A3 eingesetzt werden und ist der ideale Begleiter f\u00fcr einwandfreie Laminierergebnisse. Die Lamination von 5 Folien und somit bis zu 350 Folien in DIN A4 innerhalb von 60 Minuten stellen f\u00fcr das &#8222;Kr\u00fcger 360 V2&#8220; keine Herausforderung dar &#8211; diese Geschwindigkeit ist ein Traum eines jeden Laminierprofis. Sollte es dennoch einmal zu einem Folien-Stau kommen, so schafft die Anti-Stau-Funktion Abhilfe: Dank einer perfekt integrierten und ausgereiften R\u00fccklauffunktion, ist eine l\u00e4ngere &#8222;Blockade&#8220; beinahe unm\u00f6glich.<\/p>\n<p><strong>Kurz\u00fcberblick:<\/strong><br \/>\n<span class=\"rchidesmall\">&#x2714;<\/span>\u00a0herausragendes &#8222;Control-Panel&#8220;<br \/>\n<span class=\"rchidesmall\">&#x2714;<\/span>\u00a0extrem schnelle und sch\u00f6ne Laminierergebnisse<br \/>\n<span class=\"rchidesmall\">&#x2714;<\/span>\u00a06-Rollen-System mit 4 synchron beheizten- und 2 Transportrollen<br \/>\n<span class=\"rchidesmall\">&#x2714;<\/span>\u00a0Folienst\u00e4rke von 160 Mic (2 x 80) &#8211; 500 Mic (2 x 250) k\u00f6nnen laminiert werden<br \/>\n<span class=\"rchidesmall\">&#x2714;<\/span>\u00a0benutzerfreundlich, dank einfacher Bedienung<br \/>\n<span class=\"rchidesmall\">&#x2714;<\/span>\u00a0Carbon-Optik<br \/>\n<span class=\"rchidesmall\">&#x2714;<\/span>\u00a0nach nur 60 Sekunden einsatzbereit<br \/>\n<span class=\"rchidesmall\">&#x2714;<\/span>\u00a0Anti-Stau-Funktion: R\u00fccklauffunktion f\u00fcr falsch eingelegte Laminierfolien<br \/>\n<span class=\"rchidesmall\">&#x2714;<\/span>\u00a0benutzerfreundliches digitales Display f\u00fcr die Auswahl der Micron-St\u00e4rke (Mic) und des Laminiergutes (Kopierpapier, Karton oder Foto)<br \/>\n<span class=\"rchidesmall\">&#x2714;<\/span>\u00a0Abschaltautomatik nach 30 Minuten inaktivit\u00e4t &#8211; spart Energie und Kosten<\/p>\n<p>&nbsp;<\/p>\n<p><strong>Technische Daten:<\/strong><\/p>\n<table>\n<tbody>\n<tr>\n<td>Ma\u00dfe (B x T x H)<\/td>\n<td>52,5 x 18,0 x 12,7 cm<\/td>\n<\/tr>\n<tr>\n<td>Gewicht<\/td>\n<td>5,2 kg<\/td>\n<\/tr>\n<tr>\n<td>Aufheizzeit bei Raumtemperatur<\/td>\n<td>60 Sekunden<\/td>\n<\/tr>\n<tr>\n<td>Maximale Folienbreite<\/td>\n<td>330 mm (DIN A3)<\/td>\n<\/tr>\n<tr>\n<td>Folienst\u00e4rke<\/td>\n<td>160 Mic (2 x 80) &#8211; 500 Mic (2 x 250)<\/td>\n<\/tr>\n<tr>\n<td>Rollen\/Walzen<\/td>\n<td>6<\/td>\n<\/tr>\n<tr>\n<td>Herstellergarantie<\/td>\n<td>2 Jahre<\/td>\n<\/tr>\n<\/tbody>\n<\/table>\n","protected":false},"excerpt":{"rendered":"<p>Jetzt neu &#8211; Kr\u00fcger 360 V2 in Carbon Optik Das robuste Laminierger\u00e4t &#8222;Kr\u00fcger 360 V2&#8220; gilt als Hochgeschwindigkeits-Laminierger\u00e4t und wurde bewusst f\u00fcr professionelle Anwender entwickelt. Das &#8222;Kr\u00fcger 360 V2&#8220;, welches f\u00fcr einen intensiven und dauerhaften Einsatz geschaffen wurde, verf\u00fcgt durch das &#8222;Control-Panel&#8220; \u00fcber flexible Einstellungsm\u00f6glichkeiten und \u00fcberzeugt durch eine \u00e4u\u00dferst einfache Handhabung. \u00dcber das Panel [&hellip;]<\/p>\n","protected":false},"featured_media":4057,"comment_status":"closed","ping_status":"closed","template":"","meta":[],"product_brand":[],"product_cat":[315,326,321,238,324,307,223,325,241,240,323],"product_tag":[357,355,354],"class_list":{"0":"post-4056","1":"product","2":"type-product","3":"status-publish","4":"has-post-thumbnail","6":"product_cat-krueger-nach-marken","7":"product_cat-aut-folienerkennung","8":"product_cat-buero-betrieb-schule","9":"product_cat-din-a3-laminiergeraete","10":"product_cat-hohe-geschwindigkeit","11":"product_cat-krueger","12":"product_cat-laminiergeraete","13":"product_cat-maximale-folienstaerke","14":"product_cat-nach-anwendung","15":"product_cat-nach-marken","16":"product_cat-schnell-startklar","17":"product_tag-a3","18":"product_tag-krueger","19":"product_tag-laminiergeraet","21":"first","22":"instock","23":"taxable","24":"shipping-taxable","25":"purchasable","26":"product-type-simple"},"acf":[],"tiered_pricing_type":"fixed","tiered_pricing_fixed_rules":[],"tiered_pricing_product_settings":{"layout":"default","base_unit_name":{"singular":null,"plural":null},"default_variation":null},"tiered_pricing_minimum_quantity":null,"tiered_pricing_roles_data":[],"tiered_pricing_percentage_rules":[],"_links":{"self":[{"href":"https:\/\/www.laminierfolien.de\/shop\/wp-json\/wp\/v2\/product\/4056","targetHints":{"allow":["GET"]}}],"collection":[{"href":"https:\/\/www.laminierfolien.de\/shop\/wp-json\/wp\/v2\/product"}],"about":[{"href":"https:\/\/www.laminierfolien.de\/shop\/wp-json\/wp\/v2\/types\/product"}],"replies":[{"embeddable":true,"href":"https:\/\/www.laminierfolien.de\/shop\/wp-json\/wp\/v2\/comments?post=4056"}],"wp:featuredmedia":[{"embeddable":true,"href":"https:\/\/www.laminierfolien.de\/shop\/wp-json\/wp\/v2\/media\/4057"}],"wp:attachment":[{"href":"https:\/\/www.laminierfolien.de\/shop\/wp-json\/wp\/v2\/media?parent=4056"}],"wp:term":[{"taxonomy":"product_brand","embeddable":true,"href":"https:\/\/www.laminierfolien.de\/shop\/wp-json\/wp\/v2\/product_brand?post=4056"},{"taxonomy":"product_cat","embeddable":true,"href":"https:\/\/www.laminierfolien.de\/shop\/wp-json\/wp\/v2\/product_cat?post=4056"},{"taxonomy":"product_tag","embeddable":true,"href":"https:\/\/www.laminierfolien.de\/shop\/wp-json\/wp\/v2\/product_tag?post=4056"}],"curies":[{"name":"wp","href":"https:\/\/api.w.org\/{rel}","templated":true}]}}