{"id":4052,"date":"2024-03-20T14:44:43","date_gmt":"2024-03-20T13:44:43","guid":{"rendered":"https:\/\/www.laminierfolien.de\/shop\/?post_type=product&#038;p=4052"},"modified":"2024-03-25T16:14:13","modified_gmt":"2024-03-25T15:14:13","slug":"laminiergeraet-bis-a3-krueger-320","status":"publish","type":"product","link":"https:\/\/www.laminierfolien.de\/shop\/produkt\/laminiergeraet-bis-a3-krueger-320\/","title":{"rendered":"Laminierger\u00e4t bis A3 &#8211; Kr\u00fcger 320"},"content":{"rendered":"<p>Mit dem Laminierger\u00e4t Kr\u00fcger Leopard 320 k\u00f6nnen Dokumente mit einem Format bis maximal A3 professionell und sicher laminiert werden.<\/p>\n<p><strong>Damit wichtige Unterlagen und Materialien gesch\u00fctzt sind<br \/>\n<\/strong> Unachtsamkeit oder die h\u00e4ufige Nutzung sind die am meisten vorkommenden Ursachen daf\u00fcr, dass Dokumente besch\u00e4digt werden. Dabei kann es sich gleicherma\u00dfen um einen Ausweis, eine Speisekarte oder ein Spielobjekt f\u00fcr Kinder handeln. Unser Laminierger\u00e4t Kr\u00fcger Leopard 320 geh\u00f6rt f\u00fcr Sie zur Grundausstattung, wenn Sie solche Gegenst\u00e4nde vor Abnutzung und Besch\u00e4digung sch\u00fctzen m\u00f6chten. Das Laminierger\u00e4t Kr\u00fcger Leopard 320 l\u00e4sst sich f\u00fcr die verschiedensten Formate nutzen und ist im privaten Bereich ebenso einsetzbar wie in B\u00fcros, Beh\u00f6rden, Kinderg\u00e4rten oder Schulen.<\/p>\n<p><strong>Alle Fakten \u00fcber das Laminierger\u00e4t Kr\u00fcger Leopard 320<br \/>\n<\/strong>&#x2714; schnelle Aufheiz- und Durchlaufzeit<br \/>\n&#x2714; mit innovativer \u00d6ko-Technologie &#8211; senkt den Energieverbrauch um mehr als 75 % gegen\u00fcber herk\u00f6mmlichen Laminierger\u00e4ten<br \/>\n&#x2714; mit 2 Heizrollen-Technologie<br \/>\n&#x2714; keine Wartezeit durch Anpassung der Temperatur beim Umschalten<br \/>\n&#x2714; die PTC-Technologie reguliert die Energiezufuhr von 160 Mic (2 x 80) &#8211; 250 Mic (2 x 125) Laminiertaschen<br \/>\n&#x2714; ABS-Funktion zur manuellen Entnahme verklemmter Laminiertaschen<br \/>\n&#x2714; umweltfreundlich, keine Verwendung von Flammschutzmittel (z.B. Brom)<br \/>\n&#x2714; Backloader-Folienschub-Technologie erleichtert die Handhabung und verringert den Platzbedarf<br \/>\n&#x2714; benutzerfreundlich und sehr einfache Bedienung<\/p>\n<p><strong>F\u00fcr den gelegentlichen bis mittelm\u00e4\u00dfigen Gebrauch<br \/>\n<\/strong> Wenn Sie ab und zu oder mit einer geringen Regelm\u00e4\u00dfigkeit etwas laminieren m\u00f6chten, dann ist das Laminierger\u00e4t Kr\u00fcger Leopard 320 f\u00fcr Sie die richtige Wahl. Es kann Dokumente bis zu einem Format von DIN A3 laminieren und besticht durch seine schnelle Aufheiz- und Durchlaufzeit. Der Clou: Beim Laminierger\u00e4t Kr\u00fcger Leopard 320 m\u00fcssen Sie im Falle einer Umschaltung nicht auf die Anpassung der Temperatur warten. Trotz dieser starken Leistung hat das Ger\u00e4t einen um bis zu 75 % geringeren Energieverbrauch als andere Laminierger\u00e4te.<\/p>\n<p><strong>Komfortable Handhabung bei der Arbeit<br \/>\n<\/strong>Das Laminierger\u00e4t Kr\u00fcger Leopard 320 hat nicht nur einen geringen Platzbedarf, sondern l\u00e4sst sich auch sehr einfach bedienen. Sollte sich zum Beispiel eine Laminiertasche einmal verklemmt haben, k\u00f6nnen Sie sie dank der ABS-Funktion ohne M\u00fchen wieder aus dem Laminierger\u00e4t entnehmen.<\/p>\n<p>&nbsp;<\/p>\n<p><strong>Technische Daten:<\/strong><\/p>\n<table>\n<tbody>\n<tr>\n<td>Ma\u00dfe (B x T x H)<\/td>\n<td>43,5 x 13,9 x 6,8 cm<\/td>\n<\/tr>\n<tr>\n<td>Gewicht<\/td>\n<td>1,3 kg<\/td>\n<\/tr>\n<tr>\n<td>Aufheizzeit<\/td>\n<td>1,5 &#8211; 2 Min.<\/td>\n<\/tr>\n<tr>\n<td>Laminierbreite<\/td>\n<td>330 mm (A3)<\/td>\n<\/tr>\n<tr>\n<td>Laminiergeschwindigkeit<\/td>\n<td>300 mm \/ Min.<\/td>\n<\/tr>\n<tr>\n<td>Folienst\u00e4rke<\/td>\n<td>80 &#8211; 125 Mic<\/td>\n<\/tr>\n<tr>\n<td>\u00a0Arbeitstemperatur<\/td>\n<td>0 &#8211; 125<span class=\"_Tgc\">\u00b0<\/span>\u00a0C<\/td>\n<\/tr>\n<tr>\n<td>\u00a0Leistungsaufnahme<\/td>\n<td>80 Watt (800 Watt w\u00e4hrend der 1. Minute)<\/td>\n<\/tr>\n<\/tbody>\n<\/table>\n","protected":false},"excerpt":{"rendered":"<p>Mit dem Laminierger\u00e4t Kr\u00fcger Leopard 320 k\u00f6nnen Dokumente mit einem Format bis maximal A3 professionell und sicher laminiert werden. Damit wichtige Unterlagen und Materialien gesch\u00fctzt sind Unachtsamkeit oder die h\u00e4ufige Nutzung sind die am meisten vorkommenden Ursachen daf\u00fcr, dass Dokumente besch\u00e4digt werden. Dabei kann es sich gleicherma\u00dfen um einen Ausweis, eine Speisekarte oder ein Spielobjekt [&hellip;]<\/p>\n","protected":false},"featured_media":4053,"comment_status":"closed","ping_status":"closed","template":"","meta":[],"product_brand":[],"product_cat":[315,321,238,320,307,223,241,240],"product_tag":[357,355,354],"class_list":{"0":"post-4052","1":"product","2":"type-product","3":"status-publish","4":"has-post-thumbnail","6":"product_cat-krueger-nach-marken","7":"product_cat-buero-betrieb-schule","8":"product_cat-din-a3-laminiergeraete","9":"product_cat-hobby-heimbuero","10":"product_cat-krueger","11":"product_cat-laminiergeraete","12":"product_cat-nach-anwendung","13":"product_cat-nach-marken","14":"product_tag-a3","15":"product_tag-krueger","16":"product_tag-laminiergeraet","18":"first","19":"instock","20":"taxable","21":"shipping-taxable","22":"purchasable","23":"product-type-simple"},"acf":[],"tiered_pricing_type":"fixed","tiered_pricing_fixed_rules":[],"tiered_pricing_product_settings":{"layout":"default","base_unit_name":{"singular":null,"plural":null},"default_variation":null},"tiered_pricing_minimum_quantity":null,"tiered_pricing_roles_data":[],"tiered_pricing_percentage_rules":[],"_links":{"self":[{"href":"https:\/\/www.laminierfolien.de\/shop\/wp-json\/wp\/v2\/product\/4052","targetHints":{"allow":["GET"]}}],"collection":[{"href":"https:\/\/www.laminierfolien.de\/shop\/wp-json\/wp\/v2\/product"}],"about":[{"href":"https:\/\/www.laminierfolien.de\/shop\/wp-json\/wp\/v2\/types\/product"}],"replies":[{"embeddable":true,"href":"https:\/\/www.laminierfolien.de\/shop\/wp-json\/wp\/v2\/comments?post=4052"}],"wp:featuredmedia":[{"embeddable":true,"href":"https:\/\/www.laminierfolien.de\/shop\/wp-json\/wp\/v2\/media\/4053"}],"wp:attachment":[{"href":"https:\/\/www.laminierfolien.de\/shop\/wp-json\/wp\/v2\/media?parent=4052"}],"wp:term":[{"taxonomy":"product_brand","embeddable":true,"href":"https:\/\/www.laminierfolien.de\/shop\/wp-json\/wp\/v2\/product_brand?post=4052"},{"taxonomy":"product_cat","embeddable":true,"href":"https:\/\/www.laminierfolien.de\/shop\/wp-json\/wp\/v2\/product_cat?post=4052"},{"taxonomy":"product_tag","embeddable":true,"href":"https:\/\/www.laminierfolien.de\/shop\/wp-json\/wp\/v2\/product_tag?post=4052"}],"curies":[{"name":"wp","href":"https:\/\/api.w.org\/{rel}","templated":true}]}}