{"id":4050,"date":"2024-03-20T14:34:33","date_gmt":"2024-03-20T13:34:33","guid":{"rendered":"https:\/\/www.laminierfolien.de\/shop\/?post_type=product&#038;p=4050"},"modified":"2024-03-25T13:25:48","modified_gmt":"2024-03-25T12:25:48","slug":"laminiergeraet-bis-a1-krueger-lm-650","status":"publish","type":"product","link":"https:\/\/www.laminierfolien.de\/shop\/produkt\/laminiergeraet-bis-a1-krueger-lm-650\/","title":{"rendered":"Laminierger\u00e4t bis A1 &#8211; Kr\u00fcger LM 650"},"content":{"rendered":"<p><strong>Laminierger\u00e4t bis A1<br \/>\n<\/strong><\/p>\n<p>Dieses Profi- und hochqualitative Laminierger\u00e4t mit einer maximalen Arbeitsbreite von DIN A1 ist speziell f\u00fcr Anwender entwickelt, die \u00fcber hohe Laminiervolumen mit den unterschiedlichsten Formatanspr\u00fcchen verf\u00fcgen. Mit diesem Taschenlaminator erzielen Sie jederzeit erstklassige Laminierergebnisse &#8211; sch\u00fctzen, konservieren und veredeln von Fotos, gedruckten Unterlagen, Farbkopien und anderweitigen Materialien, stellen keine Herausforderung mehr da.<\/p>\n<p>&#x2714; laminiert alle Formate (Kleinformate bis DIN A1)<br \/>\n&#x2714; maximale Laminierbreite 650 mm<br \/>\n&#x2714; Abmessung des Laminators: 850 x 295 x 120 mm<br \/>\n&#x2714; Gewicht: 38 kg<br \/>\n&#x2714; Stromversorgung: 240 V\/60Hz<br \/>\n&#x2714; E-Kontroll-System 10 bit Micro-Prozessor<br \/>\n&#x2714; Energieverbrauch 1.150 Watt<br \/>\n&#x2714; Temperaturbereich: 80 &#8211; 140\u00b0C<br \/>\n&#x2714; Vorheizzeit: ca. 4 Minuten<br \/>\n&#x2714; 4 Silikon-Walzen<br \/>\n&#x2714; 2 beheizte Walzen<br \/>\n&#x2714; ohne Schutzh\u00fcllen<br \/>\n&#x2714; Farbe: hellgrau<\/p>\n<p><strong>Speditionskosten bereits im Kaufpreis inbegriffen!<\/strong><\/p>\n","protected":false},"excerpt":{"rendered":"<p>Laminierger\u00e4t bis A1 Dieses Profi- und hochqualitative Laminierger\u00e4t mit einer maximalen Arbeitsbreite von DIN A1 ist speziell f\u00fcr Anwender entwickelt, die \u00fcber hohe Laminiervolumen mit den unterschiedlichsten Formatanspr\u00fcchen verf\u00fcgen. Mit diesem Taschenlaminator erzielen Sie jederzeit erstklassige Laminierergebnisse &#8211; sch\u00fctzen, konservieren und veredeln von Fotos, gedruckten Unterlagen, Farbkopien und anderweitigen Materialien, stellen keine Herausforderung mehr da. [&hellip;]<\/p>\n","protected":false},"featured_media":4051,"comment_status":"closed","ping_status":"closed","template":"","meta":[],"product_brand":[],"product_cat":[315,261,324,223,241,240,322],"product_tag":[361,355,354],"class_list":{"0":"post-4050","1":"product","2":"type-product","3":"status-publish","4":"has-post-thumbnail","6":"product_cat-krueger-nach-marken","7":"product_cat-din-a1-laminiergeraete","8":"product_cat-hohe-geschwindigkeit","9":"product_cat-laminiergeraete","10":"product_cat-nach-anwendung","11":"product_cat-nach-marken","12":"product_cat-professioneller-einsatz","13":"product_tag-a1","14":"product_tag-krueger","15":"product_tag-laminiergeraet","17":"first","18":"instock","19":"sale","20":"taxable","21":"shipping-taxable","22":"purchasable","23":"product-type-simple"},"acf":[],"tiered_pricing_type":"fixed","tiered_pricing_fixed_rules":[],"tiered_pricing_product_settings":{"layout":"default","base_unit_name":{"singular":null,"plural":null},"default_variation":null},"tiered_pricing_minimum_quantity":null,"tiered_pricing_roles_data":[],"tiered_pricing_percentage_rules":[],"_links":{"self":[{"href":"https:\/\/www.laminierfolien.de\/shop\/wp-json\/wp\/v2\/product\/4050","targetHints":{"allow":["GET"]}}],"collection":[{"href":"https:\/\/www.laminierfolien.de\/shop\/wp-json\/wp\/v2\/product"}],"about":[{"href":"https:\/\/www.laminierfolien.de\/shop\/wp-json\/wp\/v2\/types\/product"}],"replies":[{"embeddable":true,"href":"https:\/\/www.laminierfolien.de\/shop\/wp-json\/wp\/v2\/comments?post=4050"}],"wp:featuredmedia":[{"embeddable":true,"href":"https:\/\/www.laminierfolien.de\/shop\/wp-json\/wp\/v2\/media\/4051"}],"wp:attachment":[{"href":"https:\/\/www.laminierfolien.de\/shop\/wp-json\/wp\/v2\/media?parent=4050"}],"wp:term":[{"taxonomy":"product_brand","embeddable":true,"href":"https:\/\/www.laminierfolien.de\/shop\/wp-json\/wp\/v2\/product_brand?post=4050"},{"taxonomy":"product_cat","embeddable":true,"href":"https:\/\/www.laminierfolien.de\/shop\/wp-json\/wp\/v2\/product_cat?post=4050"},{"taxonomy":"product_tag","embeddable":true,"href":"https:\/\/www.laminierfolien.de\/shop\/wp-json\/wp\/v2\/product_tag?post=4050"}],"curies":[{"name":"wp","href":"https:\/\/api.w.org\/{rel}","templated":true}]}}