{"id":4025,"date":"2024-03-20T12:55:49","date_gmt":"2024-03-20T11:55:49","guid":{"rendered":"https:\/\/www.laminierfolien.de\/shop\/?post_type=product&#038;p=4025"},"modified":"2024-05-22T12:12:11","modified_gmt":"2024-05-22T10:12:11","slug":"kaltlaminierfolien-credit-card-54-x-86-mm","status":"publish","type":"product","link":"https:\/\/www.laminierfolien.de\/shop\/produkt\/kaltlaminierfolien-credit-card-54-x-86-mm\/","title":{"rendered":"Kaltlaminierfolien Credit-Card 54 x 86 mm"},"content":{"rendered":"<p>Unsere Kaltlaminiertaschen sind perfekt f\u00fcr den schnellen Einsatz auch ohne Laminierger\u00e4t.<\/p>\n<p><strong>Eigenschaften dieser Laminierfolie:<\/strong><\/p>\n<p>&#x2714; Credit-Card 54 x 86 mm<br \/>\n&#x2714; Folienst\u00e4rke: 270 Mic (2 x 135)<br \/>\n&#x2714; kristallklare Oberfl\u00e4che f\u00fcr leuchtende und gl\u00e4nzende Farben<br \/>\n&#x2714; extrem rei\u00dffest und stabil<\/p>\n","protected":false},"excerpt":{"rendered":"<p>Unsere Kaltlaminiertaschen sind perfekt f\u00fcr den schnellen Einsatz auch ohne Laminierger\u00e4t. Eigenschaften dieser Laminierfolie: &#x2714; Credit-Card 54 x 86 mm &#x2714; Folienst\u00e4rke: 270 Mic (2 x 135) &#x2714; kristallklare Oberfl\u00e4che f\u00fcr leuchtende und gl\u00e4nzende Farben &#x2714; extrem rei\u00dffest und stabil<\/p>\n","protected":false},"featured_media":4026,"comment_status":"closed","ping_status":"closed","template":"","meta":[],"product_brand":[],"product_cat":[234,222],"product_tag":[362,300],"class_list":{"0":"post-4025","1":"product","2":"type-product","3":"status-publish","4":"has-post-thumbnail","6":"product_cat-kaltlaminierfolien","7":"product_cat-laminierfolien","8":"product_tag-kaltlaminierfolien","9":"product_tag-laminierfolien","10":"pa_format-credit-card-glaenzend","11":"pa_staerke-300-mic-2x150","13":"first","14":"instock","15":"taxable","16":"shipping-taxable","17":"purchasable","18":"product-type-variable"},"acf":[],"tiered_pricing_type":"fixed","tiered_pricing_fixed_rules":[],"tiered_pricing_product_settings":{"layout":"default","base_unit_name":{"singular":null,"plural":null},"default_variation":null},"tiered_pricing_minimum_quantity":null,"tiered_pricing_roles_data":[],"tiered_pricing_percentage_rules":[],"_links":{"self":[{"href":"https:\/\/www.laminierfolien.de\/shop\/wp-json\/wp\/v2\/product\/4025","targetHints":{"allow":["GET"]}}],"collection":[{"href":"https:\/\/www.laminierfolien.de\/shop\/wp-json\/wp\/v2\/product"}],"about":[{"href":"https:\/\/www.laminierfolien.de\/shop\/wp-json\/wp\/v2\/types\/product"}],"replies":[{"embeddable":true,"href":"https:\/\/www.laminierfolien.de\/shop\/wp-json\/wp\/v2\/comments?post=4025"}],"wp:featuredmedia":[{"embeddable":true,"href":"https:\/\/www.laminierfolien.de\/shop\/wp-json\/wp\/v2\/media\/4026"}],"wp:attachment":[{"href":"https:\/\/www.laminierfolien.de\/shop\/wp-json\/wp\/v2\/media?parent=4025"}],"wp:term":[{"taxonomy":"product_brand","embeddable":true,"href":"https:\/\/www.laminierfolien.de\/shop\/wp-json\/wp\/v2\/product_brand?post=4025"},{"taxonomy":"product_cat","embeddable":true,"href":"https:\/\/www.laminierfolien.de\/shop\/wp-json\/wp\/v2\/product_cat?post=4025"},{"taxonomy":"product_tag","embeddable":true,"href":"https:\/\/www.laminierfolien.de\/shop\/wp-json\/wp\/v2\/product_tag?post=4025"}],"curies":[{"name":"wp","href":"https:\/\/api.w.org\/{rel}","templated":true}]}}