{"id":4012,"date":"2024-03-20T12:32:41","date_gmt":"2024-03-20T11:32:41","guid":{"rendered":"https:\/\/www.laminierfolien.de\/shop\/?post_type=product&#038;p=4012"},"modified":"2025-11-19T09:41:24","modified_gmt":"2025-11-19T08:41:24","slug":"laminierfolien-65-x-95-mm-500-folien","status":"publish","type":"product","link":"https:\/\/www.laminierfolien.de\/shop\/produkt\/laminierfolien-65-x-95-mm-500-folien\/","title":{"rendered":"Laminierfolien 65 x 95 mm &#8211; 500 Folien"},"content":{"rendered":"<p>Unsere kristallklaren Laminiertaschen sind perfekt f\u00fcr den Schutz von wichtigen Dokumenten, Fotos, Farbausdrucken, Bedienungsanleitungen, Speisekarten u.v.m. geeignet.<\/p>\n<p>Wir garantieren Ihnen mit jeder einzelnen Laminiertasche eine \u00e4u\u00dferst hohe Farbbrillanz und ein sauberes Laminieren. Schlie\u00dflich sorgt der hohe Polyesteranteil (PET) und hochwertige Kleber daf\u00fcr, dass Ihr Laminierergebnis edel, glasklar wird und kr\u00e4ftige Farben erh\u00e4lt.<\/p>\n<p>Die Laminierung bietet neben den optischen Vorteilen selbstverst\u00e4ndlich dauerhaften Schutz vor Schmutz und Feuchtigkeit. Au\u00dferdem kann die robuste Oberfl\u00e4che bei Verschmutzungen problemlos gereinigt werden.<\/p>\n<p><strong>Eigenschaften dieser Laminierfolie:<\/strong><br \/>\n\u2714 Format 65 x 95 mm<br \/>\n\u2714 Folienst\u00e4rke: 160 Mic (2 x 80), 250 Mic (2 x 125), 350 Mic (2 x 175)<br \/>\n\u2714 hochgl\u00e4nzende Oberfl\u00e4che f\u00fcr leuchtende Farben<br \/>\n\u2714 brillante Farbwiedergabe<br \/>\n\u2714 abgerundete Ecken<br \/>\n\u2714 100% wasserdicht, extrem rei\u00dffest und stabil<br \/>\n\u2714 f\u00e4lschungssicher<br \/>\n\u2714 f\u00fcr Laminierungen mit und ohne Schutzh\u00fclle<br \/>\n\u2714 einsetzbar mit allen Arten von Hei\u00df-Laminierger\u00e4ten<\/p>\n<p><strong>Laminiergut:<\/strong><br \/>\n\u2714 Mitgliederausweise<br \/>\n\u2714 Eintrittskarten<br \/>\n\u2714 Visitenkarten<br \/>\n\u2714 Kleindrucke<br \/>\n\u2714 Sch\u00fcler-\/ Studentenausweise<br \/>\n\u2714 Jahreskarten<br \/>\n\u2714 Preisschilder<br \/>\n\u2714 Tickets<br \/>\n\u2714 Fotos<br \/>\n\u2714 und alles was klein ist und dauerhaft gesch\u00fctzt werden soll.<\/p>\n<p><strong>Wissenswertes zum Format:<\/strong><br \/>\nAlle Laminiertaschen &#8211; von DIN A2 bis DIN A6 &#8211; sind je Seite um 3 mm gr\u00f6\u00dfer (A2 mehr als 5 mm) als das tats\u00e4chliche DIN-Format, damit ein umlaufender Sichtrand um alle Papier-DIN-Formate m\u00f6glich ist.<\/p>\n<p><strong>Wissenswertes zur St\u00e4rke:<\/strong><br \/>\nMit der St\u00e4rke ist die einfache Seite (eine Laminierfolie z.B. 80 Mic) bezeichnet, d.h. 2 x 80 Mic = 160 Mic Gesamtst\u00e4rke (beide Laminierfolien = eine Laminiertasche). Ein Micron ist 1 \/ 1000stel mm.<\/p>\n<p><strong>Wissenswertes zur Qualit\u00e4t:<\/strong><br \/>\nDie Qualit\u00e4t einer Laminiertasche wird grunds\u00e4tzlich durch den Polyestergehalt (PET) und dem Kleber bestimmt. Je h\u00f6her der PET-Anteil, desto steifer und wertiger ist das Produkt. Unsere Laminiertaschen orientieren sich am h\u00f6chsten Weltstandard und sind bekannt f\u00fcr ihre au\u00dferordentlich \u00fcberzeugende Qualit\u00e4t. Die Laminier-Temperatur liegt &#8211; je nach Ger\u00e4t, Laminierst\u00e4rke und Laminiergeschwindigkeit &#8211; zwischen 95\u00b0C und 135\u00b0C.<\/p>\n<p><strong>Wichtiger Hinweis:<\/strong><br \/>\nBeachten Sie beim Kauf der Laminiertaschen in jedem Falle<br \/>\n\u2714 die maximale Gr\u00f6\u00dfe (Format) und<br \/>\n\u2714 die maximale St\u00e4rke,<br \/>\ndie Ihr Laminierger\u00e4t verarbeiten kann &#8211; diese Informationen entnehmen Sie bitte den Herstellerspezifikationen Ihres Laminierger\u00e4ts.<\/p>\n","protected":false},"excerpt":{"rendered":"<p>Unsere kristallklaren Laminiertaschen sind perfekt f\u00fcr den Schutz von wichtigen Dokumenten, Fotos, Farbausdrucken, Bedienungsanleitungen, Speisekarten u.v.m. geeignet. Wir garantieren Ihnen mit jeder einzelnen Laminiertasche eine \u00e4u\u00dferst hohe Farbbrillanz und ein sauberes Laminieren. Schlie\u00dflich sorgt der hohe Polyesteranteil (PET) und hochwertige Kleber daf\u00fcr, dass Ihr Laminierergebnis edel, glasklar wird und kr\u00e4ftige Farben erh\u00e4lt. Die Laminierung bietet [&hellip;]<\/p>\n","protected":false},"featured_media":4013,"comment_status":"closed","ping_status":"closed","template":"","meta":[],"product_brand":[],"product_cat":[233,222],"product_tag":[300],"class_list":{"0":"post-4012","1":"product","2":"type-product","3":"status-publish","4":"has-post-thumbnail","6":"product_cat-kleinformate","7":"product_cat-laminierfolien","8":"product_tag-laminierfolien","9":"pa_format-glaenzend","10":"pa_staerke-160-mic-2x80","11":"pa_staerke-250-mic-2x125","12":"pa_staerke-350-mic-2x175","14":"first","15":"instock","16":"sale","17":"taxable","18":"shipping-taxable","19":"purchasable","20":"product-type-variable"},"acf":[],"tiered_pricing_type":"fixed","tiered_pricing_fixed_rules":[],"tiered_pricing_product_settings":{"layout":"default","base_unit_name":{"singular":null,"plural":null},"default_variation":null},"tiered_pricing_minimum_quantity":null,"tiered_pricing_roles_data":[],"tiered_pricing_percentage_rules":[],"_links":{"self":[{"href":"https:\/\/www.laminierfolien.de\/shop\/wp-json\/wp\/v2\/product\/4012","targetHints":{"allow":["GET"]}}],"collection":[{"href":"https:\/\/www.laminierfolien.de\/shop\/wp-json\/wp\/v2\/product"}],"about":[{"href":"https:\/\/www.laminierfolien.de\/shop\/wp-json\/wp\/v2\/types\/product"}],"replies":[{"embeddable":true,"href":"https:\/\/www.laminierfolien.de\/shop\/wp-json\/wp\/v2\/comments?post=4012"}],"wp:featuredmedia":[{"embeddable":true,"href":"https:\/\/www.laminierfolien.de\/shop\/wp-json\/wp\/v2\/media\/4013"}],"wp:attachment":[{"href":"https:\/\/www.laminierfolien.de\/shop\/wp-json\/wp\/v2\/media?parent=4012"}],"wp:term":[{"taxonomy":"product_brand","embeddable":true,"href":"https:\/\/www.laminierfolien.de\/shop\/wp-json\/wp\/v2\/product_brand?post=4012"},{"taxonomy":"product_cat","embeddable":true,"href":"https:\/\/www.laminierfolien.de\/shop\/wp-json\/wp\/v2\/product_cat?post=4012"},{"taxonomy":"product_tag","embeddable":true,"href":"https:\/\/www.laminierfolien.de\/shop\/wp-json\/wp\/v2\/product_tag?post=4012"}],"curies":[{"name":"wp","href":"https:\/\/api.w.org\/{rel}","templated":true}]}}