{"id":3869,"date":"2024-03-19T17:09:22","date_gmt":"2024-03-19T16:09:22","guid":{"rendered":"https:\/\/www.laminierfolien.de\/shop\/?post_type=product&#038;p=3869"},"modified":"2024-05-17T13:51:22","modified_gmt":"2024-05-17T11:51:22","slug":"laminierfolien-din-a4-216-x-303-mm-schnell-folien","status":"publish","type":"product","link":"https:\/\/www.laminierfolien.de\/shop\/produkt\/laminierfolien-din-a4-216-x-303-mm-schnell-folien\/","title":{"rendered":"DIN A4 (216 x 303 mm) &#8211; Schnell-Folien"},"content":{"rendered":"<p>Unsere &#8222;Schnell-Folien&#8220; sind im Vergleich zu herk\u00f6mmlichen Laminierfolien an der L\u00e4ngeseite geschwei\u00dft- hierdurch sind diese bei der Verarbeitung im Querformat ca. 33% schneller laminiert.\u00a0<strong>Wichtig:<\/strong>\u00a0Um diese Folien im Querformat durch das Ger\u00e4t zu f\u00fchren, ben\u00f6tigen Sie mindestens ein\u00a0<a title=\"Laminierger\u00e4te bis DIN A3\" href=\"\/shop\/produkt-kategorie\/laminiergeraete\/din-a3-laminiergeraete\/\" rel=\"noopener\">Laminierger\u00e4t bis DIN A3<\/a>.<\/p>\n","protected":false},"excerpt":{"rendered":"<p>Unsere &#8222;Schnell-Folien&#8220; sind im Vergleich zu herk\u00f6mmlichen Laminierfolien an der L\u00e4ngeseite geschwei\u00dft- hierdurch sind diese bei der Verarbeitung im Querformat ca. 33% schneller laminiert.\u00a0Wichtig:\u00a0Um diese Folien im Querformat durch das Ger\u00e4t zu f\u00fchren, ben\u00f6tigen Sie mindestens ein\u00a0Laminierger\u00e4t bis DIN A3.<\/p>\n","protected":false},"featured_media":3870,"comment_status":"closed","ping_status":"closed","template":"","meta":[],"product_brand":[],"product_cat":[230,222,423],"product_tag":[358,300],"class_list":{"0":"post-3869","1":"product","2":"type-product","3":"status-publish","4":"has-post-thumbnail","6":"product_cat-din-a4","7":"product_cat-laminierfolien","8":"product_cat-schnellfolien","9":"product_tag-a4","10":"product_tag-laminierfolien","11":"pa_format-glaenzend-express","12":"pa_staerke-250-mic-2x125","14":"first","15":"instock","16":"taxable","17":"shipping-taxable","18":"purchasable","19":"product-type-simple"},"acf":[],"tiered_pricing_type":"fixed","tiered_pricing_fixed_rules":{"5":11.28999999999999914734871708787977695465087890625,"10":10.949999999999999289457264239899814128875732421875},"tiered_pricing_product_settings":{"layout":"default","base_unit_name":{"singular":null,"plural":null},"default_variation":null},"tiered_pricing_minimum_quantity":null,"tiered_pricing_roles_data":[],"tiered_pricing_percentage_rules":[],"_links":{"self":[{"href":"https:\/\/www.laminierfolien.de\/shop\/wp-json\/wp\/v2\/product\/3869","targetHints":{"allow":["GET"]}}],"collection":[{"href":"https:\/\/www.laminierfolien.de\/shop\/wp-json\/wp\/v2\/product"}],"about":[{"href":"https:\/\/www.laminierfolien.de\/shop\/wp-json\/wp\/v2\/types\/product"}],"replies":[{"embeddable":true,"href":"https:\/\/www.laminierfolien.de\/shop\/wp-json\/wp\/v2\/comments?post=3869"}],"wp:featuredmedia":[{"embeddable":true,"href":"https:\/\/www.laminierfolien.de\/shop\/wp-json\/wp\/v2\/media\/3870"}],"wp:attachment":[{"href":"https:\/\/www.laminierfolien.de\/shop\/wp-json\/wp\/v2\/media?parent=3869"}],"wp:term":[{"taxonomy":"product_brand","embeddable":true,"href":"https:\/\/www.laminierfolien.de\/shop\/wp-json\/wp\/v2\/product_brand?post=3869"},{"taxonomy":"product_cat","embeddable":true,"href":"https:\/\/www.laminierfolien.de\/shop\/wp-json\/wp\/v2\/product_cat?post=3869"},{"taxonomy":"product_tag","embeddable":true,"href":"https:\/\/www.laminierfolien.de\/shop\/wp-json\/wp\/v2\/product_tag?post=3869"}],"curies":[{"name":"wp","href":"https:\/\/api.w.org\/{rel}","templated":true}]}}