{"id":3744,"date":"2024-03-19T08:39:49","date_gmt":"2024-03-19T07:39:49","guid":{"rendered":"https:\/\/www.laminierfolien.de\/shop\/?post_type=product&#038;p=3744"},"modified":"2024-05-22T12:12:14","modified_gmt":"2024-05-22T10:12:14","slug":"laminierfolien-din-a7","status":"publish","type":"product","link":"https:\/\/www.laminierfolien.de\/shop\/produkt\/laminierfolien-din-a7\/","title":{"rendered":"Laminierfolien DIN A7 &#8211; 100 Folien"},"content":{"rendered":"<p>Unsere Laminiefolien sind perfekt f\u00fcr den Schutz von wichtigen Dokumenten, Fotos, Farbausdrucken, Bedienungsanleitungen, Speisekarten u.v.m. geeignet.<\/p>\n<p>Wir garantieren Ihnen mit jeder einzelnen Laminierfolie eine \u00e4u\u00dferst hohe Farbbrillanz und ein sauberes Laminieren. Schlie\u00dflich sorgt der hohe Polyesteranteil (PET) und hochwertige Kleber daf\u00fcr, dass Ihr Laminierergebnis edel wird und kr\u00e4ftige Farben erh\u00e4lt.<\/p>\n<p>Die Laminierung bietet neben den optischen Vorteilen selbstverst\u00e4ndlich dauerhaften Schutz vor Schmutz und Feuchtigkeit. Au\u00dferdem kann die robuste Oberfl\u00e4che bei Verschmutzungen problemlos gereinigt werden.<\/p>\n<p><strong>Laminiergut:<\/strong><br \/>\n&#x2714; Zeichnungen<br \/>\n&#x2714; Fotos<br \/>\n&#x2714; Blaupausen<br \/>\n&#x2714; Plotterausdrucke<br \/>\n&#x2714; Standard-Drucke<br \/>\n&#x2714; Fotodrucke<br \/>\n&#x2714; Aush\u00e4nge<br \/>\n&#x2714; Urkunden<br \/>\n&#x2714; Preislisten<br \/>\n&#x2714; Speisekarten<br \/>\n&#x2714; (Fahr-) Pl\u00e4ne<br \/>\n&#x2714; und alles andere, was dauerhaft gesch\u00fctzt werden soll.<\/p>\n<p><strong>Wissenswertes zum Format:<\/strong><br \/>\nAlle Laminierfolien &#8211; von DIN A1 bis DIN A6 &#8211; sind je Seite um 3 mm gr\u00f6\u00dfer (A2 mehr als 5 mm) als das tats\u00e4chliche DIN-Format, damit ein umlaufender Sichtrand um alle Papier-DIN-Formate m\u00f6glich ist.<\/p>\n<p><strong>Wissenswertes zur St\u00e4rke:<\/strong><br \/>\nMit der St\u00e4rke ist die einfache Seite (eine Laminierfolie z.B. 80 Mic) bezeichnet, d.h. 2 x 80 Mic = 160 Mic Gesamtst\u00e4rke (beide Laminierfolien = eine Laminiertasche). Ein Micron ist 1 \/ 1000stel mm.<\/p>\n<p><strong>Wissenswertes zur Qualit\u00e4t:<\/strong><br \/>\nDie Qualit\u00e4t einer Laminierfolie wird grunds\u00e4tzlich durch den Polyestergehalt (PET) und dem Kleber bestimmt. Je h\u00f6her der PET-Anteil, desto steifer und wertiger ist das Produkt. Unsere Laminiertaschen orientieren sich am h\u00f6chsten Weltstandard und sind bekannt f\u00fcr ihre au\u00dferordentlich \u00fcberzeugende Qualit\u00e4t. Die Laminier-Temperatur liegt &#8211; je nach Ger\u00e4t, Laminierst\u00e4rke und Laminiergeschwindigkeit &#8211; zwischen 95\u00b0C und 135\u00b0C.<\/p>\n","protected":false},"excerpt":{"rendered":"<p>Unsere Laminiefolien sind perfekt f\u00fcr den Schutz von wichtigen Dokumenten, Fotos, Farbausdrucken, Bedienungsanleitungen, Speisekarten u.v.m. geeignet. Wir garantieren Ihnen mit jeder einzelnen Laminierfolie eine \u00e4u\u00dferst hohe Farbbrillanz und ein sauberes Laminieren. Schlie\u00dflich sorgt der hohe Polyesteranteil (PET) und hochwertige Kleber daf\u00fcr, dass Ihr Laminierergebnis edel wird und kr\u00e4ftige Farben erh\u00e4lt. Die Laminierung bietet neben den [&hellip;]<\/p>\n","protected":false},"featured_media":3745,"comment_status":"closed","ping_status":"closed","template":"","meta":[],"product_brand":[],"product_cat":[233],"product_tag":[304,300],"class_list":{"0":"post-3744","1":"product","2":"type-product","3":"status-publish","4":"has-post-thumbnail","6":"product_cat-kleinformate","7":"product_tag-kleinformat","8":"product_tag-laminierfolien","9":"pa_format-din-a7-glaenzend","10":"pa_staerke-160-mic-2x80","11":"pa_staerke-200-mic-2x100","12":"pa_staerke-250-mic-2x125","13":"pa_staerke-350-mic-2x175","14":"pa_staerke-500-mic-2x250","16":"first","17":"instock","18":"taxable","19":"shipping-taxable","20":"purchasable","21":"product-type-variable"},"acf":[],"tiered_pricing_type":"fixed","tiered_pricing_fixed_rules":[],"tiered_pricing_product_settings":{"layout":"table","base_unit_name":{"singular":null,"plural":null},"default_variation":null},"tiered_pricing_minimum_quantity":null,"tiered_pricing_roles_data":[],"tiered_pricing_percentage_rules":[],"_links":{"self":[{"href":"https:\/\/www.laminierfolien.de\/shop\/wp-json\/wp\/v2\/product\/3744","targetHints":{"allow":["GET"]}}],"collection":[{"href":"https:\/\/www.laminierfolien.de\/shop\/wp-json\/wp\/v2\/product"}],"about":[{"href":"https:\/\/www.laminierfolien.de\/shop\/wp-json\/wp\/v2\/types\/product"}],"replies":[{"embeddable":true,"href":"https:\/\/www.laminierfolien.de\/shop\/wp-json\/wp\/v2\/comments?post=3744"}],"wp:featuredmedia":[{"embeddable":true,"href":"https:\/\/www.laminierfolien.de\/shop\/wp-json\/wp\/v2\/media\/3745"}],"wp:attachment":[{"href":"https:\/\/www.laminierfolien.de\/shop\/wp-json\/wp\/v2\/media?parent=3744"}],"wp:term":[{"taxonomy":"product_brand","embeddable":true,"href":"https:\/\/www.laminierfolien.de\/shop\/wp-json\/wp\/v2\/product_brand?post=3744"},{"taxonomy":"product_cat","embeddable":true,"href":"https:\/\/www.laminierfolien.de\/shop\/wp-json\/wp\/v2\/product_cat?post=3744"},{"taxonomy":"product_tag","embeddable":true,"href":"https:\/\/www.laminierfolien.de\/shop\/wp-json\/wp\/v2\/product_tag?post=3744"}],"curies":[{"name":"wp","href":"https:\/\/api.w.org\/{rel}","templated":true}]}}