{"id":3738,"date":"2024-03-19T08:29:25","date_gmt":"2024-03-19T07:29:25","guid":{"rendered":"https:\/\/www.laminierfolien.de\/shop\/?post_type=product&#038;p=3738"},"modified":"2024-06-19T15:11:15","modified_gmt":"2024-06-19T13:11:15","slug":"laminierfolien-din-a4-216-x-303-mm","status":"publish","type":"product","link":"https:\/\/www.laminierfolien.de\/shop\/produkt\/laminierfolien-din-a4-216-x-303-mm\/","title":{"rendered":"Laminierfolien &#8211; DIN A4 (216 x 303 mm)"},"content":{"rendered":"<p>Sch\u00fctzen Sie mit unseren hochqualitativen Laminierfolien in DIN A4 Ihre Dokumente langfristig oder nutzen Sie sie f\u00fcr die kreative Gestaltung!<\/p>\n<p><strong>Einfach nur langfristiger Schutz Ihrer Dokumente oder Ihre kreative Ader entdecken- es liegt ganz bei Ihnen<br \/>\n<\/strong> Mit unseren\u00a0<strong>hochwertigen Laminierfolien in DIN A4<\/strong>\u00a0k\u00f6nnen Sie Ihre Dokumente und Papiere nachhaltig vor Schmutz, Feuchtigkeit und alters- und gebrauchsbedingten Sch\u00e4den sch\u00fctzen. Egal ob Ausweise, Fotos, Zeugnisse, Urkunden, Farbausdrucke oder Speisekarten, mit diesen Laminierfolien kann alles sicher aufbewahrt werden. Aber unsere Laminierfolien lassen sich selbstverst\u00e4ndlich auch kreativ nutzen. Sie k\u00f6nnen zum Beispiel getrocknete Blumen, Fotos, selbstgemalte Bilder Ihrer Kinder und vieles andere einlaminieren und beispielsweise sch\u00f6ne Tischsets oder tolle Dekoobjekte daraus basteln. Auch f\u00fcr die Anfertigung abwischbarer Wochenpl\u00e4ne sind die Folien ideal. Der Fantasie sind hier keine Grenzen gesetzt.<\/p>\n<p><strong>Qualit\u00e4t nach h\u00f6chsten Standards<br \/>\n<\/strong> Unsere Laminierfolien in DIN A4 sind von\u00a0<strong>au\u00dfergew\u00f6hnlich guter Qualit\u00e4t<\/strong>, weisen eine\u00a0<strong>hohe Farbbrillanz auf und lassen sich hervorragend verarbeiten.<\/strong>\u00a0Sie verf\u00fcgen \u00fcber einen hohen Polyesteranteil (PET), der f\u00fcr die Wertigkeit und besondere Steifheit der Folien sorgt, und einen erstklassigen Kleber, der glasklare,\u00a0<strong>edle Ergebnisse<\/strong>\u00a0und kr\u00e4ftige Farben garantiert. Zudem sind sie zu 100% wasserdicht, extrem rei\u00dffest und \u00e4u\u00dferst stabil, sodass ihnen auch hohe Beanspruchung nichts anhaben kann. Bei Bedarf k\u00f6nnen sie einfach und schnell gereinigt werden.<\/p>\n<p><strong>90 &#8211; Tage &#8211; Geld &#8211; Zur\u00fcck &#8211; Garantie<\/strong><br \/>\nWir sind so stolz und \u00fcberzeugt von der Qualit\u00e4t unserer Laminierfolien, sodass wir uns vor keinem Beweis scheuen. Sollten Sie einmal mit einer unserer Laminierfolien nicht zufrieden sein, dann k\u00f6nnen Sie uns diese sogar noch nach 90 Tagen zur\u00fcckschicken.<\/p>\n<p><strong>Laminiergut:<\/strong><br \/>\n&#x2714; Zeichnungen<br \/>\n&#x2714; Fotos<br \/>\n&#x2714; Blaupausen<br \/>\n&#x2714; Plotterausdrucke<br \/>\n&#x2714; Standard-Drucke<br \/>\n&#x2714; Fotodrucke<br \/>\n&#x2714; Aush\u00e4nge<br \/>\n&#x2714; Urkunden<br \/>\n&#x2714; Preislisten<br \/>\n&#x2714; Speisekarten<br \/>\n&#x2714; (Fahr-) Pl\u00e4ne<br \/>\n&#x2714; und alles andere, was dauerhaft gesch\u00fctzt werden soll.<\/p>\n<p><strong>Tipps und Tricks zur richtigen Verwendung:<br \/>\n<\/strong>Die Laminierfolien in DIN A4 k\u00f6nnen mit allen Arten von Hei\u00df-Laminierger\u00e4ten verwendet werden. Sie sind je Seite um 3 mm gr\u00f6\u00dfer als das tats\u00e4chliche DIN-Format, damit ein umlaufender Sichtrand um alle Papier-DIN-Formate m\u00f6glich ist. Wir empfehlen dringend, beim Kauf der Laminierfolie darauf zu achten, dass diese mit der maximalen Gr\u00f6\u00dfe (Format) und St\u00e4rke, die Ihr Laminierger\u00e4t verarbeiten kann, \u00fcbereinstimmen. Die St\u00e4rke der Laminierfolien in DIN A4 betr\u00e4gt 160 Mic (2 x 80).<\/p>\n<p><strong>Wissenswertes zur St\u00e4rke:<\/strong><br \/>\nMit der St\u00e4rke ist die einfache Seite (eine Laminierfolie z.B. 80 Mic) bezeichnet, d.h. 2 x 80 Mic = 160 Mic Gesamtst\u00e4rke (beide Laminierfolien = eine Laminiertasche). Ein Micron ist 1 \/ 1000stel mm.<\/p>\n<p><strong>Wissenswertes zur Qualit\u00e4t:<\/strong><br \/>\nDie Qualit\u00e4t einer Laminiertasche wird grunds\u00e4tzlich durch den Polyestergehalt (PET) und dem Kleber bestimmt. Je h\u00f6her der PET-Anteil, desto steifer und wertiger ist das Produkt. Unsere Laminiertaschen orientieren sich am h\u00f6chsten Weltstandard und sind bekannt f\u00fcr ihre au\u00dferordentlich \u00fcberzeugende Qualit\u00e4t. Die Laminier-Temperatur liegt &#8211; je nach Ger\u00e4t, Laminierst\u00e4rke und Laminiergeschwindigkeit &#8211; zwischen 95\u00b0C und 135\u00b0C.<\/p>\n","protected":false},"excerpt":{"rendered":"<p>Sch\u00fctzen Sie mit unseren hochqualitativen Laminierfolien in DIN A4 Ihre Dokumente langfristig oder nutzen Sie sie f\u00fcr die kreative Gestaltung! Einfach nur langfristiger Schutz Ihrer Dokumente oder Ihre kreative Ader entdecken- es liegt ganz bei Ihnen Mit unseren\u00a0hochwertigen Laminierfolien in DIN A4\u00a0k\u00f6nnen Sie Ihre Dokumente und Papiere nachhaltig vor Schmutz, Feuchtigkeit und alters- und gebrauchsbedingten [&hellip;]<\/p>\n","protected":false},"featured_media":3739,"comment_status":"closed","ping_status":"closed","template":"","meta":[],"product_brand":[],"product_cat":[235,230,222],"product_tag":[300],"class_list":{"0":"post-3738","1":"product","2":"type-product","3":"status-publish","4":"has-post-thumbnail","6":"product_cat-bestseller","7":"product_cat-din-a4","8":"product_cat-laminierfolien","9":"product_tag-laminierfolien","10":"pa_format-din-a4-glaenzend","11":"pa_format-din-a4-glaenzend-selbstklebend","12":"pa_format-din-a4-matt","13":"pa_format-din-a4-matt-glaenzend","14":"pa_format-din-a4-matt-selbstklebend","15":"pa_format-din-a4-uv-schutz","16":"pa_oberflaeche-338","17":"pa_oberflaeche-blau","18":"pa_oberflaeche-gruen","19":"pa_oberflaeche-rot","20":"pa_staerke-160-mic-2x80","21":"pa_staerke-200-mic-2x100","22":"pa_staerke-250-mic-2x125","23":"pa_staerke-350-mic-2x175","24":"pa_staerke-500-mic-2x250","25":"pa_zusatz-339","26":"pa_zusatz-din-a4-heftrand","27":"pa_zusatz-din-a4-rahmenformat","28":"pa_zusatz-din-a4-selbstklebend","30":"first","31":"instock","32":"taxable","33":"shipping-taxable","34":"purchasable","35":"product-type-variable"},"acf":[],"tiered_pricing_type":"fixed","tiered_pricing_fixed_rules":[],"tiered_pricing_product_settings":{"layout":"table","base_unit_name":{"singular":null,"plural":null},"default_variation":null},"tiered_pricing_minimum_quantity":null,"tiered_pricing_roles_data":[],"tiered_pricing_percentage_rules":[],"_links":{"self":[{"href":"https:\/\/www.laminierfolien.de\/shop\/wp-json\/wp\/v2\/product\/3738","targetHints":{"allow":["GET"]}}],"collection":[{"href":"https:\/\/www.laminierfolien.de\/shop\/wp-json\/wp\/v2\/product"}],"about":[{"href":"https:\/\/www.laminierfolien.de\/shop\/wp-json\/wp\/v2\/types\/product"}],"replies":[{"embeddable":true,"href":"https:\/\/www.laminierfolien.de\/shop\/wp-json\/wp\/v2\/comments?post=3738"}],"wp:featuredmedia":[{"embeddable":true,"href":"https:\/\/www.laminierfolien.de\/shop\/wp-json\/wp\/v2\/media\/3739"}],"wp:attachment":[{"href":"https:\/\/www.laminierfolien.de\/shop\/wp-json\/wp\/v2\/media?parent=3738"}],"wp:term":[{"taxonomy":"product_brand","embeddable":true,"href":"https:\/\/www.laminierfolien.de\/shop\/wp-json\/wp\/v2\/product_brand?post=3738"},{"taxonomy":"product_cat","embeddable":true,"href":"https:\/\/www.laminierfolien.de\/shop\/wp-json\/wp\/v2\/product_cat?post=3738"},{"taxonomy":"product_tag","embeddable":true,"href":"https:\/\/www.laminierfolien.de\/shop\/wp-json\/wp\/v2\/product_tag?post=3738"}],"curies":[{"name":"wp","href":"https:\/\/api.w.org\/{rel}","templated":true}]}}