{"id":3689,"date":"2024-01-23T17:01:15","date_gmt":"2024-01-23T16:01:15","guid":{"rendered":"https:\/\/www.laminierfolien.de\/shop\/?post_type=product&#038;p=3689"},"modified":"2024-05-22T12:12:23","modified_gmt":"2024-05-22T10:12:23","slug":"laminierrolle-1000-mm","status":"publish","type":"product","link":"https:\/\/www.laminierfolien.de\/shop\/produkt\/laminierrolle-1000-mm\/","title":{"rendered":"Laminierrolle 1000 mm"},"content":{"rendered":"<p><strong>Laminierrolle (hei\u00df) Polyester (PET-PE low melt) &#8211; klar<\/strong><\/p>\n<p>Unsere kristallklaren Laminierrollen sind perfekt f\u00fcr den Schutz von wichtigen Dokumenten, Fotos, Farbausdrucken, Bedienungsanleitungen, Speisekarten u.v.m. geeignet.<\/p>\n<p>Wir garantieren Ihnen mit jeder Folienrolle eine \u00e4u\u00dferst hohe Farbbrillanz und ein sauberes Laminieren. Schlie\u00dflich sorgt der hohe Polyesteranteil (PET) und hochwertige Kleber, dass Ihr Laminierergebnis edel, glasklar und kr\u00e4ftige Farben erh\u00e4lt.<\/p>\n<p>Die Laminierung bietet neben den optischen Vorteilen selbstverst\u00e4ndlich dauerhaften Schutz vor Schmutz und Feuchtigkeit. Au\u00dferdem kann die robuste Oberfl\u00e4che bei Verschmutzungen problemlos gereinigt werden.<\/p>\n<p><strong>Eigenschaften dieser Laminierrolle:<\/strong><\/p>\n<p>&#x2714; hochgl\u00e4nzende Oberfl\u00e4che f\u00fcr leuchtende Farben<br \/>\n&#x2714; f\u00fcr alle g\u00e4ngigen Rollenlaminatoren<br \/>\n&#x2714; dauerhafter Schutz vor Schmutz und Feuchtigkeit<br \/>\n&#x2714; brillante Farbwiedergabe<br \/>\n&#x2714; blasenfreies Laminieren<br \/>\n&#x2714; Laminiertemperatur ca. 115 \u00b0C<\/p>\n<p><strong>Wissenswertes:<\/strong><\/p>\n<p>Laminieren Sie alle Dokumente so, dass Sie einen 3 \u2013 5 mm starken, umlaufenden Sichtrand bekommen, nur so ist der Schutz vor Feuchtigkeit und Schmutz gew\u00e4hrleistet.<\/p>\n<p><strong>Wissenswertes zur St\u00e4rke:<\/strong><\/p>\n<p>Mit der St\u00e4rke ist die einfache Seite (eine Laminierfolie z.B. 75 Mic) bezeichnet, d.h. 2 x 75 Mic = 150 Mic Gesamtst\u00e4rke. Ein Micron ist 1\/1000stel mm.<\/p>\n<p><strong>Wissenswertes zur Qualit\u00e4t:<\/strong><\/p>\n<p>Die Qualit\u00e4t einer Laminierrolle wird grunds\u00e4tzlich durch den Polyestergehalt (PET) und dem Kleber bestimmt. Je h\u00f6her der PET-Anteil, desto steifer und wertiger ist das Produkt.<\/p>\n<p>Unsere Laminierrollen orientieren sich am h\u00f6chsten Weltstandard und sind bekannt f\u00fcr ihre au\u00dferordentlich \u00fcberzeugende Qualit\u00e4t.<\/p>\n<p><strong>Wichtiger Hinweis:<\/strong><\/p>\n<p>Beachten Sie beim Kauf der Laminierrollen in jedem Falle<\/p>\n<p>&#x2714; die maximale Rollenl\u00e4nge und Rollenbreite,<br \/>\n&#x2714; den ben\u00f6tigten Rollenkern (25, 57 oder 76) und<br \/>\n&#x2714; die maximale Folienst\u00e4rke,<\/p>\n<p>die Ihr Laminierger\u00e4t verarbeiten kann.<\/p>\n","protected":false},"excerpt":{"rendered":"<p>Laminierrolle (hei\u00df) Polyester (PET-PE low melt) &#8211; klar Unsere kristallklaren Laminierrollen sind perfekt f\u00fcr den Schutz von wichtigen Dokumenten, Fotos, Farbausdrucken, Bedienungsanleitungen, Speisekarten u.v.m. geeignet. Wir garantieren Ihnen mit jeder Folienrolle eine \u00e4u\u00dferst hohe Farbbrillanz und ein sauberes Laminieren. Schlie\u00dflich sorgt der hohe Polyesteranteil (PET) und hochwertige Kleber, dass Ihr Laminierergebnis edel, glasklar und kr\u00e4ftige [&hellip;]<\/p>\n","protected":false},"featured_media":3690,"comment_status":"closed","ping_status":"closed","template":"","meta":[],"product_brand":[],"product_cat":[270],"product_tag":[295],"class_list":{"0":"post-3689","1":"product","2":"type-product","3":"status-publish","4":"has-post-thumbnail","6":"product_cat-breite-1000-mm","7":"product_tag-laminierrolle","8":"pa_format-glaenzend","9":"pa_format-matt","10":"pa_format-selbstklebend","12":"first","13":"instock","14":"taxable","15":"shipping-taxable","16":"purchasable","17":"product-type-variable"},"acf":[],"tiered_pricing_type":"fixed","tiered_pricing_fixed_rules":[],"tiered_pricing_product_settings":{"layout":"default","base_unit_name":{"singular":null,"plural":null},"default_variation":null},"tiered_pricing_minimum_quantity":null,"tiered_pricing_roles_data":[],"tiered_pricing_percentage_rules":[],"_links":{"self":[{"href":"https:\/\/www.laminierfolien.de\/shop\/wp-json\/wp\/v2\/product\/3689","targetHints":{"allow":["GET"]}}],"collection":[{"href":"https:\/\/www.laminierfolien.de\/shop\/wp-json\/wp\/v2\/product"}],"about":[{"href":"https:\/\/www.laminierfolien.de\/shop\/wp-json\/wp\/v2\/types\/product"}],"replies":[{"embeddable":true,"href":"https:\/\/www.laminierfolien.de\/shop\/wp-json\/wp\/v2\/comments?post=3689"}],"wp:featuredmedia":[{"embeddable":true,"href":"https:\/\/www.laminierfolien.de\/shop\/wp-json\/wp\/v2\/media\/3690"}],"wp:attachment":[{"href":"https:\/\/www.laminierfolien.de\/shop\/wp-json\/wp\/v2\/media?parent=3689"}],"wp:term":[{"taxonomy":"product_brand","embeddable":true,"href":"https:\/\/www.laminierfolien.de\/shop\/wp-json\/wp\/v2\/product_brand?post=3689"},{"taxonomy":"product_cat","embeddable":true,"href":"https:\/\/www.laminierfolien.de\/shop\/wp-json\/wp\/v2\/product_cat?post=3689"},{"taxonomy":"product_tag","embeddable":true,"href":"https:\/\/www.laminierfolien.de\/shop\/wp-json\/wp\/v2\/product_tag?post=3689"}],"curies":[{"name":"wp","href":"https:\/\/api.w.org\/{rel}","templated":true}]}}