{"id":3596,"date":"2024-01-16T12:27:34","date_gmt":"2024-01-16T11:27:34","guid":{"rendered":"https:\/\/www.laminierfolien.de\/shop\/?post_type=product&#038;p=3596"},"modified":"2024-05-22T12:12:23","modified_gmt":"2024-05-22T10:12:23","slug":"breite-635-mm","status":"publish","type":"product","link":"https:\/\/www.laminierfolien.de\/shop\/produkt\/breite-635-mm\/","title":{"rendered":"Laminierrolle 635 mm"},"content":{"rendered":"<p>Sch\u00fctzen Sie Ihre wertvollen Dokumente und Erinnerungen mit unserer hochwertigen Laminierrolle!<\/p>\n<p>Sicherheit f\u00fcr Ihre unersetzlichen Dokumente<\/p>\n<p>Es gibt viele Dokumente und Erinnerungen aus Papier oder Pappe, die man gern vor alters- oder gebrauchsbedingten Sch\u00e4den sch\u00fctzen m\u00f6chte. Hierzu geh\u00f6ren neben Fotos und den selbstgemalten Bildern der Kinder auch Ausweise, Zeugnisse oder verschiedenste Zertifikate. Hierf\u00fcr ist unsere Laminierrolle ideal, denn dank ihrer hohen Qualit\u00e4t liefert sie glasklare Ergebnisse, sodass alles sicht- und lesbar bleibt. Durch den Laminiervorgang sind die Papiere auch bei h\u00e4ufigem Gebrauch hervorragend gesch\u00fctzt. Das kann zum Beispiel auch bei Speisekarten, Katalogen Bedienungsanleitungen und verschiedenen Farbausdrucken sehr n\u00fctzlich sein.<\/p>\n<p>H\u00f6chste Qualit\u00e4t f\u00fcr erstklassige Ergebnisse<\/p>\n<p>Unsere Laminierrolle bietet aber nicht nur glasklare Ergebnisse, sondern begeistert auch durch eine \u00e4u\u00dferst brillante Farbwiedergabe und exquisite Laminierergebnisse aufgrund der Verwendung erstklassiger Kleber und eines hohen Polyesteranteils (PET), der das Material steifer und wertiger macht. Und nat\u00fcrlich sind nicht nur die optischen Ergebnisse der Laminierrolle \u00fcberzeugend. Sie erm\u00f6glicht zudem blasenfreie Ergebnisse, von denen Sie begeistert sein werden, und sch\u00fctzt Ihre Papiere dauerhaft vor Schmutz und Feuchtigkeit. Bei Bedarf kann die Oberfl\u00e4che ohne Probleme gereinigt werden.<\/p>\n<p>Die Vorteile der Laminierrolle auf einen Blick<\/p>\n<p>\u2714 Hochgl\u00e4nzende Oberfl\u00e4che f\u00fcr leuchtende Farben<br \/>\n\u2714 F\u00fcr alle g\u00e4ngigen Rollenlaminatoren geeignet<br \/>\n\u2714 Dauerhafter Schutz vor Schmutz und Feuchtigkeit<br \/>\n\u2714 Brillante Farbwiedergabe<br \/>\n\u2714 Blasenfreies Laminieren<br \/>\n\u2714 Laminiertemperatur ca. 115 \u00b0C<\/p>\n<p>Hinweise zur richtigen Verarbeitung<\/p>\n<p>Die Laminierrolle ist f\u00fcr alle g\u00e4ngigen Rollenlaminatoren geeignet. Wir empfehlen, die Dokumente so zu laminieren, dass ein umlaufender Sichtrand von ca. 3-5 mm bleibt, denn nur so ist der optimale Schutz Ihrer Dokumente vor Schmutz und Feuchtigkeit gew\u00e4hrleistet. Beim Kauf der Laminierrolle sollten Sie unbedingt die maximale Rollengr\u00f6\u00dfe f\u00fcr Ihr Ger\u00e4t sowie die ben\u00f6tigte Gr\u00f6\u00dfe des Rollenkerns und die maximale St\u00e4rke beachten.<\/p>\n","protected":false},"excerpt":{"rendered":"<p>Sch\u00fctzen Sie Ihre wertvollen Dokumente und Erinnerungen mit unserer hochwertigen Laminierrolle! Sicherheit f\u00fcr Ihre unersetzlichen Dokumente Es gibt viele Dokumente und Erinnerungen aus Papier oder Pappe, die man gern vor alters- oder gebrauchsbedingten Sch\u00e4den sch\u00fctzen m\u00f6chte. Hierzu geh\u00f6ren neben Fotos und den selbstgemalten Bildern der Kinder auch Ausweise, Zeugnisse oder verschiedenste Zertifikate. Hierf\u00fcr ist unsere [&hellip;]<\/p>\n","protected":false},"featured_media":3615,"comment_status":"closed","ping_status":"closed","template":"","meta":[],"product_brand":[],"product_cat":[269],"product_tag":[295],"class_list":{"0":"post-3596","1":"product","2":"type-product","3":"status-publish","4":"has-post-thumbnail","6":"product_cat-breite-635-mm","7":"product_tag-laminierrolle","8":"pa_format-glaenzend","9":"pa_format-matt","10":"pa_format-selbstklebend","12":"first","13":"instock","14":"taxable","15":"shipping-taxable","16":"purchasable","17":"product-type-variable"},"acf":[],"tiered_pricing_type":"fixed","tiered_pricing_fixed_rules":[],"tiered_pricing_product_settings":{"layout":"default","base_unit_name":{"singular":null,"plural":null},"default_variation":null},"tiered_pricing_minimum_quantity":null,"tiered_pricing_roles_data":[],"tiered_pricing_percentage_rules":[],"_links":{"self":[{"href":"https:\/\/www.laminierfolien.de\/shop\/wp-json\/wp\/v2\/product\/3596","targetHints":{"allow":["GET"]}}],"collection":[{"href":"https:\/\/www.laminierfolien.de\/shop\/wp-json\/wp\/v2\/product"}],"about":[{"href":"https:\/\/www.laminierfolien.de\/shop\/wp-json\/wp\/v2\/types\/product"}],"replies":[{"embeddable":true,"href":"https:\/\/www.laminierfolien.de\/shop\/wp-json\/wp\/v2\/comments?post=3596"}],"wp:featuredmedia":[{"embeddable":true,"href":"https:\/\/www.laminierfolien.de\/shop\/wp-json\/wp\/v2\/media\/3615"}],"wp:attachment":[{"href":"https:\/\/www.laminierfolien.de\/shop\/wp-json\/wp\/v2\/media?parent=3596"}],"wp:term":[{"taxonomy":"product_brand","embeddable":true,"href":"https:\/\/www.laminierfolien.de\/shop\/wp-json\/wp\/v2\/product_brand?post=3596"},{"taxonomy":"product_cat","embeddable":true,"href":"https:\/\/www.laminierfolien.de\/shop\/wp-json\/wp\/v2\/product_cat?post=3596"},{"taxonomy":"product_tag","embeddable":true,"href":"https:\/\/www.laminierfolien.de\/shop\/wp-json\/wp\/v2\/product_tag?post=3596"}],"curies":[{"name":"wp","href":"https:\/\/api.w.org\/{rel}","templated":true}]}}