{"id":3546,"date":"2024-01-12T10:32:41","date_gmt":"2024-01-12T09:32:41","guid":{"rendered":"https:\/\/www.laminierfolien.de\/shop\/?post_type=product&#038;p=3546"},"modified":"2024-01-12T10:32:41","modified_gmt":"2024-01-12T09:32:41","slug":"radiusschneider-6-mm-schneideradius","status":"publish","type":"product","link":"https:\/\/www.laminierfolien.de\/shop\/produkt\/radiusschneider-6-mm-schneideradius\/","title":{"rendered":"Radiusschneider \/ 6 mm Schneideradius"},"content":{"rendered":"<p>Dieser Profi Eckenrunder wird standardm\u00e4\u00dfig mit einem Stanzwerkzeug Radius 6 mm geliefert. Das Stanzwerkzeug kann ausgetauscht werden (als Zubeh\u00f6r erh\u00e4ltlich). Gestalten Sie Ihre Visitenkarten, Fotos, Einladungen und vieles mehr in Profiqualit\u00e4t.<\/p>\n<p>\u2714 Seitenanschl\u00e4ge verstellbar<br \/>\n\u2714 Arretiervorrichtung bei Nichtgebrauch<br \/>\n\u2714 Metallhebel\/-korpus<br \/>\n\u2714 stanzt Stapel bis zu 10 mm (materialabh\u00e4ngig)<br \/>\n\u2714 f\u00fcr Papier, Karton, Brosch\u00fcren und laminierte Materialien<br \/>\n\u2714 Schneideradius 6 mm<\/p>\n","protected":false},"excerpt":{"rendered":"<p><strong class=\"entry--label\">Artikel-Nr.: <\/strong><span class=\"entry--content\">42113<\/span><\/p>\n","protected":false},"featured_media":3547,"comment_status":"closed","ping_status":"closed","template":"","meta":[],"product_brand":[],"product_cat":[226],"product_tag":[264,267],"class_list":{"0":"post-3546","1":"product","2":"type-product","3":"status-publish","4":"has-post-thumbnail","6":"product_cat-laminierzubehoer","7":"product_tag-laminierzubehoer","8":"product_tag-radiusschneider","10":"first","11":"instock","12":"taxable","13":"shipping-taxable","14":"purchasable","15":"product-type-simple"},"acf":[],"tiered_pricing_type":"fixed","tiered_pricing_fixed_rules":[],"tiered_pricing_product_settings":{"layout":"default","base_unit_name":{"singular":null,"plural":null},"default_variation":null},"tiered_pricing_minimum_quantity":null,"tiered_pricing_roles_data":[],"tiered_pricing_percentage_rules":[],"_links":{"self":[{"href":"https:\/\/www.laminierfolien.de\/shop\/wp-json\/wp\/v2\/product\/3546","targetHints":{"allow":["GET"]}}],"collection":[{"href":"https:\/\/www.laminierfolien.de\/shop\/wp-json\/wp\/v2\/product"}],"about":[{"href":"https:\/\/www.laminierfolien.de\/shop\/wp-json\/wp\/v2\/types\/product"}],"replies":[{"embeddable":true,"href":"https:\/\/www.laminierfolien.de\/shop\/wp-json\/wp\/v2\/comments?post=3546"}],"wp:featuredmedia":[{"embeddable":true,"href":"https:\/\/www.laminierfolien.de\/shop\/wp-json\/wp\/v2\/media\/3547"}],"wp:attachment":[{"href":"https:\/\/www.laminierfolien.de\/shop\/wp-json\/wp\/v2\/media?parent=3546"}],"wp:term":[{"taxonomy":"product_brand","embeddable":true,"href":"https:\/\/www.laminierfolien.de\/shop\/wp-json\/wp\/v2\/product_brand?post=3546"},{"taxonomy":"product_cat","embeddable":true,"href":"https:\/\/www.laminierfolien.de\/shop\/wp-json\/wp\/v2\/product_cat?post=3546"},{"taxonomy":"product_tag","embeddable":true,"href":"https:\/\/www.laminierfolien.de\/shop\/wp-json\/wp\/v2\/product_tag?post=3546"}],"curies":[{"name":"wp","href":"https:\/\/api.w.org\/{rel}","templated":true}]}}