{"id":3543,"date":"2024-01-12T10:15:59","date_gmt":"2024-01-12T09:15:59","guid":{"rendered":"https:\/\/www.laminierfolien.de\/shop\/?post_type=product&#038;p=3543"},"modified":"2024-01-12T10:34:42","modified_gmt":"2024-01-12T09:34:42","slug":"schutzhuelle-bis-din-a3","status":"publish","type":"product","link":"https:\/\/www.laminierfolien.de\/shop\/produkt\/schutzhuelle-bis-din-a3\/","title":{"rendered":"Schutzh\u00fclle bis DIN A3"},"content":{"rendered":"<p>Bei problematischen Papierst\u00e4rken oder Unsicherheiten bzgl. der richtigen Temperatureinstellung empfiehlt sich die Verwendung einer Transporttasche.<br \/>\nSo k\u00f6nnen Klebstoffr\u00fcckst\u00e4nde an den Walzen oder ein Verziehen des Laminats vermieden werden.Die Lebensdauer Ihres Laminierger\u00e4tes wird zus\u00e4tzlich erh\u00f6ht.<br \/>\nDie Transporttaschen sind mehrmals nutzbar.<\/p>\n","protected":false},"excerpt":{"rendered":"<p><strong class=\"entry--label\">Artikel-Nr.: <\/strong><span class=\"entry--content\">200<\/span><\/p>\n","protected":false},"featured_media":3544,"comment_status":"closed","ping_status":"closed","template":"","meta":[],"product_brand":[],"product_cat":[226],"product_tag":[264,266],"class_list":{"0":"post-3543","1":"product","2":"type-product","3":"status-publish","4":"has-post-thumbnail","6":"product_cat-laminierzubehoer","7":"product_tag-laminierzubehoer","8":"product_tag-schutzhuelle","10":"first","11":"instock","12":"taxable","13":"shipping-taxable","14":"purchasable","15":"product-type-simple"},"acf":[],"tiered_pricing_type":"fixed","tiered_pricing_fixed_rules":[],"tiered_pricing_product_settings":{"layout":"default","base_unit_name":{"singular":null,"plural":null},"default_variation":null},"tiered_pricing_minimum_quantity":null,"tiered_pricing_roles_data":[],"tiered_pricing_percentage_rules":[],"_links":{"self":[{"href":"https:\/\/www.laminierfolien.de\/shop\/wp-json\/wp\/v2\/product\/3543","targetHints":{"allow":["GET"]}}],"collection":[{"href":"https:\/\/www.laminierfolien.de\/shop\/wp-json\/wp\/v2\/product"}],"about":[{"href":"https:\/\/www.laminierfolien.de\/shop\/wp-json\/wp\/v2\/types\/product"}],"replies":[{"embeddable":true,"href":"https:\/\/www.laminierfolien.de\/shop\/wp-json\/wp\/v2\/comments?post=3543"}],"wp:featuredmedia":[{"embeddable":true,"href":"https:\/\/www.laminierfolien.de\/shop\/wp-json\/wp\/v2\/media\/3544"}],"wp:attachment":[{"href":"https:\/\/www.laminierfolien.de\/shop\/wp-json\/wp\/v2\/media?parent=3543"}],"wp:term":[{"taxonomy":"product_brand","embeddable":true,"href":"https:\/\/www.laminierfolien.de\/shop\/wp-json\/wp\/v2\/product_brand?post=3543"},{"taxonomy":"product_cat","embeddable":true,"href":"https:\/\/www.laminierfolien.de\/shop\/wp-json\/wp\/v2\/product_cat?post=3543"},{"taxonomy":"product_tag","embeddable":true,"href":"https:\/\/www.laminierfolien.de\/shop\/wp-json\/wp\/v2\/product_tag?post=3543"}],"curies":[{"name":"wp","href":"https:\/\/api.w.org\/{rel}","templated":true}]}}