{"id":3537,"date":"2024-01-12T07:58:54","date_gmt":"2024-01-12T06:58:54","guid":{"rendered":"https:\/\/www.laminierfolien.de\/shop\/?post_type=product&#038;p=3537"},"modified":"2024-03-25T15:36:41","modified_gmt":"2024-03-25T14:36:41","slug":"rollenlaminator-dh-1050xlr","status":"publish","type":"product","link":"https:\/\/www.laminierfolien.de\/shop\/produkt\/rollenlaminator-dh-1050xlr\/","title":{"rendered":"Rollenlaminator DH 1050XLR"},"content":{"rendered":"<p>Egal, ob hei\u00df, kalt, kaschieren, breit oder schmal &#8211; mit dem DH 1050 XL mit Wickelwelle f\u00fcr Schutzpapier sind Sie ideal ausgestattet.<\/p>\n<p>Dieser Rollenlaminator fasst gro\u00dfe Rollen f\u00fcr langes und unterbrechungsfreies Laminieren. Die benutzerfreundliche Handhabung und einfache Bedienung erm\u00f6glicht dem Anwender jederzeit einen schnellen und leichten Rollenwechsel. Die robuste und trotzdem moderne Technik sorgt f\u00fcr gute Laminierergebnisse (keine Kratzer oder Blasen) und das Preis-Leistungsverh\u00e4ltnis erm\u00f6glicht jedem K\u00e4ufer einen Amortisation binnen k\u00fcrzester Zeit. Bei so vielen Besonderheiten ist es nicht verwunderlich, dass unser Rollenlaminator DH 1050 XLR als etwas besonderes gilt. Egal, ob Hei\u00dflaminierung, Kaltlaminierung, erweiterte Rollenaufnahme f\u00fcr Industrierollen oder ein fahrbarer Stand: alles serienm\u00e4\u00dfig enthalten.<\/p>\n<p>Als I-T\u00fcpfelchen kann diese Klasse auch kaschieren, d.h. auf 5 mm dicken Hartschaum-, Glas- Metall- oder Spettholzplatten etc. ist diese Kaltkaschierung m\u00f6glich. Die Schutzabdeckung der Folie wird automatisch abgezogen und aufgerollt.<\/p>\n<p>Sie k\u00f6nnen mit em DH 150 XLR in allen Breiten laminieren. Bei 500 Mic (2 x 250) in einer Breite von 1000 mm ben\u00f6tigen Sie allerdings ein &#8222;geschicktes H\u00e4ndchen&#8220;, weshalb wir bei dieser Breite 250 Mic (2 x 125) empfehlen. Hier verzeiht der Laminator aufgrund seiner Flexibilit\u00e4t auch noch Fehler bei Bedienung und Einstellung.<\/p>\n<p>&#x2714; Laminierbreite: 1050 mm<br \/>\n&#x2714; Laminiergeschwindigkeit: 0 &#8211; 1,6 Meter \/ Min.<br \/>\n&#x2714; Laminierst\u00e4rke: alle St\u00e4rken<br \/>\n&#x2714; Anzahl Walzen: 4 (davon 2 beheizt)<br \/>\n&#x2714; Laminierverfahren: beidseitige Laminierung<br \/>\n&#x2714; Kaschierarbeiten: ja, bis 5 mm<br \/>\n&#x2714; Heizsystem: aktive infarotbeheizte Walzen<br \/>\n&#x2714; Arbeitstemperatur: 0\u00b0C &#8211; 140 \u00b0C<br \/>\n&#x2714; Vorheizzeit: ca. 15 Minuten<br \/>\n&#x2714; digitales Display<br \/>\n&#x2714; inkl. Bereitschaftssignale und akustische Signale<br \/>\n&#x2714; Kaltlaminierstufen vorhanden<br \/>\n&#x2714; Wickelwelle f\u00fcr Releasepapier serienm\u00e4\u00dfig<br \/>\n&#x2714; Kernhalter 76 mm (optional 57 mm)<br \/>\n&#x2714; Stand (fahrbar) serienm\u00e4\u00dfig<br \/>\n&#x2714; Farbe des Laminierger\u00e4ts: hellgrau<br \/>\n&#x2714; Leistungsaufnahme: 2.700 Watt<br \/>\n&#x2714; Abmessungen: 1350 x 600 x 1200 mm<\/p>\n","protected":false},"excerpt":{"rendered":"<ul class=\"product--base-info list--unstyled\">\n<li class=\"base-info--entry entry-attribute\"><strong class=\"entry--label\">Arbeitsbreite bis max.: <\/strong><span class=\"entry--content\">1.050 mm<\/span><\/li>\n<li class=\"base-info--entry entry-attribute\"><strong class=\"entry--label\">Kern: <\/strong><span class=\"entry--content\">76 mm<\/span><\/li>\n<li class=\"base-info--entry entry-attribute\"><strong class=\"entry--label\">Geschwindigkeit: <\/strong><span class=\"entry--content\">0,0 &#8211; 1,6 m \/ Min.<\/span><\/li>\n<li class=\"base-info--entry entry-attribute\"><strong class=\"entry--label\">Folienst\u00e4rke bis max.: <\/strong><span class=\"entry--content\">alle Laminierst\u00e4rken<\/span><\/li>\n<li class=\"base-info--entry entry-attribute\"><strong class=\"entry--label\">Artikel-Nr.: <\/strong><span class=\"entry--content\">31212<\/span><\/li>\n<\/ul>\n","protected":false},"featured_media":3539,"comment_status":"closed","ping_status":"closed","template":"","meta":[],"product_brand":[],"product_cat":[225],"product_tag":[263],"class_list":{"0":"post-3537","1":"product","2":"type-product","3":"status-publish","4":"has-post-thumbnail","6":"product_cat-rollenlaminatoren","7":"product_tag-rollenlaminator","9":"first","10":"instock","11":"taxable","12":"shipping-taxable","13":"purchasable","14":"product-type-simple"},"acf":[],"tiered_pricing_type":"fixed","tiered_pricing_fixed_rules":[],"tiered_pricing_product_settings":{"layout":"default","base_unit_name":{"singular":null,"plural":null},"default_variation":null},"tiered_pricing_minimum_quantity":null,"tiered_pricing_roles_data":[],"tiered_pricing_percentage_rules":[],"_links":{"self":[{"href":"https:\/\/www.laminierfolien.de\/shop\/wp-json\/wp\/v2\/product\/3537","targetHints":{"allow":["GET"]}}],"collection":[{"href":"https:\/\/www.laminierfolien.de\/shop\/wp-json\/wp\/v2\/product"}],"about":[{"href":"https:\/\/www.laminierfolien.de\/shop\/wp-json\/wp\/v2\/types\/product"}],"replies":[{"embeddable":true,"href":"https:\/\/www.laminierfolien.de\/shop\/wp-json\/wp\/v2\/comments?post=3537"}],"wp:featuredmedia":[{"embeddable":true,"href":"https:\/\/www.laminierfolien.de\/shop\/wp-json\/wp\/v2\/media\/3539"}],"wp:attachment":[{"href":"https:\/\/www.laminierfolien.de\/shop\/wp-json\/wp\/v2\/media?parent=3537"}],"wp:term":[{"taxonomy":"product_brand","embeddable":true,"href":"https:\/\/www.laminierfolien.de\/shop\/wp-json\/wp\/v2\/product_brand?post=3537"},{"taxonomy":"product_cat","embeddable":true,"href":"https:\/\/www.laminierfolien.de\/shop\/wp-json\/wp\/v2\/product_cat?post=3537"},{"taxonomy":"product_tag","embeddable":true,"href":"https:\/\/www.laminierfolien.de\/shop\/wp-json\/wp\/v2\/product_tag?post=3537"}],"curies":[{"name":"wp","href":"https:\/\/api.w.org\/{rel}","templated":true}]}}