{"id":3520,"date":"2024-01-12T07:39:37","date_gmt":"2024-01-12T06:39:37","guid":{"rendered":"https:\/\/www.laminierfolien.de\/shop\/?post_type=product&#038;p=3520"},"modified":"2024-01-29T10:45:05","modified_gmt":"2024-01-29T09:45:05","slug":"rollenlaminator-dh-360xl","status":"publish","type":"product","link":"https:\/\/www.laminierfolien.de\/shop\/produkt\/rollenlaminator-dh-360xl\/","title":{"rendered":"Rollenlaminator DH 360XL"},"content":{"rendered":"<p>Mit dem DH 360 XL erwerben Sie einen Rollenlaminator, der gro\u00dfe Rollen f\u00fcr langes und unterbrechungsfreies Laminieren fasst. Der Laminator ist ebenfalls mit einer Wickelwelle f\u00fcr Schutzpapier bei Kaltlaminierung ausgestattet.<br \/>\nSchnelles und unkompliziertes Wechseln der Rolle wird mit dem DH 360 XL erm\u00f6glicht.<\/p>\n<p>\u2714 Laminierbreite max. 350 mm<br \/>\n\u2714 Laminiergeschwindigkeit 0 &#8211; 1,6 m \/ Min.<br \/>\n\u2714 laminiert alle Laminierst\u00e4rken<br \/>\n\u2714 4 Walzen (davon 2 beheizt)<br \/>\n\u2714 beidseitige Laminierung m\u00f6glich<br \/>\n\u2714 Kaschierarbeiten bis 5 mm m\u00f6glich<br \/>\n\u2714 aktive infrarotbeheizte Walzen<br \/>\n\u2714 Arbeitstemperatur 0 &#8211; 140\u00a0\u00b0C<br \/>\n\u2714 max. Temperatur: 170\u00a0\u00b0C<br \/>\n\u2714\u00a0Vorheizzeit ca. 15 Minuten<br \/>\n\u2714\u00a0digitales Display<br \/>\n\u2714\u00a0inkl. Bereitschaftsanzeige und akustischer Signale<br \/>\n\u2714\u00a0Kaltlaminierstufen vorhanden<br \/>\n\u2714\u00a0inkl. Wickelwelle f\u00fcr Releasepapier<br \/>\n\u2714\u00a0Kernhalter: 57 mm (optional 25 oder 76 mm)<br \/>\n\u2714\u00a0Stand (fahrbar) serienm\u00e4\u00dfig<br \/>\n\u2714\u00a0Farbe des Laminierger\u00e4ts: hellgrau<br \/>\n\u2714\u00a0Leistungsaufnahme: 1.600 Watt<br \/>\n\u2714\u00a0Abmessungen: 620 x 480 x 1150 mm<\/p>\n","protected":false},"excerpt":{"rendered":"<ul>\n<li><strong class=\"entry--label\">Arbeitsbreite bis max.: <\/strong><span class=\"entry--content\">350 mm<\/span><\/li>\n<li><strong class=\"entry--label\">Kern: <\/strong><span class=\"entry--content\">57 mm<\/span><\/li>\n<li><strong class=\"entry--label\">Geschwindigkeit: <\/strong><span class=\"entry--content\">0,0 &#8211; 1,6 m \/ Min.<\/span><\/li>\n<li><strong class=\"entry--label\">Folienst\u00e4rke bis max.: <\/strong><span class=\"entry--content\">alle Laminierst\u00e4rken<\/span><\/li>\n<li><strong class=\"entry--label\">Artikel-Nr.: <\/strong><span class=\"entry--content\">312100<\/span><\/li>\n<\/ul>\n","protected":false},"featured_media":3526,"comment_status":"closed","ping_status":"closed","template":"","meta":[],"product_brand":[],"product_cat":[225],"product_tag":[263],"class_list":{"0":"post-3520","1":"product","2":"type-product","3":"status-publish","4":"has-post-thumbnail","6":"product_cat-rollenlaminatoren","7":"product_tag-rollenlaminator","9":"first","10":"instock","11":"taxable","12":"shipping-taxable","13":"purchasable","14":"product-type-simple"},"acf":[],"tiered_pricing_type":"fixed","tiered_pricing_fixed_rules":[],"tiered_pricing_product_settings":{"layout":"default","base_unit_name":{"singular":null,"plural":null},"default_variation":null},"tiered_pricing_minimum_quantity":null,"tiered_pricing_roles_data":[],"tiered_pricing_percentage_rules":[],"_links":{"self":[{"href":"https:\/\/www.laminierfolien.de\/shop\/wp-json\/wp\/v2\/product\/3520","targetHints":{"allow":["GET"]}}],"collection":[{"href":"https:\/\/www.laminierfolien.de\/shop\/wp-json\/wp\/v2\/product"}],"about":[{"href":"https:\/\/www.laminierfolien.de\/shop\/wp-json\/wp\/v2\/types\/product"}],"replies":[{"embeddable":true,"href":"https:\/\/www.laminierfolien.de\/shop\/wp-json\/wp\/v2\/comments?post=3520"}],"wp:featuredmedia":[{"embeddable":true,"href":"https:\/\/www.laminierfolien.de\/shop\/wp-json\/wp\/v2\/media\/3526"}],"wp:attachment":[{"href":"https:\/\/www.laminierfolien.de\/shop\/wp-json\/wp\/v2\/media?parent=3520"}],"wp:term":[{"taxonomy":"product_brand","embeddable":true,"href":"https:\/\/www.laminierfolien.de\/shop\/wp-json\/wp\/v2\/product_brand?post=3520"},{"taxonomy":"product_cat","embeddable":true,"href":"https:\/\/www.laminierfolien.de\/shop\/wp-json\/wp\/v2\/product_cat?post=3520"},{"taxonomy":"product_tag","embeddable":true,"href":"https:\/\/www.laminierfolien.de\/shop\/wp-json\/wp\/v2\/product_tag?post=3520"}],"curies":[{"name":"wp","href":"https:\/\/api.w.org\/{rel}","templated":true}]}}