{"id":864,"date":"2023-01-24T15:05:25","date_gmt":"2023-01-24T14:05:25","guid":{"rendered":"http:\/\/wp-dev1.srv-webdev-01\/?page_id=864"},"modified":"2025-11-19T13:51:47","modified_gmt":"2025-11-19T12:51:47","slug":"startseite","status":"publish","type":"page","link":"https:\/\/www.laminierfolien.de\/shop\/","title":{"rendered":"Startseite"},"content":{"rendered":"\n  \n\n  <div class=\"et-products-teaser  bg-medium space\">\n    <div class=\"row\">\n\n      \n      <div class=\"col et-title-container\"><h1>Unser Sortiment im \u00dcberblick  <span class=\"subline\"><\/span><\/h1><\/div>\n\n              <div class=\"col\">\n          <ul class=\"et-teaser-tiles products margin-bottom \"><li class=\"product type-product post-4317 status-publish first instock has-post-thumbnail taxable shipping-taxable purchasable product-type-variation\">\n\t  <a title=\"Laminierfolien - DIN A5 (154 x 216 mm) | S2 Laminiertechnik GmbH\" href=\"https:\/\/www.laminierfolien.de\/shop\/produkt\/laminierfolien-din-a5-154-x-216-mm\/?attribute_pa_format=din-a5-glaenzend&#038;attribute_pa_staerke=250-mic-2x125&#038;attribute_pa_zusatz=din-a5-heftrand\" class=\"woocommerce-LoopProduct-link woocommerce-loop-product__link\">\n  <img loading=\"lazy\" decoding=\"async\" width=\"300\" height=\"408\" src=\"https:\/\/www.laminierfolien.de\/shop\/wp-content\/uploads\/2024\/05\/laminierfoliena5mit-heftrand2x125glaenzend-300x408.jpg\" class=\"attachment-woocommerce_thumbnail size-woocommerce_thumbnail\" alt=\"DIN A5 | Gl\u00e4nzend 250 Mic (2x125) | Heftrand\" srcset=\"https:\/\/www.laminierfolien.de\/shop\/wp-content\/uploads\/2024\/05\/laminierfoliena5mit-heftrand2x125glaenzend-300x408.jpg 300w, https:\/\/www.laminierfolien.de\/shop\/wp-content\/uploads\/2024\/05\/laminierfoliena5mit-heftrand2x125glaenzend-221x300.jpg 221w, https:\/\/www.laminierfolien.de\/shop\/wp-content\/uploads\/2024\/05\/laminierfoliena5mit-heftrand2x125glaenzend-480x652.jpg 480w, https:\/\/www.laminierfolien.de\/shop\/wp-content\/uploads\/2024\/05\/laminierfoliena5mit-heftrand2x125glaenzend.jpg 600w\" sizes=\"auto, (max-width: 300px) 100vw, 300px\" \/><h2 class=\"woocommerce-loop-product__title\">DIN A5 | Gl\u00e4nzend 250 Mic (2&#215;125) | Heftrand<\/h2><\/a>\n\t<span class=\"price\">\t\t<span class=\"tiered-pricing-dynamic-price-wrapper\"\n\t\t\t  data-display-context=\"shop-loop\"\n\t\t\t  data-price-type=\"no-rules\"\n\t\t\t  data-product-id=\"4317\"\n\t\t\t  data-parent-id=\"3740\">\n\t\t\t<span class=\"woocommerce-Price-amount amount\"><bdi>9,90&nbsp;<span class=\"woocommerce-Price-currencySymbol\">&euro;<\/span><\/bdi><\/span><\/span><\/span>\n\n<div class=\"product-info-container\"><\/div><div class=\"mark-container\"><\/div><a class=\"btn\" tabindex=\"0\" title=\"Auf die Wunschliste\" data-text-add=\"Auf die Wunschliste\" data-text-remove=\"Entfernen\" data-wishlist=\"4317\">Auf die Wunschliste<\/a>\n\n\n\t<p class=\"wc-gzd-additional-info wc-gzd-additional-info-loop tax-info\">inkl. 19 % MwSt.<\/p>\n\n\n\n<a href=\"https:\/\/www.laminierfolien.de\/shop\/produkt\/laminierfolien-din-a5-154-x-216-mm\/?attribute_pa_format=din-a5-glaenzend&#038;attribute_pa_staerke=250-mic-2x125&#038;attribute_pa_zusatz=din-a5-heftrand&#038;variation_id=4317&#038;add-to-cart=3740\" aria-describedby=\"woocommerce_loop_add_to_cart_link_describedby_4317\" data-quantity=\"1\" class=\"button product_type_variation add_to_cart_button ajax_add_to_cart\" data-product_id=\"4317\" data-product_sku=\"222034\" aria-label=\"In den Warenkorb legen: \u201eDIN A5 | Gl\u00e4nzend 250 Mic (2x125) | Heftrand\u201c\" rel=\"nofollow\" data-success_message=\"\u201eDIN A5 | Gl\u00e4nzend 250 Mic (2x125) | Heftrand\u201c wurde Ihrem Warenkorb hinzugef\u00fcgt\" data-product-name=\"DIN A5 | Gl\u00e4nzend 250 Mic (2x125) | Heftrand\" title=\"In den Warenkorb legen: \u201eDIN A5 | Gl\u00e4nzend 250 Mic (2x125) | Heftrand\u201c\" role=\"button\">In den Warenkorb<\/a>\t<span id=\"woocommerce_loop_add_to_cart_link_describedby_4317\" class=\"screen-reader-text\">\n\t\t\t<\/span>\n<\/li>\n<li class=\"product type-product post-4297 status-publish instock has-post-thumbnail taxable shipping-taxable purchasable product-type-variation\">\n\t  <a title=\"Laminierfolien - DIN A3 (303 x 426 mm) | S2 Laminiertechnik GmbH\" href=\"https:\/\/www.laminierfolien.de\/shop\/produkt\/laminierfolien-din-a3-303-x-426-mm\/?attribute_pa_format=din-a3-glaenzend&#038;attribute_pa_staerke=500-mic-2x250&#038;attribute_pa_zusatz=din-a3-rahmenformat\" class=\"woocommerce-LoopProduct-link woocommerce-loop-product__link\">\n  <img loading=\"lazy\" decoding=\"async\" width=\"300\" height=\"408\" src=\"https:\/\/www.laminierfolien.de\/shop\/wp-content\/uploads\/2024\/05\/laminierfoliena3rahmenformat-297x4232x250glaenzend-300x408.jpg\" class=\"attachment-woocommerce_thumbnail size-woocommerce_thumbnail\" alt=\"DIN A3 | Gl\u00e4nzend 500 Mic (2x250) | Rahmenformat\" srcset=\"https:\/\/www.laminierfolien.de\/shop\/wp-content\/uploads\/2024\/05\/laminierfoliena3rahmenformat-297x4232x250glaenzend-300x408.jpg 300w, https:\/\/www.laminierfolien.de\/shop\/wp-content\/uploads\/2024\/05\/laminierfoliena3rahmenformat-297x4232x250glaenzend-221x300.jpg 221w, https:\/\/www.laminierfolien.de\/shop\/wp-content\/uploads\/2024\/05\/laminierfoliena3rahmenformat-297x4232x250glaenzend-480x652.jpg 480w, https:\/\/www.laminierfolien.de\/shop\/wp-content\/uploads\/2024\/05\/laminierfoliena3rahmenformat-297x4232x250glaenzend.jpg 600w\" sizes=\"auto, (max-width: 300px) 100vw, 300px\" \/><h2 class=\"woocommerce-loop-product__title\">DIN A3 | Gl\u00e4nzend 500 Mic (2&#215;250) | Rahmenformat<\/h2><\/a>\n\t<span class=\"price\">\t\t<span class=\"tiered-pricing-dynamic-price-wrapper\"\n\t\t\t  data-display-context=\"shop-loop\"\n\t\t\t  data-price-type=\"no-rules\"\n\t\t\t  data-product-id=\"4297\"\n\t\t\t  data-parent-id=\"3736\">\n\t\t\t<span class=\"woocommerce-Price-amount amount\"><bdi>34,39&nbsp;<span class=\"woocommerce-Price-currencySymbol\">&euro;<\/span><\/bdi><\/span><\/span><\/span>\n\n<div class=\"product-info-container\"><\/div><div class=\"mark-container\"><\/div><a class=\"btn\" tabindex=\"0\" title=\"Auf die Wunschliste\" data-text-add=\"Auf die Wunschliste\" data-text-remove=\"Entfernen\" data-wishlist=\"4297\">Auf die Wunschliste<\/a>\n\n\n\t<p class=\"wc-gzd-additional-info wc-gzd-additional-info-loop tax-info\">inkl. 19 % MwSt.<\/p>\n\n\n\n<a href=\"https:\/\/www.laminierfolien.de\/shop\/produkt\/laminierfolien-din-a3-303-x-426-mm\/?attribute_pa_format=din-a3-glaenzend&#038;attribute_pa_staerke=500-mic-2x250&#038;attribute_pa_zusatz=din-a3-rahmenformat&#038;variation_id=4297&#038;add-to-cart=3736\" aria-describedby=\"woocommerce_loop_add_to_cart_link_describedby_4297\" data-quantity=\"1\" class=\"button product_type_variation add_to_cart_button ajax_add_to_cart\" data-product_id=\"4297\" data-product_sku=\"\" aria-label=\"In den Warenkorb legen: \u201eDIN A3 | Gl\u00e4nzend 500 Mic (2x250) | Rahmenformat\u201c\" rel=\"nofollow\" data-success_message=\"\u201eDIN A3 | Gl\u00e4nzend 500 Mic (2x250) | Rahmenformat\u201c wurde Ihrem Warenkorb hinzugef\u00fcgt\" data-product-name=\"DIN A3 | Gl\u00e4nzend 500 Mic (2x250) | Rahmenformat\" title=\"In den Warenkorb legen: \u201eDIN A3 | Gl\u00e4nzend 500 Mic (2x250) | Rahmenformat\u201c\" role=\"button\">In den Warenkorb<\/a>\t<span id=\"woocommerce_loop_add_to_cart_link_describedby_4297\" class=\"screen-reader-text\">\n\t\t\t<\/span>\n<\/li>\n<li class=\"product type-product post-4296 status-publish instock has-post-thumbnail taxable shipping-taxable purchasable product-type-variation\">\n\t  <a title=\"Laminierfolien - DIN A3 (303 x 426 mm) | S2 Laminiertechnik GmbH\" href=\"https:\/\/www.laminierfolien.de\/shop\/produkt\/laminierfolien-din-a3-303-x-426-mm\/?attribute_pa_format=din-a3-glaenzend&#038;attribute_pa_staerke=350-mic-2x175&#038;attribute_pa_zusatz=din-a3-rahmenformat\" class=\"woocommerce-LoopProduct-link woocommerce-loop-product__link\">\n  <img loading=\"lazy\" decoding=\"async\" width=\"300\" height=\"408\" src=\"https:\/\/www.laminierfolien.de\/shop\/wp-content\/uploads\/2024\/05\/laminierfoliena3-rahmenformat-297x4232x175glaenzend-300x408.jpg\" class=\"attachment-woocommerce_thumbnail size-woocommerce_thumbnail\" alt=\"DIN A3 | Gl\u00e4nzend 350 Mic (2x175) | Rahmenformat\" srcset=\"https:\/\/www.laminierfolien.de\/shop\/wp-content\/uploads\/2024\/05\/laminierfoliena3-rahmenformat-297x4232x175glaenzend-300x408.jpg 300w, https:\/\/www.laminierfolien.de\/shop\/wp-content\/uploads\/2024\/05\/laminierfoliena3-rahmenformat-297x4232x175glaenzend-221x300.jpg 221w, https:\/\/www.laminierfolien.de\/shop\/wp-content\/uploads\/2024\/05\/laminierfoliena3-rahmenformat-297x4232x175glaenzend-480x652.jpg 480w, https:\/\/www.laminierfolien.de\/shop\/wp-content\/uploads\/2024\/05\/laminierfoliena3-rahmenformat-297x4232x175glaenzend.jpg 600w\" sizes=\"auto, (max-width: 300px) 100vw, 300px\" \/><h2 class=\"woocommerce-loop-product__title\">DIN A3 | Gl\u00e4nzend 350 Mic (2&#215;175) | Rahmenformat<\/h2><\/a>\n\t<span class=\"price\">\t\t<span class=\"tiered-pricing-dynamic-price-wrapper\"\n\t\t\t  data-display-context=\"shop-loop\"\n\t\t\t  data-price-type=\"no-rules\"\n\t\t\t  data-product-id=\"4296\"\n\t\t\t  data-parent-id=\"3736\">\n\t\t\t<span class=\"woocommerce-Price-amount amount\"><bdi>33,90&nbsp;<span class=\"woocommerce-Price-currencySymbol\">&euro;<\/span><\/bdi><\/span><\/span><\/span>\n\n<div class=\"product-info-container\"><\/div><div class=\"mark-container\"><\/div><a class=\"btn\" tabindex=\"0\" title=\"Auf die Wunschliste\" data-text-add=\"Auf die Wunschliste\" data-text-remove=\"Entfernen\" data-wishlist=\"4296\">Auf die Wunschliste<\/a>\n\n\n\t<p class=\"wc-gzd-additional-info wc-gzd-additional-info-loop tax-info\">inkl. 19 % MwSt.<\/p>\n\n\n\n<a href=\"https:\/\/www.laminierfolien.de\/shop\/produkt\/laminierfolien-din-a3-303-x-426-mm\/?attribute_pa_format=din-a3-glaenzend&#038;attribute_pa_staerke=350-mic-2x175&#038;attribute_pa_zusatz=din-a3-rahmenformat&#038;variation_id=4296&#038;add-to-cart=3736\" aria-describedby=\"woocommerce_loop_add_to_cart_link_describedby_4296\" data-quantity=\"1\" class=\"button product_type_variation add_to_cart_button ajax_add_to_cart\" data-product_id=\"4296\" data-product_sku=\"\" aria-label=\"In den Warenkorb legen: \u201eDIN A3 | Gl\u00e4nzend 350 Mic (2x175) | Rahmenformat\u201c\" rel=\"nofollow\" data-success_message=\"\u201eDIN A3 | Gl\u00e4nzend 350 Mic (2x175) | Rahmenformat\u201c wurde Ihrem Warenkorb hinzugef\u00fcgt\" data-product-name=\"DIN A3 | Gl\u00e4nzend 350 Mic (2x175) | Rahmenformat\" title=\"In den Warenkorb legen: \u201eDIN A3 | Gl\u00e4nzend 350 Mic (2x175) | Rahmenformat\u201c\" role=\"button\">In den Warenkorb<\/a>\t<span id=\"woocommerce_loop_add_to_cart_link_describedby_4296\" class=\"screen-reader-text\">\n\t\t\t<\/span>\n<\/li>\n<li class=\"product type-product post-4295 status-publish instock has-post-thumbnail taxable shipping-taxable purchasable product-type-variation\">\n\t  <a title=\"Laminierfolien - DIN A3 (303 x 426 mm) | S2 Laminiertechnik GmbH\" href=\"https:\/\/www.laminierfolien.de\/shop\/produkt\/laminierfolien-din-a3-303-x-426-mm\/?attribute_pa_format=din-a3-glaenzend&#038;attribute_pa_staerke=250-mic-2x125&#038;attribute_pa_zusatz=din-a3-rahmenformat\" class=\"woocommerce-LoopProduct-link woocommerce-loop-product__link\">\n  <img loading=\"lazy\" decoding=\"async\" width=\"300\" height=\"408\" src=\"https:\/\/www.laminierfolien.de\/shop\/wp-content\/uploads\/2024\/05\/laminierfoliena3-rahmenformat-297x4232x125glaenzend-300x408.jpg\" class=\"attachment-woocommerce_thumbnail size-woocommerce_thumbnail\" alt=\"DIN A3 | Gl\u00e4nzend 250 Mic (2x125) | Rahmenformat\" srcset=\"https:\/\/www.laminierfolien.de\/shop\/wp-content\/uploads\/2024\/05\/laminierfoliena3-rahmenformat-297x4232x125glaenzend-300x408.jpg 300w, https:\/\/www.laminierfolien.de\/shop\/wp-content\/uploads\/2024\/05\/laminierfoliena3-rahmenformat-297x4232x125glaenzend-221x300.jpg 221w, https:\/\/www.laminierfolien.de\/shop\/wp-content\/uploads\/2024\/05\/laminierfoliena3-rahmenformat-297x4232x125glaenzend-480x652.jpg 480w, https:\/\/www.laminierfolien.de\/shop\/wp-content\/uploads\/2024\/05\/laminierfoliena3-rahmenformat-297x4232x125glaenzend.jpg 600w\" sizes=\"auto, (max-width: 300px) 100vw, 300px\" \/><h2 class=\"woocommerce-loop-product__title\">DIN A3 | Gl\u00e4nzend 250 Mic (2&#215;125) | Rahmenformat<\/h2><\/a>\n\t<span class=\"price\">\t\t<span class=\"tiered-pricing-dynamic-price-wrapper\"\n\t\t\t  data-display-context=\"shop-loop\"\n\t\t\t  data-price-type=\"no-rules\"\n\t\t\t  data-product-id=\"4295\"\n\t\t\t  data-parent-id=\"3736\">\n\t\t\t<span class=\"woocommerce-Price-amount amount\"><bdi>23,79&nbsp;<span class=\"woocommerce-Price-currencySymbol\">&euro;<\/span><\/bdi><\/span><\/span><\/span>\n\n<div class=\"product-info-container\"><\/div><div class=\"mark-container\"><\/div><a class=\"btn\" tabindex=\"0\" title=\"Auf die Wunschliste\" data-text-add=\"Auf die Wunschliste\" data-text-remove=\"Entfernen\" data-wishlist=\"4295\">Auf die Wunschliste<\/a>\n\n\n\t<p class=\"wc-gzd-additional-info wc-gzd-additional-info-loop tax-info\">inkl. 19 % MwSt.<\/p>\n\n\n\n<a href=\"https:\/\/www.laminierfolien.de\/shop\/produkt\/laminierfolien-din-a3-303-x-426-mm\/?attribute_pa_format=din-a3-glaenzend&#038;attribute_pa_staerke=250-mic-2x125&#038;attribute_pa_zusatz=din-a3-rahmenformat&#038;variation_id=4295&#038;add-to-cart=3736\" aria-describedby=\"woocommerce_loop_add_to_cart_link_describedby_4295\" data-quantity=\"1\" class=\"button product_type_variation add_to_cart_button ajax_add_to_cart\" data-product_id=\"4295\" data-product_sku=\"\" aria-label=\"In den Warenkorb legen: \u201eDIN A3 | Gl\u00e4nzend 250 Mic (2x125) | Rahmenformat\u201c\" rel=\"nofollow\" data-success_message=\"\u201eDIN A3 | Gl\u00e4nzend 250 Mic (2x125) | Rahmenformat\u201c wurde Ihrem Warenkorb hinzugef\u00fcgt\" data-product-name=\"DIN A3 | Gl\u00e4nzend 250 Mic (2x125) | Rahmenformat\" title=\"In den Warenkorb legen: \u201eDIN A3 | Gl\u00e4nzend 250 Mic (2x125) | Rahmenformat\u201c\" role=\"button\">In den Warenkorb<\/a>\t<span id=\"woocommerce_loop_add_to_cart_link_describedby_4295\" class=\"screen-reader-text\">\n\t\t\t<\/span>\n<\/li>\n<\/ul><button data-loadmore data-typ=\"product\" data-query=\"{'_in':[],'_taxs':[222,224,226,225]}\" data-per-page=\"4\" data-page=\"2\" class=\"btn btn-line weight-bold icon icon-after-arrow-down margin-bottom\">Mehr laden<\/button>        <\/div>\n      \n    <\/div>\n  <\/div>\n\n\n\n    \n        \n    \n    \n    \n    <div class=\" et-inhalt-50-50 bg-light space\">\n        <div class=\"row   default-stretch \">\n\n            <h2 class=\"col align-left\">Kr\u00fcger Laminiertechnik steht f\u00fcr Know-How und Qualit\u00e4t  <span class=\"subline\"><\/span><\/h2>            \n                            <div class=\"col large-6 \">\n                                            <p><strong>laminierfolien.de &#8211; der ideale Schutz wichtiger Dokumente<\/strong> <br \/>Sie m\u00f6chten Ihre unternehmensinternen Materialien, wie Prospekte, Flyer und Kataloge, ansprechend pr\u00e4sentieren? Dann ist die Laminierung eine sehr gute und preiswerte M\u00f6glichkeit. Aber auch zum Schutz wichtiger Dokumente, Fotos oder Farbausdrucke eignet sich dieses Verfahren wunderbar. So bleiben Ihre Speisekarten, Warnhinweise, Schaltpl\u00e4ne oder Bedienungsanleitungen lange Zeit ansehnlich und nutzbar.<\/p>\n                                                                                                                        \n                                                            <\/div>\n                                        <div class=\"col large-6 \">\n                                            <p><strong>Hervorragende Qualit\u00e4t zum attraktiven Preis<\/strong> <br \/>Seit mehr als 20 Jahren sind wir im Bereich der Laminiertechnik t\u00e4tig. Mit unseren erstklassigen Produkten wollen wir Ihnen den Laminiervorgang so einfach und effizient wie m\u00f6glich gestalten. Das herausragende Ergebnis, die hervorragende Funktionalit\u00e4t und die ausgezeichnete Farbbrillanz bei laminierfolien.de werden Sie garantiert begeistern. Wir legen au\u00dferdem viel Wert darauf, unsere hochwertigen Produkte zu einem attraktiven Preis anzubieten.<\/p>\n                                                                                                                        \n                                                            <\/div>\n                    <\/div>\n    <\/div>\n\n\n\n    \n    \n        \n    \n    <div class=\" et-inhalt-33-66 bg-light space\">\n        <div class=\"row  et-inhalt-33-66 default-reverse default-stretch \">\n        \n            \n                            <div class=\"col large-4 \">\n                                            <p><strong>Ausgezeichneter Service liegt uns sehr am Herzen<\/strong> <br \/>Mit Freude stehen wir von laminierfolien.de, unseren Kunden mit einer kompetenten und fachm\u00e4nnischen Beratung zur Seite. Eine schnelle Lieferung und sichere Zahlungsmethoden komplettieren unseren umfassenden Service<\/p>\n                                                                                                                        \n                                                            <\/div>\n                                        <div class=\"col large-8 \">\n                                            <p><strong>F\u00fcr jedes Projekt die richtige Laminiertechnik <\/strong><br \/>Bei laminierfolien.de finden Sie ausschlie\u00dflich Produkte von bester Qualit\u00e4t, wie Laminierfolien in vielen Gr\u00f6\u00dfen, Laminierrollen in mehreren Breiten, Laminierger\u00e4te bekannter Markenhersteller und viel hilfreiches Zubeh\u00f6r. Egal, ob Sie klare, matte, selbstklebende oder Folien mit UV-Schutz suchen, im Onlineshop von laminierfolien.de werden Sie garantiert das Passende f\u00fcr Ihre Projekte finden. Unser Angebot an qualitativ hochwertigen Laminierger\u00e4ten richtet sich einerseits an Hobby-Bastler und Heimb\u00fcros, andererseits haben wir aber auch Laminierger\u00e4te f\u00fcr B\u00fcros oder f\u00fcr den professionellen Einsatz in unserem Sortiment.<\/p>\n                                                                                                                        \n                                                            <\/div>\n                    <\/div>\n    <\/div>\n\n\n\n\n  \n    \n  \n  <div class=\" et-inhalt-100 bg-dark space\">\n    <div class=\"row\">\n\n      \n              <div class=\"col\">\n          <div class=\"defaultContentContainer\">          <div class=\"teaser-container paddingTop\">\n<div class=\"row slider-mobile\">\n<div class=\"col small-6 large-4 giant-3\"><a class=\"box-teaser\" title=\"Laminierrollen online kaufen | der Online-Shop f\u00fcr Laminiertechnik\" href=\"\/shop\/produkt-kategorie\/laminierrollen\/\"><span class=\"first\"><\/span><\/p>\n<div class=\"inner\"><span class=\"headline\">Laminierrollen<\/span><span class=\"text\">Unsere Laminierrollen sch\u00fctzen optimal wichtige Dokumente, Speisekarten, Fotos und mehr.<\/span><\/div>\n<p><\/a><\/div>\n<div class=\"col small-6 large-4 giant-3\"><a class=\"second box-teaser\" title=\"Laminierfolien online kaufen | Online-Shop f\u00fcr Laminiertechnik\" href=\"\/shop\/produkt-kategorie\/laminierfolien\/\"><span class=\"second\"><\/span><\/p>\n<div class=\"inner\"><span class=\"headline\">Laminierfolien<\/span><span class=\"text\">Matte bzw. satinierte Laminierfolien sind sehr praktisch, da sie sich ohne Probleme beschriften lassen.<\/span><\/div>\n<p><\/a><\/div>\n<div class=\"col small-6 large-4 giant-3\"><a class=\"third box-teaser\" title=\"Laminierger\u00e4t online kaufen | Laminatoren und mehr bei Kr\u00fcger\" href=\"\/shop\/produkt-kategorie\/laminiergeraete\/\"><span class=\"third\"><\/span><\/p>\n<div class=\"inner\"><span class=\"headline\">Laminierger\u00e4te<\/span><span class=\"text\">Entdecken Sie in dieser Kategorie unsere tollen Laminierger\u00e4te f\u00fcr den Heim- und B\u00fcrobedarf.<\/span><\/div>\n<p><\/a><\/div>\n<div class=\"col small-6 large-4 giant-3\"><a class=\"fourth box-teaser\" title=\"Rollenlaminator kaufen | Online-Shop f\u00fcr Laminierger\u00e4te\" href=\"\/shop\/produkt-kategorie\/rollenlaminatoren\/\"><span class=\"fourth\"><\/span><\/p>\n<div class=\"inner\"><span class=\"headline\">Rollenlaminatoren<\/span><span class=\"text\">Pr\u00e4zision, Stabilit\u00e4t und universelle Einsetzbarkeit kennzeichnen unsere Laminatoren.<\/span><\/div>\n<p><\/a><\/div>\n<\/div>\n<div class=\"swipey\"><i class=\"icon icon-swipe\"><\/i><\/p>\n<div id=\"swipe\"><\/div>\n<\/div>\n<\/div>\n                                                  \n                    <\/div>        <\/div>\n          <\/div>\n  <\/div>\n\n","protected":false},"excerpt":{"rendered":"","protected":false},"author":1,"featured_media":0,"parent":0,"menu_order":0,"comment_status":"closed","ping_status":"closed","template":"","meta":{"footnotes":""},"class_list":["post-864","page","type-page","status-publish","hentry"],"acf":[],"_links":{"self":[{"href":"https:\/\/www.laminierfolien.de\/shop\/wp-json\/wp\/v2\/pages\/864","targetHints":{"allow":["GET"]}}],"collection":[{"href":"https:\/\/www.laminierfolien.de\/shop\/wp-json\/wp\/v2\/pages"}],"about":[{"href":"https:\/\/www.laminierfolien.de\/shop\/wp-json\/wp\/v2\/types\/page"}],"author":[{"embeddable":true,"href":"https:\/\/www.laminierfolien.de\/shop\/wp-json\/wp\/v2\/users\/1"}],"replies":[{"embeddable":true,"href":"https:\/\/www.laminierfolien.de\/shop\/wp-json\/wp\/v2\/comments?post=864"}],"version-history":[{"count":5,"href":"https:\/\/www.laminierfolien.de\/shop\/wp-json\/wp\/v2\/pages\/864\/revisions"}],"predecessor-version":[{"id":4449,"href":"https:\/\/www.laminierfolien.de\/shop\/wp-json\/wp\/v2\/pages\/864\/revisions\/4449"}],"wp:attachment":[{"href":"https:\/\/www.laminierfolien.de\/shop\/wp-json\/wp\/v2\/media?parent=864"}],"curies":[{"name":"wp","href":"https:\/\/api.w.org\/{rel}","templated":true}]}}