{"id":3664,"date":"2024-01-23T10:39:44","date_gmt":"2024-01-23T09:39:44","guid":{"rendered":"https:\/\/www.laminierfolien.de\/shop\/?page_id=3664"},"modified":"2025-11-19T09:37:44","modified_gmt":"2025-11-19T08:37:44","slug":"laminierservice","status":"publish","type":"page","link":"https:\/\/www.laminierfolien.de\/shop\/laminierservice\/","title":{"rendered":"Laminierservice"},"content":{"rendered":"    \n        \n    \n    \n    \n    <div class=\" et-inhalt-50-50 bg-light space\">\n        <div class=\"row   default-stretch \">\n\n            <h1 class=\"col align-left\">Ihr Experte f\u00fcr professionellen Laminierservice  <span class=\"subline\">Kr\u00fcger Laminiertechnik<\/span><\/h1>            \n                            <div class=\"col large-6 \">\n                                            <p>Kr\u00fcger Laminiertechnik ist Ihr verl\u00e4sslicher Partner f\u00fcr professionelle Laminierdienstleistungen. Seit Jahren setzen wir Ma\u00dfst\u00e4be in Sachen Geschwindigkeit, Flexibilit\u00e4t und Qualit\u00e4t. Unsere hochmodernen Hochleistungsmaschinen, kombiniert mit Fachexperten, garantieren eine schnelle und erstklassige Verarbeitung, selbst bei hohen Druckauflagen.<\/p>\n                                                                                                                        \n                                                            <\/div>\n                                        <div class=\"col large-6 \">\n                                            <p>Entdecken Sie die Vielseitigkeit unseres Laminierservices, die Vorteile der Laminierung und nutzen Sie unsere spezialisierten Dienstleistungen wie Kaschierung und Schneid\/Wickelservice. Verleihen Sie Ihren Dokumenten Brillanz, Schutz und ein einzigartiges Erscheinungsbild \u2013 besuchen Sie jetzt unseren <a href=\"\/shop\/alle-kategorien\/\">Online-Shop<\/a>!<\/p>\n                                                                                                                        \n                                                            <\/div>\n                    <\/div>\n    <\/div>\n\n\n\n    \n        \n\n    \n    \n    \n    \n        \n    \n   \n    <div class=\" et-inhalt-25-25-25-25 bg-light space\">\n        <div class=\"row default-stretch \">\n        \n            \n                            <div class=\"col large-3\">\n                                            <p><strong>Geschwindigkeit und Flexibilit\u00e4t:<\/strong><\/p>\n<ul>\n<li>Bis zu 70.000 Laminierungen in DIN A4 pro Tag<\/li>\n<li>Vollautomatische Laminierstra\u00dfen f\u00fcr millimetergenaue und identische Versiegelung<\/li>\n<li>Flexible Anpassung an individuelle Bed\u00fcrfnisse, Formate, Lochr\u00e4nder, \u00d6hsen, abgerundete Ecken<\/li>\n<\/ul>\n                                                                                                                        \n                                                            <\/div>\n                                        <div class=\"col large-3\">\n                                            <p><strong>Vorteile unseres Laminierservices:<\/strong><\/p>\n<ul>\n<li>Schutz vor Abnutzung, Schmutz und Feuchtigkeit<\/li>\n<li>Brillante Farbwiedergabe und ansprechende Haptik<\/li>\n<li>Einzigartiges Erscheinungsbild f\u00fcr widerstandsf\u00e4hige Dokumente<\/li>\n<li>Fachm\u00e4nnische Bearbeitung, damit Sie sich auf das Wesentliche konzentrieren k\u00f6nnen<\/li>\n<\/ul>\n                                                                                                                        \n                                                            <\/div>\n                                        <div class=\"col large-3\">\n                                            <p><strong>Vielseitiges Laminiergut:<\/strong><\/p>\n<ul>\n<li>Erfahrung mit verschiedenen Dokumenten, von Fahrpl\u00e4nen bis zu Informationsbrosch\u00fcren<\/li>\n<li>Professionelle Veredelungsdienste f\u00fcr unterschiedlichste Anforderungen<\/li>\n<\/ul>\n                                                                                                                        \n                                                            <\/div>\n                                        <div class=\"col large-3\">\n                                            <p><strong>Kaschier- und Schneid\/Wickelservice:<\/strong><\/p>\n<ul>\n<li>Kaschier-Service f\u00fcr Ausstellungen oder Planungstafeln<\/li>\n<li>Umfassender Schneid- und Wickelservice mit modernen Hochleistungsanlagen<\/li>\n<\/ul>\n                                                                                                                        \n                                                            <\/div>\n                    <\/div>\n    <\/div>\n\n\n\n    \n        \n    \n    \n    \n    <div class=\" et-inhalt-50-50 bg-medium space\">\n        <div class=\"row   default-stretch \">\n\n            <h2 class=\"col align-left\">Nutzen Sie unseren professionellen Laminier-Service und profitieren Sie von:  <span class=\"subline\"><\/span><\/h2>            \n                            <div class=\"col large-6 \">\n                                            <ul>\n<li>Schnelligkeit<\/li>\n<li>Flexibilit\u00e4t<\/li>\n<li>Expertise<\/li>\n<li>Qualitativer Abwicklung<\/li>\n<\/ul>\n<p><em>Fordern Sie jetzt Ihr individuelles Angebot an! Sie haben Fragen? Werfen Sie einen Blick in unser <a href=\"\/..\/laminierlexikon\">Laminierlexikon<\/a>, unsere <a href=\"\/kundenservice\/haeufig-gestellte-fragen\" data-cke-saved-href=\"#H\u00e4ufig gestellte Fragen\">FAQ <\/a>oder <a href=\"\/kundenservice\/kontakt\/\" data-cke-saved-href=\"#Kontakt\">kontaktieren Sie uns<\/a> einfach pers\u00f6nlich.<\/em><\/p>\n                                                                                                                        \n                                                            <\/div>\n                                        <div class=\"col large-6 \">\n                                                                                                                                                                    \n                                                            <\/div>\n                    <\/div>\n    <\/div>\n\n","protected":false},"excerpt":{"rendered":"","protected":false},"author":1,"featured_media":0,"parent":0,"menu_order":0,"comment_status":"closed","ping_status":"closed","template":"","meta":{"footnotes":""},"class_list":["post-3664","page","type-page","status-publish","hentry"],"acf":[],"_links":{"self":[{"href":"https:\/\/www.laminierfolien.de\/shop\/wp-json\/wp\/v2\/pages\/3664","targetHints":{"allow":["GET"]}}],"collection":[{"href":"https:\/\/www.laminierfolien.de\/shop\/wp-json\/wp\/v2\/pages"}],"about":[{"href":"https:\/\/www.laminierfolien.de\/shop\/wp-json\/wp\/v2\/types\/page"}],"author":[{"embeddable":true,"href":"https:\/\/www.laminierfolien.de\/shop\/wp-json\/wp\/v2\/users\/1"}],"replies":[{"embeddable":true,"href":"https:\/\/www.laminierfolien.de\/shop\/wp-json\/wp\/v2\/comments?post=3664"}],"version-history":[{"count":4,"href":"https:\/\/www.laminierfolien.de\/shop\/wp-json\/wp\/v2\/pages\/3664\/revisions"}],"predecessor-version":[{"id":4438,"href":"https:\/\/www.laminierfolien.de\/shop\/wp-json\/wp\/v2\/pages\/3664\/revisions\/4438"}],"wp:attachment":[{"href":"https:\/\/www.laminierfolien.de\/shop\/wp-json\/wp\/v2\/media?parent=3664"}],"curies":[{"name":"wp","href":"https:\/\/api.w.org\/{rel}","templated":true}]}}